{"id":343,"date":"2018-03-19T08:49:47","date_gmt":"2018-03-19T08:49:47","guid":{"rendered":"http:\/\/yourprivatediamondbroker.com\/how-we-work\/"},"modified":"2018-09-18T08:46:37","modified_gmt":"2018-09-18T08:46:37","slug":"how-we-work","status":"publish","type":"page","link":"https:\/\/yourprivatediamondbroker.com\/es\/how-we-work\/","title":{"rendered":"C\u00f3mo trabajamos"},"content":{"rendered":"<p><section   class=\"fw-main-row  auto  fw-section-position-back\"    >\n\t\t\t<div class=\"fw-container\" >\n\t\t<div class=\"fw-row\">\n\t<div id=\"column-69e178ef7a877\" class=\"fw-col-sm-12 tf-sh-87fe0d46c91f0770b72d21a58d04a0e0\" >\n\t<div class=\"fw-wrap-col-inner clearfix  \"   >\n\t\t\t\t<div class=\"fw-col-inner\">\n\t\t\t<div class=\"fw-divider-space  fw-custom-space  clearfix\" style=\"height:120px;\" ><\/div>\t\t<\/div>\n\t<\/div>\n<\/div><\/div>\n\n\t<\/div>\n\t<\/section><section   class=\"fw-main-row-custom  fw-section-height-custom  fw-section-position-back tf-sh-78456866db67944166e2f7168d5b412c header-image\"  style=\" background-color:#a5a59b; height: 200px;\"  >\n\t\t\t<div class=\"fw-container-fluid\" >\n\t\t<div class=\"fw-row\">\n\t<div id=\"column-69e178ef7aaa7\" class=\"fw-col-sm-12 tf-sh-d7ff857134ae7f81efed2128a632fd22\" >\n\t<div class=\"fw-wrap-col-inner clearfix  \"   >\n\t\t\t\t<div class=\"fw-col-inner\">\n\t\t\t<div class=\"fw-divider-space  fw-custom-space  clearfix\" style=\"height:51px;\" ><\/div><div class=\"fw-heading fw-heading-center  tf-sh-04bbd199bc90500ef21fb58bb9318641\" >\n\t\t\t<h1 class=\"fw-special-title\">C\u00f3mo trabajamos<\/h1>\n\t\n\t\n\t<\/div>\t\t<\/div>\n\t<\/div>\n<\/div><\/div>\n\n\t<\/div>\n\t<\/section><section   class=\"fw-main-row-custom  auto  fw-section-position-back tf-sh-b32f647af61168aea0b6fab9c5bf1ebd\"    >\n\t\t\t<div class=\"fw-container\" >\n\t\t<div class=\"fw-row\">\n\t<div id=\"column-69e178ef7add7\" class=\"fw-col-sm-12 tf-sh-87fe0d46c91f0770b72d21a58d04a0e0\" >\n\t<div class=\"fw-wrap-col-inner clearfix  \"   >\n\t\t\t\t<div class=\"fw-col-inner\">\n\t\t\t<div class=\"fw-heading fw-heading-center  tf-sh-6dd92ac651eeb46925e88cf436fd1b1a\" >\n\t\t\t<h2 class=\"fw-special-title\">La experiencia superior<\/h2>\n\t\n\t\n\t<\/div>\t\t<\/div>\n\t<\/div>\n<\/div><\/div>\n\n<div class=\"fw-row\">\n\t<div id=\"column-69e178ef7af17\" class=\"fw-col-sm-12 tf-sh-87fe0d46c91f0770b72d21a58d04a0e0\" >\n\t<div class=\"fw-wrap-col-inner clearfix  \"   >\n\t\t\t\t<div class=\"fw-col-inner\">\n\t\t\t<div class=\"fw-divider-space space-sm  clearfix\"  ><\/div>\t\t<\/div>\n\t<\/div>\n<\/div><\/div>\n\n<div class=\"fw-row\">\n\t<div id=\"column-69e178ef7affc\" class=\"fw-col-sm-3 tf-sh-ae2d8d5471de2178db25bbeaf4ef58d2\" >\n\t<div class=\"fw-wrap-col-inner clearfix  \"   >\n\t\t\t\t<div class=\"fw-col-inner\">\n\t\t\t<div class=\"fw-text-box tf-sh-53dd6762fc96a27a0018ddd978999c2b \" >\n\t<div class=\"fw-text-inner\">\n\t\t<h2 class=\"font_2\" style=\"text-align: center;\">FASE 1<\/h2>\n<p style=\"text-align: center;\"><strong>ELIJA SU DIAMANTE<\/strong><\/p>\n\t<\/div>\n<\/div>\t\t<\/div>\n\t<\/div>\n<\/div><div id=\"column-69e178ef7b0c7\" class=\"fw-col-sm-3 tf-sh-5f2d19a9bbf3b9b60fef954f8ab190a2\" >\n\t<div class=\"fw-wrap-col-inner clearfix  \"   >\n\t\t\t\t<div class=\"fw-col-inner\">\n\t\t\t<div class=\"fw-text-box tf-sh-4ae01acac166138b027df48203e73259 \" >\n\t<div class=\"fw-text-inner\">\n\t\t<h2 class=\"font_2\" style=\"text-align: center;\">FASE 2<\/h2>\n<p style=\"text-align: center;\"><strong>LO LOCALIZAMOS PARA USTED<\/strong><\/p>\n\t<\/div>\n<\/div>\t\t<\/div>\n\t<\/div>\n<\/div><div id=\"column-69e178ef7b179\" class=\"fw-col-sm-3 tf-sh-28e6ddbf95c3891d06160e0932c980a3\" >\n\t<div class=\"fw-wrap-col-inner clearfix  \"   >\n\t\t\t\t<div class=\"fw-col-inner\">\n\t\t\t<div class=\"fw-text-box tf-sh-be508335b80b8e5717892d93f10b897c \" >\n\t<div class=\"fw-text-inner\">\n\t\t<h2 class=\"font_2\" style=\"text-align: center;\">FASE 3<\/h2>\n<p style=\"text-align: center;\"><strong>VEN A INSPECCIONAR EL MONEDERO EN ANTWERP Y NEGOCIAR EL MEJOR PRECIO<\/strong><\/p>\n\t<\/div>\n<\/div>\t\t<\/div>\n\t<\/div>\n<\/div><div id=\"column-69e178ef7b226\" class=\"fw-col-sm-3 tf-sh-1d09b40126e53f639f727de6c2aefbc0\" >\n\t<div class=\"fw-wrap-col-inner clearfix  \"   >\n\t\t\t\t<div class=\"fw-col-inner\">\n\t\t\t<div class=\"fw-text-box tf-sh-053aeadcf74f930acb8bc3eb638011a8 \" >\n\t<div class=\"fw-text-inner\">\n\t\t<h2 class=\"font_2\" style=\"text-align: center;\">FASE 4<\/h2>\n<p style=\"text-align: center;\"><strong>ENVIAR O TOMAR SU DIAMANTE A SU HOGAR<\/strong><\/p>\n\t<\/div>\n<\/div>\t\t<\/div>\n\t<\/div>\n<\/div><\/div>\n\n\t<\/div>\n\t<\/section><section   class=\"fw-main-row-custom  auto fw-content-vertical-align-middle fw-section-position-back tf-sh-a8ed52c47f9b0bd2c2fdaf37dd69317f custom-section\"    >\n\t\t\t<div class=\"fw-container\" >\n\t\t<div class=\"fw-row\">\n\t<div id=\"column-69e178ef7b441\" class=\"fw-col-sm-6 tf-sh-0cad3ffa675db9cadb1ceafbc91235aa\" >\n\t<div class=\"fw-wrap-col-inner clearfix  \"   >\n\t\t\t\t<div class=\"fw-col-inner\">\n\t\t\t<div class=\"fw-text-box tf-sh-ac87cf878ee904342e7e2c72b140be87 \" >\n\t<div class=\"fw-text-inner\">\n\t\t<p><strong>Te invitamos a que vayas a Amberes y descubre las escenas del mundo de los diamantes.<\/strong><\/p>\n<p>Tan pronto como haya decidido qu\u00e9 diamante quiere comprar, nuestro primer trabajo es encontrar el mejor proveedor y cotizarle un precio. Si decide continuar, haremos una cita en la oficina del proveedor para que pueda inspeccionar la piedra y realizar el proceso de negociaci\u00f3n.<\/p>\n<p>Si se hace el trato y se liquida el pago, organizaremos todos los documentos necesarios para enviar el diamante al destino que elija o puede llev\u00e1rselo. No se aplicar\u00e1n cargos si el caso no est\u00e1 hecho.<\/p>\n<p>Para completar la experiencia, ofrecemos una visita de la bolsa\u00a0 de diamantes y un taller de lapidacion para que pueda ver a los h\u00e1biles artesanos en el trabajo.<\/p>\n\t<\/div>\n<\/div>\t\t<\/div>\n\t<\/div>\n<\/div><div id=\"column-69e178ef7b50a\" class=\"fw-col-sm-6 tf-sh-fa941bee1333287edacc0f0e79f02bc3  fw-col-no-padding\" >\n\t<div class=\"fw-wrap-col-inner clearfix  \"   >\n\t\t\t\t<div class=\"fw-col-inner\">\n\t\t\t    <!-- Radius Image -->\n            <div class=\"fw-block-image-parent  \"              style=\"width: 100%; \">\n            <div class=\"fw-block-image-child fw-ratio-3-4 fw-ratio-container\">\n                <meta property=\"og:image\" content=\"https:\/\/yourprivatediamondbroker.com\/wp-content\/uploads\/2018\/03\/Layer-281.png\" \/><noscript itemscope itemtype=\"https:\/\/schema.org\/ImageObject\" itemprop=\"image\"><img decoding=\"async\" src=\"https:\/\/yourprivatediamondbroker.com\/wp-content\/uploads\/2018\/03\/Layer-281.png\"  alt=\"Diamond cutters\" data-maxdpr=\"1.7\" class=\"lazyload\" \/><meta itemprop=\"url\" content=\"https:\/\/yourprivatediamondbroker.com\/wp-content\/uploads\/2018\/03\/Layer-281.png\"><meta itemprop=\"width\" content=\"471\"><meta itemprop=\"height\" content=\"620\"><\/noscript><img decoding=\"async\" src=\"data:image\/gif;base64,R0lGODlhAQABAIAAAAAAAP\/\/\/yH5BAEAAAAALAAAAAABAAEAAAIBRAA7\" data-sizes=\"auto\" data-srcset=\"https:\/\/yourprivatediamondbroker.com\/wp-content\/uploads\/2018\/03\/Layer-281-228x300.png 228w, https:\/\/yourprivatediamondbroker.com\/wp-content\/uploads\/2018\/03\/Layer-281-295x393.png 295w, https:\/\/yourprivatediamondbroker.com\/wp-content\/uploads\/2018\/03\/Layer-281.png 471w\"   alt=\"Diamond cutters\" data-maxdpr=\"1.7\" class=\"lazyload\" \/>                                            <\/div>\n        <\/div>\n    \t\t<\/div>\n\t<\/div>\n<\/div><\/div>\n\n<div class=\"fw-row\">\n\t<div id=\"column-69e178ef7b811\" class=\"fw-col-sm-12 tf-sh-87fe0d46c91f0770b72d21a58d04a0e0\" >\n\t<div class=\"fw-wrap-col-inner clearfix  \"   >\n\t\t\t\t<div class=\"fw-col-inner\">\n\t\t\t<div class=\"fw-divider-space  fw-custom-space  clearfix\" style=\"height:150px;\" ><\/div>\t\t<\/div>\n\t<\/div>\n<\/div><\/div>\n\n\t<\/div>\n\t<\/section><section   class=\"fw-main-row-custom  auto fw-content-vertical-align-middle fw-section-position-back tf-sh-fcb5509cb2a33f0cd1207b29661ecbe8 custom-section\"    >\n\t\t\t<div class=\"fw-container\" >\n\t\t<div class=\"fw-row\">\n\t<div id=\"column-69e178ef7ba36\" class=\"fw-col-sm-6 tf-sh-b26aae337a8249ef13f76d053bbaab2e  fw-col-no-padding\" >\n\t<div class=\"fw-wrap-col-inner clearfix  \"   >\n\t\t\t\t<div class=\"fw-col-inner\">\n\t\t\t    <!-- Radius Image -->\n            <div class=\"fw-block-image-parent ruimte \"              style=\"width: 100%; \">\n            <div class=\"fw-block-image-child fw-ratio-3-2 fw-ratio-container\">\n                <meta property=\"og:image\" content=\"https:\/\/yourprivatediamondbroker.com\/wp-content\/uploads\/2018\/06\/shutterstock_1044199870.jpg\" \/><noscript itemscope itemtype=\"https:\/\/schema.org\/ImageObject\" itemprop=\"image\"><img decoding=\"async\" src=\"https:\/\/yourprivatediamondbroker.com\/wp-content\/uploads\/2018\/06\/shutterstock_1044199870.jpg\"  alt=\"shutterstock_1044199870\" data-maxdpr=\"1.7\" class=\"lazyload\" \/><meta itemprop=\"url\" content=\"https:\/\/yourprivatediamondbroker.com\/wp-content\/uploads\/2018\/06\/shutterstock_1044199870.jpg\"><meta itemprop=\"width\" content=\"570\"><meta itemprop=\"height\" content=\"380\"><\/noscript><img decoding=\"async\" src=\"data:image\/gif;base64,R0lGODlhAQABAIAAAAAAAP\/\/\/yH5BAEAAAAALAAAAAABAAEAAAIBRAA7\" data-sizes=\"auto\" data-srcset=\"https:\/\/yourprivatediamondbroker.com\/wp-content\/uploads\/2018\/06\/shutterstock_1044199870-300x200.jpg 300w, https:\/\/yourprivatediamondbroker.com\/wp-content\/uploads\/2018\/06\/shutterstock_1044199870.jpg 570w\"   alt=\"shutterstock_1044199870\" data-maxdpr=\"1.7\" class=\"lazyload\" \/>                                            <\/div>\n        <\/div>\n    \t\t<\/div>\n\t<\/div>\n<\/div><div id=\"column-69e178ef7bc7b\" class=\"fw-col-sm-6 tf-sh-eaff43bc1012cbaf4b2d067fc00816be\" >\n\t<div class=\"fw-wrap-col-inner clearfix  \"   >\n\t\t\t\t<div class=\"fw-col-inner\">\n\t\t\t<div class=\"fw-text-box tf-sh-c65ca1c2dd333739a48ac62776baae1e \" >\n\t<div class=\"fw-text-inner\">\n\t\t<p>Adem\u00e1s de ser Amberes la capital mundial del diamante, tambi\u00e9n es una ciudad rica en historia con una energ\u00eda cultural, shopping y restaurantes que pueden rivalizar con las m\u00e1s grandes ciudades del mundo.<\/p>\n<p>Combine tambi\u00e9n su visita con la de Bruselas y Brujas haciendo que ser\u00e1 una experiencia inolvidable.<\/p>\n<p>La considerable econom\u00eda que realizar\u00eda utilizando nuestros servicios le cubrir\u00eda ampliamente los gastos de desplazamiento.<\/p>\n\t<\/div>\n<\/div>\t\t<\/div>\n\t<\/div>\n<\/div><\/div>\n\n<div class=\"fw-row\">\n\t<div id=\"column-69e178ef7bd83\" class=\"fw-col-sm-12 tf-sh-87fe0d46c91f0770b72d21a58d04a0e0\" >\n\t<div class=\"fw-wrap-col-inner clearfix  \"   >\n\t\t\t\t<div class=\"fw-col-inner\">\n\t\t\t<div class=\"fw-divider-space  fw-custom-space  clearfix\" style=\"height:120px;\" ><\/div>\t\t<\/div>\n\t<\/div>\n<\/div><\/div>\n\n\t<\/div>\n\t<\/section><section   class=\"fw-main-row-custom  auto  fw-section-position-back tf-sh-c7109ed03b20b16eb6d0c1540c5daf06\"    >\n\t\t\t<div class=\"fw-container\" >\n\t\t<div class=\"fw-row\">\n\t<div id=\"column-69e178ef7bf92\" class=\"fw-col-sm-12 tf-sh-87fe0d46c91f0770b72d21a58d04a0e0\" >\n\t<div class=\"fw-wrap-col-inner clearfix  \"   >\n\t\t\t\t<div class=\"fw-col-inner\">\n\t\t\t<div class=\"fw-heading fw-heading-center  tf-sh-5102620fa39b40b50c7282bdedb314a6\" >\n\t\t\t<h2 class=\"fw-special-title\">La experiencia tradicional<\/h2>\n\t\n\t\n\t<\/div>\t\t<\/div>\n\t<\/div>\n<\/div><\/div>\n\n<div class=\"fw-row\">\n\t<div id=\"column-69e178ef7c08b\" class=\"fw-col-sm-12 tf-sh-87fe0d46c91f0770b72d21a58d04a0e0\" >\n\t<div class=\"fw-wrap-col-inner clearfix  \"   >\n\t\t\t\t<div class=\"fw-col-inner\">\n\t\t\t<div class=\"fw-divider-space space-sm  clearfix\"  ><\/div>\t\t<\/div>\n\t<\/div>\n<\/div><\/div>\n\n<div class=\"fw-row\">\n\t<div id=\"column-69e178ef7c15b\" class=\"fw-col-sm-4 tf-sh-51892a5c7ccef5e3d865bef4fa6919ba\" >\n\t<div class=\"fw-wrap-col-inner clearfix  \"   >\n\t\t\t\t<div class=\"fw-col-inner\">\n\t\t\t<div class=\"fw-text-box tf-sh-67053f72bce72f0ff0afb094ffa1abb6 \" >\n\t<div class=\"fw-text-inner\">\n\t\t<h2 class=\"font_2\" style=\"text-align: center;\">FASE 1<\/h2>\n<p style=\"text-align: center;\"><strong>ELIJA SU DIAMANTE<\/strong><\/p>\n\t<\/div>\n<\/div>\t\t<\/div>\n\t<\/div>\n<\/div><div id=\"column-69e178ef7c21b\" class=\"fw-col-sm-4 tf-sh-776e626da9e18940888777960685ef29\" >\n\t<div class=\"fw-wrap-col-inner clearfix  \"   >\n\t\t\t\t<div class=\"fw-col-inner\">\n\t\t\t<div class=\"fw-text-box tf-sh-509c383aa44810f101c6b9352f8f46fc \" >\n\t<div class=\"fw-text-inner\">\n\t\t<h2 class=\"font_2\" style=\"text-align: center;\">FASE 2<\/h2>\n<p style=\"text-align: center;\"><strong>LO LOCALIZAMOS PARA USTED<\/strong><\/p>\n\t<\/div>\n<\/div>\t\t<\/div>\n\t<\/div>\n<\/div><div id=\"column-69e178ef7c2cb\" class=\"fw-col-sm-4 tf-sh-8bcb7c816248ef1cda24de23463428d4\" >\n\t<div class=\"fw-wrap-col-inner clearfix  \"   >\n\t\t\t\t<div class=\"fw-col-inner\">\n\t\t\t<div class=\"fw-text-box tf-sh-1f996fcf2d6fa8b4127a16bd4f05d32b \" >\n\t<div class=\"fw-text-inner\">\n\t\t<h2 class=\"font_2\" style=\"text-align: center;\">FASE 3<\/h2>\n<p style=\"text-align: center;\"><strong>ENVIAR O TOMAR SU DIAMANTE A SU HOGAR<\/strong><\/p>\n\t<\/div>\n<\/div>\t\t<\/div>\n\t<\/div>\n<\/div><\/div>\n\n\t<\/div>\n\t<\/section><section   class=\"fw-main-row-custom  auto fw-content-vertical-align-middle fw-section-position-back tf-sh-035f4bd01784b73e50f521bb7a7ce68e custom-section\"    >\n\t\t\t<div class=\"fw-container\" >\n\t\t<div class=\"fw-row\">\n\t<div id=\"column-69e178ef7c4ce\" class=\"fw-col-sm-6 tf-sh-37856307825cae29a8617aaa204fee36\" >\n\t<div class=\"fw-wrap-col-inner clearfix  \"   >\n\t\t\t\t<div class=\"fw-col-inner\">\n\t\t\t<div class=\"fw-text-box tf-sh-d4215e3731c4f513700d5fff7c07f87f \" >\n\t<div class=\"fw-text-inner\">\n\t\t<p class=\"font_7\"><strong>LA EXPERIENCIA TRADICIONAL<\/strong><\/p>\n<p>Si no tiene la posibilidad de desplazarse a Amberes, o prefiere hacer su adquisici\u00f3n en Tel-Aviv, Nueva York o Hong Kong con mucho placer les asistir\u00e1 nuestro socio local.<\/p>\n<p>Por supuesto, tambi\u00e9n podemos ocuparnos de todo el proceso mientras usted se queda tranquilamente en su casa. La tecnolog\u00eda moderna permite hacer perfectas fotograf\u00edas de su diamante en 3D.<\/p>\n\t<\/div>\n<\/div>\t\t<\/div>\n\t<\/div>\n<\/div><div id=\"column-69e178ef7c5d0\" class=\"fw-col-sm-6 tf-sh-5593063803636fc743f7cf9add9dd8aa  fw-col-no-padding\" >\n\t<div class=\"fw-wrap-col-inner clearfix  \"   >\n\t\t\t\t<div class=\"fw-col-inner\">\n\t\t\t    <!-- Radius Image -->\n            <div class=\"fw-block-image-parent  \"              style=\"width: 100%; \">\n            <div class=\"fw-block-image-child fw-noratio fw-ratio-container\">\n                <meta property=\"og:image\" content=\"https:\/\/yourprivatediamondbroker.com\/wp-content\/uploads\/2018\/03\/Layer-22-e1536754131856.png\" \/><noscript itemscope itemtype=\"https:\/\/schema.org\/ImageObject\" itemprop=\"image\"><img decoding=\"async\" src=\"https:\/\/yourprivatediamondbroker.com\/wp-content\/uploads\/2018\/03\/Layer-22-e1536754131856.png\"  alt=\"Layer-22\" data-maxdpr=\"1.7\" class=\"lazyload\" \/><meta itemprop=\"url\" content=\"https:\/\/yourprivatediamondbroker.com\/wp-content\/uploads\/2018\/03\/Layer-22-e1536754131856.png\"><meta itemprop=\"width\" content=\"889\"><meta itemprop=\"height\" content=\"841\"><\/noscript><img decoding=\"async\" src=\"data:image\/gif;base64,R0lGODlhAQABAIAAAAAAAP\/\/\/yH5BAEAAAAALAAAAAABAAEAAAIBRAA7\" data-sizes=\"auto\" data-srcset=\"https:\/\/yourprivatediamondbroker.com\/wp-content\/uploads\/2018\/03\/Layer-22-e1536754131856.png\"   alt=\"Layer-22\" data-maxdpr=\"1.7\" class=\"lazyload\" \/><span class=\"fw-after-no-ratio\" style=\"padding-bottom: 94.600674915636%\"><\/span>                                            <\/div>\n        <\/div>\n    \t\t<\/div>\n\t<\/div>\n<\/div><\/div>\n\n\t<\/div>\n\t<\/section><section   class=\"fw-main-row  auto  fw-section-position-back\"    >\n\t\t\t<div class=\"fw-container\" >\n\t\t<div class=\"fw-row\">\n\t<div id=\"column-69e178ef7c977\" class=\"fw-col-sm-12 tf-sh-87fe0d46c91f0770b72d21a58d04a0e0\" >\n\t<div class=\"fw-wrap-col-inner clearfix  \"   >\n\t\t\t\t<div class=\"fw-col-inner\">\n\t\t\t<div class=\"fw-divider-space  fw-custom-space  clearfix\" style=\"height:100px;\" ><\/div>\t\t<\/div>\n\t<\/div>\n<\/div><\/div>\n\n\t<\/div>\n\t<\/section><\/p>\n","protected":false},"excerpt":{"rendered":"<p>C\u00f3mo trabajamos La experiencia superior FASE 1 ELIJA SU DIAMANTE FASE 2 LO LOCALIZAMOS PARA USTED FASE 3 VEN A INSPECCIONAR EL MONEDERO EN ANTWERP Y NEGOCIAR EL MEJOR PRECIO FASE 4 ENVIAR O TOMAR SU DIAMANTE A SU HOGAR Te invitamos a que vayas a Amberes y descubre las escenas del mundo de los [&hellip;]<\/p>\n","protected":false},"author":1,"featured_media":0,"parent":0,"menu_order":0,"comment_status":"closed","ping_status":"closed","template":"visual-builder-template.php","meta":{"footnotes":""},"class_list":["post-343","page","type-page","status-publish","hentry"],"yoast_head":"<!-- This site is optimized with the Yoast SEO plugin v25.4 - https:\/\/yoast.com\/wordpress\/plugins\/seo\/ -->\n<title>C\u00f3mo trabajamos - Your Private Diamond Broker<\/title>\n<meta name=\"robots\" content=\"index, follow, max-snippet:-1, max-image-preview:large, max-video-preview:-1\" \/>\n<link rel=\"canonical\" href=\"https:\/\/yourprivatediamondbroker.com\/es\/how-we-work\/\" \/>\n<meta property=\"og:locale\" content=\"es_ES\" \/>\n<meta property=\"og:type\" content=\"article\" \/>\n<meta property=\"og:title\" content=\"C\u00f3mo trabajamos - Your Private Diamond Broker\" \/>\n<meta property=\"og:description\" content=\"C\u00f3mo trabajamos La experiencia superior FASE 1 ELIJA SU DIAMANTE FASE 2 LO LOCALIZAMOS PARA USTED FASE 3 VEN A INSPECCIONAR EL MONEDERO EN ANTWERP Y NEGOCIAR EL MEJOR PRECIO FASE 4 ENVIAR O TOMAR SU DIAMANTE A SU HOGAR Te invitamos a que vayas a Amberes y descubre las escenas del mundo de los [&hellip;]\" \/>\n<meta property=\"og:url\" content=\"https:\/\/yourprivatediamondbroker.com\/es\/how-we-work\/\" \/>\n<meta property=\"og:site_name\" content=\"Your Private Diamond Broker\" \/>\n<meta property=\"article:modified_time\" content=\"2018-09-18T08:46:37+00:00\" \/>\n<meta property=\"og:image\" content=\"http:\/\/yourprivatediamondbroker.com\/wp-content\/uploads\/2018\/03\/Layer-281.png\" \/>\n<meta name=\"twitter:card\" content=\"summary_large_image\" \/>\n<meta name=\"twitter:label1\" content=\"Tiempo de lectura\" \/>\n\t<meta name=\"twitter:data1\" content=\"4 minutos\" \/>\n<script type=\"application\/ld+json\" class=\"yoast-schema-graph\">{\"@context\":\"https:\/\/schema.org\",\"@graph\":[{\"@type\":\"WebPage\",\"@id\":\"https:\/\/yourprivatediamondbroker.com\/es\/how-we-work\/\",\"url\":\"https:\/\/yourprivatediamondbroker.com\/es\/how-we-work\/\",\"name\":\"C\u00f3mo trabajamos - Your Private Diamond Broker\",\"isPartOf\":{\"@id\":\"https:\/\/yourprivatediamondbroker.com\/#website\"},\"primaryImageOfPage\":{\"@id\":\"https:\/\/yourprivatediamondbroker.com\/es\/how-we-work\/#primaryimage\"},\"image\":{\"@id\":\"https:\/\/yourprivatediamondbroker.com\/es\/how-we-work\/#primaryimage\"},\"thumbnailUrl\":\"http:\/\/yourprivatediamondbroker.com\/wp-content\/uploads\/2018\/03\/Layer-281.png\",\"datePublished\":\"2018-03-19T08:49:47+00:00\",\"dateModified\":\"2018-09-18T08:46:37+00:00\",\"breadcrumb\":{\"@id\":\"https:\/\/yourprivatediamondbroker.com\/es\/how-we-work\/#breadcrumb\"},\"inLanguage\":\"es\",\"potentialAction\":[{\"@type\":\"ReadAction\",\"target\":[\"https:\/\/yourprivatediamondbroker.com\/es\/how-we-work\/\"]}]},{\"@type\":\"ImageObject\",\"inLanguage\":\"es\",\"@id\":\"https:\/\/yourprivatediamondbroker.com\/es\/how-we-work\/#primaryimage\",\"url\":\"http:\/\/yourprivatediamondbroker.com\/wp-content\/uploads\/2018\/03\/Layer-281.png\",\"contentUrl\":\"http:\/\/yourprivatediamondbroker.com\/wp-content\/uploads\/2018\/03\/Layer-281.png\"},{\"@type\":\"BreadcrumbList\",\"@id\":\"https:\/\/yourprivatediamondbroker.com\/es\/how-we-work\/#breadcrumb\",\"itemListElement\":[{\"@type\":\"ListItem\",\"position\":1,\"name\":\"Home\",\"item\":\"https:\/\/yourprivatediamondbroker.com\/es\/\"},{\"@type\":\"ListItem\",\"position\":2,\"name\":\"C\u00f3mo trabajamos\"}]},{\"@type\":\"WebSite\",\"@id\":\"https:\/\/yourprivatediamondbroker.com\/#website\",\"url\":\"https:\/\/yourprivatediamondbroker.com\/\",\"name\":\"Your Private Diamond Broker\",\"description\":\"Find the perfect diamond\",\"potentialAction\":[{\"@type\":\"SearchAction\",\"target\":{\"@type\":\"EntryPoint\",\"urlTemplate\":\"https:\/\/yourprivatediamondbroker.com\/?s={search_term_string}\"},\"query-input\":{\"@type\":\"PropertyValueSpecification\",\"valueRequired\":true,\"valueName\":\"search_term_string\"}}],\"inLanguage\":\"es\"}]}<\/script>\n<!-- \/ Yoast SEO plugin. -->","yoast_head_json":{"title":"C\u00f3mo trabajamos - Your Private Diamond Broker","robots":{"index":"index","follow":"follow","max-snippet":"max-snippet:-1","max-image-preview":"max-image-preview:large","max-video-preview":"max-video-preview:-1"},"canonical":"https:\/\/yourprivatediamondbroker.com\/es\/how-we-work\/","og_locale":"es_ES","og_type":"article","og_title":"C\u00f3mo trabajamos - Your Private Diamond Broker","og_description":"C\u00f3mo trabajamos La experiencia superior FASE 1 ELIJA SU DIAMANTE FASE 2 LO LOCALIZAMOS PARA USTED FASE 3 VEN A INSPECCIONAR EL MONEDERO EN ANTWERP Y NEGOCIAR EL MEJOR PRECIO FASE 4 ENVIAR O TOMAR SU DIAMANTE A SU HOGAR Te invitamos a que vayas a Amberes y descubre las escenas del mundo de los [&hellip;]","og_url":"https:\/\/yourprivatediamondbroker.com\/es\/how-we-work\/","og_site_name":"Your Private Diamond Broker","article_modified_time":"2018-09-18T08:46:37+00:00","og_image":[{"url":"http:\/\/yourprivatediamondbroker.com\/wp-content\/uploads\/2018\/03\/Layer-281.png","type":"","width":"","height":""}],"twitter_card":"summary_large_image","twitter_misc":{"Tiempo de lectura":"4 minutos"},"schema":{"@context":"https:\/\/schema.org","@graph":[{"@type":"WebPage","@id":"https:\/\/yourprivatediamondbroker.com\/es\/how-we-work\/","url":"https:\/\/yourprivatediamondbroker.com\/es\/how-we-work\/","name":"C\u00f3mo trabajamos - Your Private Diamond Broker","isPartOf":{"@id":"https:\/\/yourprivatediamondbroker.com\/#website"},"primaryImageOfPage":{"@id":"https:\/\/yourprivatediamondbroker.com\/es\/how-we-work\/#primaryimage"},"image":{"@id":"https:\/\/yourprivatediamondbroker.com\/es\/how-we-work\/#primaryimage"},"thumbnailUrl":"http:\/\/yourprivatediamondbroker.com\/wp-content\/uploads\/2018\/03\/Layer-281.png","datePublished":"2018-03-19T08:49:47+00:00","dateModified":"2018-09-18T08:46:37+00:00","breadcrumb":{"@id":"https:\/\/yourprivatediamondbroker.com\/es\/how-we-work\/#breadcrumb"},"inLanguage":"es","potentialAction":[{"@type":"ReadAction","target":["https:\/\/yourprivatediamondbroker.com\/es\/how-we-work\/"]}]},{"@type":"ImageObject","inLanguage":"es","@id":"https:\/\/yourprivatediamondbroker.com\/es\/how-we-work\/#primaryimage","url":"http:\/\/yourprivatediamondbroker.com\/wp-content\/uploads\/2018\/03\/Layer-281.png","contentUrl":"http:\/\/yourprivatediamondbroker.com\/wp-content\/uploads\/2018\/03\/Layer-281.png"},{"@type":"BreadcrumbList","@id":"https:\/\/yourprivatediamondbroker.com\/es\/how-we-work\/#breadcrumb","itemListElement":[{"@type":"ListItem","position":1,"name":"Home","item":"https:\/\/yourprivatediamondbroker.com\/es\/"},{"@type":"ListItem","position":2,"name":"C\u00f3mo trabajamos"}]},{"@type":"WebSite","@id":"https:\/\/yourprivatediamondbroker.com\/#website","url":"https:\/\/yourprivatediamondbroker.com\/","name":"Your Private Diamond Broker","description":"Find the perfect diamond","potentialAction":[{"@type":"SearchAction","target":{"@type":"EntryPoint","urlTemplate":"https:\/\/yourprivatediamondbroker.com\/?s={search_term_string}"},"query-input":{"@type":"PropertyValueSpecification","valueRequired":true,"valueName":"search_term_string"}}],"inLanguage":"es"}]}},"_links":{"self":[{"href":"https:\/\/yourprivatediamondbroker.com\/es\/wp-json\/wp\/v2\/pages\/343","targetHints":{"allow":["GET"]}}],"collection":[{"href":"https:\/\/yourprivatediamondbroker.com\/es\/wp-json\/wp\/v2\/pages"}],"about":[{"href":"https:\/\/yourprivatediamondbroker.com\/es\/wp-json\/wp\/v2\/types\/page"}],"author":[{"embeddable":true,"href":"https:\/\/yourprivatediamondbroker.com\/es\/wp-json\/wp\/v2\/users\/1"}],"replies":[{"embeddable":true,"href":"https:\/\/yourprivatediamondbroker.com\/es\/wp-json\/wp\/v2\/comments?post=343"}],"version-history":[{"count":5,"href":"https:\/\/yourprivatediamondbroker.com\/es\/wp-json\/wp\/v2\/pages\/343\/revisions"}],"predecessor-version":[{"id":3308,"href":"https:\/\/yourprivatediamondbroker.com\/es\/wp-json\/wp\/v2\/pages\/343\/revisions\/3308"}],"wp:attachment":[{"href":"https:\/\/yourprivatediamondbroker.com\/es\/wp-json\/wp\/v2\/media?parent=343"}],"curies":[{"name":"wp","href":"https:\/\/api.w.org\/{rel}","templated":true}]}}