{"id":349,"date":"2018-03-19T08:49:17","date_gmt":"2018-03-19T08:49:17","guid":{"rendered":"http:\/\/yourprivatediamondbroker.com\/what-we-do\/"},"modified":"2018-09-24T09:14:30","modified_gmt":"2018-09-24T09:14:30","slug":"what-we-do","status":"publish","type":"page","link":"https:\/\/yourprivatediamondbroker.com\/es\/what-we-do\/","title":{"rendered":"Qu\u00e9 hacemos"},"content":{"rendered":"<p><section   class=\"fw-main-row  auto  fw-section-position-back\"    >\n\t\t\t<div class=\"fw-container\" >\n\t\t<div class=\"fw-row\">\n\t<div id=\"column-69e185cf8daab\" class=\"fw-col-sm-12 tf-sh-cb94fb92ab9270b2e5ce77b376d4df6d\" >\n\t<div class=\"fw-wrap-col-inner clearfix  \"   >\n\t\t\t\t<div class=\"fw-col-inner\">\n\t\t\t<div class=\"fw-divider-space  fw-custom-space  clearfix\" style=\"height:120px;\" ><\/div>\t\t<\/div>\n\t<\/div>\n<\/div><\/div>\n\n\t<\/div>\n\t<\/section><section   class=\"fw-main-row-custom  fw-section-height-custom  fw-section-position-back tf-sh-bdbbc0b6164169b31cee8ce4faa6b073\"  style=\" background-color:#a5a59b; height: 200px;\"  >\n\t\t\t<div class=\"fw-container-fluid\" >\n\t\t<div class=\"fw-row\">\n\t<div id=\"column-69e185cf8dce0\" class=\"fw-col-sm-12 tf-sh-7e06d0c242f8d6f3c02c8fbb08572392 centered-text\" >\n\t<div class=\"fw-wrap-col-inner clearfix  \"   >\n\t\t\t\t<div class=\"fw-col-inner\">\n\t\t\t<div class=\"fw-divider-space  fw-custom-space  clearfix\" style=\"height:6px;\" ><\/div><div class=\"fw-heading fw-heading-center  tf-sh-352878ecb6f3d10e40c1137c906b51f3\" >\n\t\t\t<h1 class=\"fw-special-title\">Qu\u00e9 hacemos<\/h1>\n\t\n\t\n\t<\/div>\t\t<\/div>\n\t<\/div>\n<\/div><\/div>\n\n\t<\/div>\n\t<\/section><section   class=\"fw-main-row  auto  fw-section-position-back\"    >\n\t\t\t<div class=\"fw-container\" >\n\t\t<div class=\"fw-row\">\n\t<div id=\"column-69e185cf8df5b\" class=\"fw-col-sm-12 tf-sh-979cbcc20181126131f64cd08ab92a8e centered-text\" >\n\t<div class=\"fw-wrap-col-inner clearfix  \"   >\n\t\t\t\t<div class=\"fw-col-inner\">\n\t\t\t<div class=\"fw-text-box tf-sh-17af5ffc0e11e09daaa839ef96b34016 \" >\n\t<div class=\"fw-text-inner\">\n\t\t<p style=\"text-align: center;\"><em>Muchas paginas web ofrecen bajos precios pero a coste de fallos en calidad. Nadie puede ofrecerle lo major al precio m\u00e1s bajo.<\/em><\/p>\n\t<\/div>\n<\/div>\t\t<\/div>\n\t<\/div>\n<\/div><\/div>\n\n\t<\/div>\n\t<\/section><section   class=\"fw-main-row-custom  auto  fw-section-position-back tf-sh-fcb5509cb2a33f0cd1207b29661ecbe8 custom-section\"    >\n\t\t\t<div class=\"fw-container\" style=\"background-color:#ffffff;\">\n\t\t<div class=\"fw-row\">\n\t<div id=\"column-69e185cf8e1ec\" class=\"fw-col-sm-6 tf-sh-eaff43bc1012cbaf4b2d067fc00816be\" >\n\t<div class=\"fw-wrap-col-inner clearfix  \"   >\n\t\t\t\t<div class=\"fw-col-inner\">\n\t\t\t<div class=\"fw-text-box tf-sh-76d2299ee03d420037a5170d880db144 \" >\n\t<div class=\"fw-text-inner\">\n\t\t<div id=\"comp-ivavy7xl\" class=\"txtNew\" data-packed=\"true\">\n<p><strong>LE LLEVAMOS DIRECTAMENTE A PROVEEDORES DE DIAMANTES<\/strong><\/p>\n<\/div>\n<div id=\"comp-ivavzuf8\" class=\"txtNew\" data-packed=\"true\">\n<div id=\"comp-ivavy7xl\" class=\"txtNew\" data-packed=\"true\"><\/div>\n<div id=\"comp-ivavzuf8\" class=\"txtNew\" data-packed=\"true\">\n<div id=\"comp-ivavy7xl\" class=\"txtNew\" data-packed=\"true\"><\/div>\n<div id=\"comp-ivavzuf8\" class=\"txtNew\" data-packed=\"true\">\n<p>?Se ha paseado alguna vez delante de las joyer\u00edas de lujo de la plaza Vend\u00f4me, Bond Street o de la Fifth Avenue y ha contemplado las magn\u00edficas gemas que relucen en las vitrinas?<\/p>\n<p>Provienen de fabricantes y proveedores que consiguen responder a los mayores criterios de selecci\u00f3n que exigen dichas joyer\u00edas de lujo.<\/p>\n<p>Nosotros podemos acompa\u00f1arles a dichos fabricantes con el fin de buscar la piedra que desea a precio de mayorista. Puesto que cada diamante es \u00fanico y que su certificado no contiene toda la informaci\u00f3n, buscar su perfecto diamante puede ser una \u00e1rdua tarea.<\/p>\n<p>Nosotros tomamos el tiempo de explicarle los secretos de nuestra profesi\u00f3n de forma a evitarle sorpresas.<\/p>\n<p>&nbsp;<\/p>\n<\/div>\n<\/div>\n<\/div>\n\t<\/div>\n<\/div>\t\t<\/div>\n\t<\/div>\n<\/div><div id=\"column-69e185cf8e2da\" class=\"fw-col-sm-6 tf-sh-b26aae337a8249ef13f76d053bbaab2e  fw-col-no-padding\" >\n\t<div class=\"fw-wrap-col-inner clearfix  \"   >\n\t\t\t\t<div class=\"fw-col-inner\">\n\t\t\t    <!-- Radius Image -->\n            <div class=\"fw-block-image-parent  \"              style=\"width: 100%; \">\n            <div class=\"fw-block-image-child fw-ratio-3-4 fw-ratio-container\">\n                <meta property=\"og:image\" content=\"https:\/\/yourprivatediamondbroker.com\/wp-content\/uploads\/2018\/06\/shutterstock_1037670847.jpg\" \/><noscript itemscope itemtype=\"https:\/\/schema.org\/ImageObject\" itemprop=\"image\"><img decoding=\"async\" src=\"https:\/\/yourprivatediamondbroker.com\/wp-content\/uploads\/2018\/06\/shutterstock_1037670847.jpg\"  alt=\"shutterstock_1037670847\" data-maxdpr=\"1.7\" class=\"lazyload\" \/><meta itemprop=\"url\" content=\"https:\/\/yourprivatediamondbroker.com\/wp-content\/uploads\/2018\/06\/shutterstock_1037670847.jpg\"><meta itemprop=\"width\" content=\"470\"><meta itemprop=\"height\" content=\"625\"><\/noscript><img decoding=\"async\" src=\"data:image\/gif;base64,R0lGODlhAQABAIAAAAAAAP\/\/\/yH5BAEAAAAALAAAAAABAAEAAAIBRAA7\" data-sizes=\"auto\" data-srcset=\"https:\/\/yourprivatediamondbroker.com\/wp-content\/uploads\/2018\/06\/shutterstock_1037670847-226x300.jpg 226w, https:\/\/yourprivatediamondbroker.com\/wp-content\/uploads\/2018\/06\/shutterstock_1037670847-295x393.jpg 295w, https:\/\/yourprivatediamondbroker.com\/wp-content\/uploads\/2018\/06\/shutterstock_1037670847.jpg 470w\"   alt=\"shutterstock_1037670847\" data-maxdpr=\"1.7\" class=\"lazyload\" \/>                                            <\/div>\n        <\/div>\n    \t\t<\/div>\n\t<\/div>\n<\/div><\/div>\n\n<div class=\"fw-row\">\n\t<div id=\"column-69e185cf8e665\" class=\"fw-col-sm-12 tf-sh-7b393a385eda7bc7814ee1904b383534\" >\n\t<div class=\"fw-wrap-col-inner clearfix  \"   >\n\t\t\t\t<div class=\"fw-col-inner\">\n\t\t\t<div class=\"fw-divider-space space-md  clearfix\"  ><\/div>\t\t<\/div>\n\t<\/div>\n<\/div><\/div>\n\n\t<\/div>\n\t<\/section><section   class=\"fw-main-row  auto  fw-section-position-back\"    >\n\t\t\t<div class=\"fw-container\" >\n\t\t<div class=\"fw-row\">\n\t<div id=\"column-69e185cf8e863\" class=\"fw-col-sm-12 tf-sh-cb94fb92ab9270b2e5ce77b376d4df6d\" >\n\t<div class=\"fw-wrap-col-inner clearfix  \"   >\n\t\t\t\t<div class=\"fw-col-inner\">\n\t\t\t<div class=\"fw-divider-space space-md  clearfix\"  ><\/div>\t\t<\/div>\n\t<\/div>\n<\/div><\/div>\n\n\t<\/div>\n\t<\/section><section   class=\"fw-main-row-custom  auto  fw-section-position-back tf-sh-e170f13a2ee56cf81d02ec2b51a03aee custom-section\"    >\n\t\t\t<div class=\"fw-container\" style=\"background-color:#ffffff;\">\n\t\t<div class=\"fw-row\">\n\t<div id=\"column-69e185cf8ea52\" class=\"fw-col-sm-6 tf-sh-1d44ec85b82c40f7c4744b8188c7a48e  fw-col-no-padding\" >\n\t<div class=\"fw-wrap-col-inner clearfix  \"   >\n\t\t\t\t<div class=\"fw-col-inner\">\n\t\t\t    <!-- Radius Image -->\n            <div class=\"fw-block-image-parent  \"              style=\"width: 100%; \">\n            <div class=\"fw-block-image-child fw-ratio-3-2 fw-ratio-container\">\n                <meta property=\"og:image\" content=\"https:\/\/yourprivatediamondbroker.com\/wp-content\/uploads\/2018\/06\/shutterstock_776742121.jpg\" \/><noscript itemscope itemtype=\"https:\/\/schema.org\/ImageObject\" itemprop=\"image\"><img decoding=\"async\" src=\"https:\/\/yourprivatediamondbroker.com\/wp-content\/uploads\/2018\/06\/shutterstock_776742121.jpg\"  alt=\"shutterstock_776742121\" data-maxdpr=\"1.7\" class=\"lazyload\" \/><meta itemprop=\"url\" content=\"https:\/\/yourprivatediamondbroker.com\/wp-content\/uploads\/2018\/06\/shutterstock_776742121.jpg\"><meta itemprop=\"width\" content=\"570\"><meta itemprop=\"height\" content=\"380\"><\/noscript><img decoding=\"async\" src=\"data:image\/gif;base64,R0lGODlhAQABAIAAAAAAAP\/\/\/yH5BAEAAAAALAAAAAABAAEAAAIBRAA7\" data-sizes=\"auto\" data-srcset=\"https:\/\/yourprivatediamondbroker.com\/wp-content\/uploads\/2018\/06\/shutterstock_776742121-300x200.jpg 300w, https:\/\/yourprivatediamondbroker.com\/wp-content\/uploads\/2018\/06\/shutterstock_776742121.jpg 570w\"   alt=\"shutterstock_776742121\" data-maxdpr=\"1.7\" class=\"lazyload\" \/>                                            <\/div>\n        <\/div>\n    \t\t<\/div>\n\t<\/div>\n<\/div><div id=\"column-69e185cf8ecf8\" class=\"fw-col-sm-6 tf-sh-10b89f859b01fd1f7be2c7d91e2085c0\" >\n\t<div class=\"fw-wrap-col-inner clearfix  \"   >\n\t\t\t\t<div class=\"fw-col-inner\">\n\t\t\t<div class=\"fw-text-box tf-sh-98476fe8104531ef2384764b5acdf1ff \" >\n\t<div class=\"fw-text-inner\">\n\t\t<div id=\"comp-ivavy7xl\" class=\"txtNew\" data-packed=\"true\">\n<p><strong>VENTAJAS DE TRABAJAR CON NOSOTROS <\/strong><\/p>\n<div id=\"comp-ivavy7xl\" class=\"txtNew\" data-packed=\"true\">\n<p class=\"font_4\"><\/div>\n<div id=\"comp-ivavzuf8\" class=\"txtNew\" data-packed=\"true\">\n<div id=\"comp-ivavy7xl\" class=\"txtNew\" data-packed=\"true\">\n<h4 class=\"font_4\"><\/h4>\n<\/div>\n<div id=\"comp-ivavzuf8\" class=\"txtNew\" data-packed=\"true\">\n<div id=\"comp-ivavy7xl\" class=\"txtNew\" data-packed=\"true\"><\/div>\n<div id=\"comp-ivavzuf8\" class=\"txtNew\" data-packed=\"true\"><\/div>\n<\/div>\n<\/div>\n<\/div>\n<div id=\"comp-ivavzuf8\" class=\"txtNew\" data-packed=\"true\">\n<div id=\"comp-ivavy7xl\" class=\"txtNew\" data-packed=\"true\">\n<ul>\n<li class=\"font_4\">La compra del mismo diamante por un precio menor ya que se tiene acceso a precios al por mayor<\/li>\n<li class=\"font_4\">La seguridad de la calidad, ya que garantizamos una 'graduaci\u00f3n' exacta<\/li>\n<li class=\"font_4\">Ganar tiempo ya que nos aseguramos de localizar varias piedras para que ustedes las puedan ver<\/li>\n<\/ul>\n<\/div>\n<div id=\"comp-ivavzuf8\" class=\"txtNew\" data-packed=\"true\">\n<div id=\"comp-ivavy7xl\" class=\"txtNew\" data-packed=\"true\"><\/div>\n<div id=\"comp-ivavzuf8\" class=\"txtNew\" data-packed=\"true\">\n<p class=\"font_7\"><\/div>\n<\/div>\n<\/div>\n<p class=\"font_7\">\n\t<\/div>\n<\/div>\t\t<\/div>\n\t<\/div>\n<\/div><\/div>\n\n\t<\/div>\n\t<\/section><\/p>\n","protected":false},"excerpt":{"rendered":"<p>Qu\u00e9 hacemos Muchas paginas web ofrecen bajos precios pero a coste de fallos en calidad. Nadie puede ofrecerle lo major al precio m\u00e1s bajo. LE LLEVAMOS DIRECTAMENTE A PROVEEDORES DE DIAMANTES ?Se ha paseado alguna vez delante de las joyer\u00edas de lujo de la plaza Vend\u00f4me, Bond Street o de la Fifth Avenue y ha [&hellip;]<\/p>\n","protected":false},"author":1,"featured_media":0,"parent":0,"menu_order":0,"comment_status":"closed","ping_status":"closed","template":"visual-builder-template.php","meta":{"footnotes":""},"class_list":["post-349","page","type-page","status-publish","hentry"],"yoast_head":"<!-- This site is optimized with the Yoast SEO plugin v25.4 - https:\/\/yoast.com\/wordpress\/plugins\/seo\/ -->\n<title>Qu\u00e9 hacemos - Your Private Diamond Broker<\/title>\n<meta name=\"description\" content=\"YPDB is your broker that can bring you directly to high quality jewel suppliers in Antwerp and helps you buy diamonds at the wholesale price, cheaper than in the stores.\" \/>\n<meta name=\"robots\" content=\"index, follow, max-snippet:-1, max-image-preview:large, max-video-preview:-1\" \/>\n<link rel=\"canonical\" href=\"https:\/\/yourprivatediamondbroker.com\/es\/what-we-do\/\" \/>\n<meta property=\"og:locale\" content=\"es_ES\" \/>\n<meta property=\"og:type\" content=\"article\" \/>\n<meta property=\"og:title\" content=\"Qu\u00e9 hacemos - Your Private Diamond Broker\" \/>\n<meta property=\"og:description\" content=\"YPDB is your broker that can bring you directly to high quality jewel suppliers in Antwerp and helps you buy diamonds at the wholesale price, cheaper than in the stores.\" \/>\n<meta property=\"og:url\" content=\"https:\/\/yourprivatediamondbroker.com\/es\/what-we-do\/\" \/>\n<meta property=\"og:site_name\" content=\"Your Private Diamond Broker\" \/>\n<meta property=\"article:modified_time\" content=\"2018-09-24T09:14:30+00:00\" \/>\n<meta property=\"og:image\" content=\"http:\/\/yourprivatediamondbroker.com\/wp-content\/uploads\/2018\/06\/shutterstock_1037670847.jpg\" \/>\n<meta name=\"twitter:card\" content=\"summary_large_image\" \/>\n<meta name=\"twitter:label1\" content=\"Tiempo de lectura\" \/>\n\t<meta name=\"twitter:data1\" content=\"2 minutos\" \/>\n<script type=\"application\/ld+json\" class=\"yoast-schema-graph\">{\"@context\":\"https:\/\/schema.org\",\"@graph\":[{\"@type\":\"WebPage\",\"@id\":\"https:\/\/yourprivatediamondbroker.com\/es\/what-we-do\/\",\"url\":\"https:\/\/yourprivatediamondbroker.com\/es\/what-we-do\/\",\"name\":\"Qu\u00e9 hacemos - Your Private Diamond Broker\",\"isPartOf\":{\"@id\":\"https:\/\/yourprivatediamondbroker.com\/#website\"},\"primaryImageOfPage\":{\"@id\":\"https:\/\/yourprivatediamondbroker.com\/es\/what-we-do\/#primaryimage\"},\"image\":{\"@id\":\"https:\/\/yourprivatediamondbroker.com\/es\/what-we-do\/#primaryimage\"},\"thumbnailUrl\":\"http:\/\/yourprivatediamondbroker.com\/wp-content\/uploads\/2018\/06\/shutterstock_1037670847.jpg\",\"datePublished\":\"2018-03-19T08:49:17+00:00\",\"dateModified\":\"2018-09-24T09:14:30+00:00\",\"description\":\"YPDB is your broker that can bring you directly to high quality jewel suppliers in Antwerp and helps you buy diamonds at the wholesale price, cheaper than in the stores.\",\"breadcrumb\":{\"@id\":\"https:\/\/yourprivatediamondbroker.com\/es\/what-we-do\/#breadcrumb\"},\"inLanguage\":\"es\",\"potentialAction\":[{\"@type\":\"ReadAction\",\"target\":[\"https:\/\/yourprivatediamondbroker.com\/es\/what-we-do\/\"]}]},{\"@type\":\"ImageObject\",\"inLanguage\":\"es\",\"@id\":\"https:\/\/yourprivatediamondbroker.com\/es\/what-we-do\/#primaryimage\",\"url\":\"http:\/\/yourprivatediamondbroker.com\/wp-content\/uploads\/2018\/06\/shutterstock_1037670847.jpg\",\"contentUrl\":\"http:\/\/yourprivatediamondbroker.com\/wp-content\/uploads\/2018\/06\/shutterstock_1037670847.jpg\"},{\"@type\":\"BreadcrumbList\",\"@id\":\"https:\/\/yourprivatediamondbroker.com\/es\/what-we-do\/#breadcrumb\",\"itemListElement\":[{\"@type\":\"ListItem\",\"position\":1,\"name\":\"Home\",\"item\":\"https:\/\/yourprivatediamondbroker.com\/es\/\"},{\"@type\":\"ListItem\",\"position\":2,\"name\":\"Qu\u00e9 hacemos\"}]},{\"@type\":\"WebSite\",\"@id\":\"https:\/\/yourprivatediamondbroker.com\/#website\",\"url\":\"https:\/\/yourprivatediamondbroker.com\/\",\"name\":\"Your Private Diamond Broker\",\"description\":\"Find the perfect diamond\",\"potentialAction\":[{\"@type\":\"SearchAction\",\"target\":{\"@type\":\"EntryPoint\",\"urlTemplate\":\"https:\/\/yourprivatediamondbroker.com\/?s={search_term_string}\"},\"query-input\":{\"@type\":\"PropertyValueSpecification\",\"valueRequired\":true,\"valueName\":\"search_term_string\"}}],\"inLanguage\":\"es\"}]}<\/script>\n<!-- \/ Yoast SEO plugin. -->","yoast_head_json":{"title":"Qu\u00e9 hacemos - Your Private Diamond Broker","description":"YPDB is your broker that can bring you directly to high quality jewel suppliers in Antwerp and helps you buy diamonds at the wholesale price, cheaper than in the stores.","robots":{"index":"index","follow":"follow","max-snippet":"max-snippet:-1","max-image-preview":"max-image-preview:large","max-video-preview":"max-video-preview:-1"},"canonical":"https:\/\/yourprivatediamondbroker.com\/es\/what-we-do\/","og_locale":"es_ES","og_type":"article","og_title":"Qu\u00e9 hacemos - Your Private Diamond Broker","og_description":"YPDB is your broker that can bring you directly to high quality jewel suppliers in Antwerp and helps you buy diamonds at the wholesale price, cheaper than in the stores.","og_url":"https:\/\/yourprivatediamondbroker.com\/es\/what-we-do\/","og_site_name":"Your Private Diamond Broker","article_modified_time":"2018-09-24T09:14:30+00:00","og_image":[{"url":"http:\/\/yourprivatediamondbroker.com\/wp-content\/uploads\/2018\/06\/shutterstock_1037670847.jpg","type":"","width":"","height":""}],"twitter_card":"summary_large_image","twitter_misc":{"Tiempo de lectura":"2 minutos"},"schema":{"@context":"https:\/\/schema.org","@graph":[{"@type":"WebPage","@id":"https:\/\/yourprivatediamondbroker.com\/es\/what-we-do\/","url":"https:\/\/yourprivatediamondbroker.com\/es\/what-we-do\/","name":"Qu\u00e9 hacemos - Your Private Diamond Broker","isPartOf":{"@id":"https:\/\/yourprivatediamondbroker.com\/#website"},"primaryImageOfPage":{"@id":"https:\/\/yourprivatediamondbroker.com\/es\/what-we-do\/#primaryimage"},"image":{"@id":"https:\/\/yourprivatediamondbroker.com\/es\/what-we-do\/#primaryimage"},"thumbnailUrl":"http:\/\/yourprivatediamondbroker.com\/wp-content\/uploads\/2018\/06\/shutterstock_1037670847.jpg","datePublished":"2018-03-19T08:49:17+00:00","dateModified":"2018-09-24T09:14:30+00:00","description":"YPDB is your broker that can bring you directly to high quality jewel suppliers in Antwerp and helps you buy diamonds at the wholesale price, cheaper than in the stores.","breadcrumb":{"@id":"https:\/\/yourprivatediamondbroker.com\/es\/what-we-do\/#breadcrumb"},"inLanguage":"es","potentialAction":[{"@type":"ReadAction","target":["https:\/\/yourprivatediamondbroker.com\/es\/what-we-do\/"]}]},{"@type":"ImageObject","inLanguage":"es","@id":"https:\/\/yourprivatediamondbroker.com\/es\/what-we-do\/#primaryimage","url":"http:\/\/yourprivatediamondbroker.com\/wp-content\/uploads\/2018\/06\/shutterstock_1037670847.jpg","contentUrl":"http:\/\/yourprivatediamondbroker.com\/wp-content\/uploads\/2018\/06\/shutterstock_1037670847.jpg"},{"@type":"BreadcrumbList","@id":"https:\/\/yourprivatediamondbroker.com\/es\/what-we-do\/#breadcrumb","itemListElement":[{"@type":"ListItem","position":1,"name":"Home","item":"https:\/\/yourprivatediamondbroker.com\/es\/"},{"@type":"ListItem","position":2,"name":"Qu\u00e9 hacemos"}]},{"@type":"WebSite","@id":"https:\/\/yourprivatediamondbroker.com\/#website","url":"https:\/\/yourprivatediamondbroker.com\/","name":"Your Private Diamond Broker","description":"Find the perfect diamond","potentialAction":[{"@type":"SearchAction","target":{"@type":"EntryPoint","urlTemplate":"https:\/\/yourprivatediamondbroker.com\/?s={search_term_string}"},"query-input":{"@type":"PropertyValueSpecification","valueRequired":true,"valueName":"search_term_string"}}],"inLanguage":"es"}]}},"_links":{"self":[{"href":"https:\/\/yourprivatediamondbroker.com\/es\/wp-json\/wp\/v2\/pages\/349","targetHints":{"allow":["GET"]}}],"collection":[{"href":"https:\/\/yourprivatediamondbroker.com\/es\/wp-json\/wp\/v2\/pages"}],"about":[{"href":"https:\/\/yourprivatediamondbroker.com\/es\/wp-json\/wp\/v2\/types\/page"}],"author":[{"embeddable":true,"href":"https:\/\/yourprivatediamondbroker.com\/es\/wp-json\/wp\/v2\/users\/1"}],"replies":[{"embeddable":true,"href":"https:\/\/yourprivatediamondbroker.com\/es\/wp-json\/wp\/v2\/comments?post=349"}],"version-history":[{"count":5,"href":"https:\/\/yourprivatediamondbroker.com\/es\/wp-json\/wp\/v2\/pages\/349\/revisions"}],"predecessor-version":[{"id":3444,"href":"https:\/\/yourprivatediamondbroker.com\/es\/wp-json\/wp\/v2\/pages\/349\/revisions\/3444"}],"wp:attachment":[{"href":"https:\/\/yourprivatediamondbroker.com\/es\/wp-json\/wp\/v2\/media?parent=349"}],"curies":[{"name":"wp","href":"https:\/\/api.w.org\/{rel}","templated":true}]}}