{"id":359,"date":"2018-03-19T08:50:08","date_gmt":"2018-03-19T08:50:08","guid":{"rendered":"http:\/\/yourprivatediamondbroker.com\/about-us\/"},"modified":"2018-09-17T13:39:15","modified_gmt":"2018-09-17T13:39:15","slug":"about-us","status":"publish","type":"page","link":"https:\/\/yourprivatediamondbroker.com\/es\/about-us\/","title":{"rendered":"Sobre nosotros"},"content":{"rendered":"<p><section   class=\"fw-main-row  auto  fw-section-position-back\"    >\n\t\t\t<div class=\"fw-container\" >\n\t\t<div class=\"fw-row\">\n\t<div id=\"column-69e17833d0773\" class=\"fw-col-sm-12 tf-sh-146a9207badc11703ba269f396c8444f\" >\n\t<div class=\"fw-wrap-col-inner clearfix  \"   >\n\t\t\t\t<div class=\"fw-col-inner\">\n\t\t\t<div class=\"fw-divider-space  fw-custom-space  clearfix\" style=\"height:120px;\" ><\/div>\t\t<\/div>\n\t<\/div>\n<\/div><\/div>\n\n\t<\/div>\n\t<\/section><section   class=\"fw-main-row-custom  fw-section-height-custom  fw-section-position-back tf-sh-78456866db67944166e2f7168d5b412c header-image\"  style=\" background-color:#a5a59b; height: 200px;\"  >\n\t\t\t<div class=\"fw-container-fluid\" >\n\t\t<div class=\"fw-row\">\n\t<div id=\"column-69e17833d099f\" class=\"fw-col-sm-12 tf-sh-d7ff857134ae7f81efed2128a632fd22\" >\n\t<div class=\"fw-wrap-col-inner clearfix  \"   >\n\t\t\t\t<div class=\"fw-col-inner\">\n\t\t\t<div class=\"fw-divider-space  fw-custom-space  clearfix\" style=\"height:51px;\" ><\/div><div class=\"fw-heading fw-heading-center  tf-sh-04bbd199bc90500ef21fb58bb9318641\" >\n\t\t\t<h1 class=\"fw-special-title\">Sobre nosotros<\/h1>\n\t\n\t\n\t<\/div>\t\t<\/div>\n\t<\/div>\n<\/div><\/div>\n\n\t<\/div>\n\t<\/section><section   class=\"fw-main-row-custom  auto  fw-section-position-back tf-sh-4c9466c1fdb1f664f83eefb0244cb16d\"  style=\" background-color:#ffffff;\"  >\n\t\t\t<div class=\"fw-container-fluid\" >\n\t\t<div class=\"fw-row\">\n\t<div id=\"column-69e17833d0c49\" class=\"fw-col-sm-12 tf-sh-188a25bbf10b25e3ef1a1510d550b00a centered-text\" >\n\t<div class=\"fw-wrap-col-inner clearfix  \"   >\n\t\t\t\t<div class=\"fw-col-inner\">\n\t\t\t<div class=\"fw-text-box tf-sh-7fdca5b0b2b4d551801f83476b400516 \" >\n\t<div class=\"fw-text-inner\">\n\t\t<p style=\"text-align: center;\">Con m\u00e1s de 50 a\u00f1os de experiencia en el comercio y suministro de diamantes a las casas de joyer\u00eda m\u00e1s prestigiosas a trav\u00e9s del mundo, estamos a su servicio. quiere comprar una piedra en l\u00ednea o viva la experiencia total del comercio de diamantes. Se puede garantizar el servicio de primera clase.<\/p>\n\t<\/div>\n<\/div>\t\t<\/div>\n\t<\/div>\n<\/div><\/div>\n\n\t<\/div>\n\t<\/section><section   class=\"fw-main-row-custom  fw-section-height-md  fw-section-position-back tf-sh-76d271b3fbc15997edf19a6b368a66c7 equal-height-col about\"  style=\" background-color:#ffffff;\"  >\n\t\t\t<div class=\"fw-container\" style=\"background-color:#ffffff;\">\n\t\t<div class=\"fw-row\">\n\t<div id=\"column-69e17833d0e96\" class=\"fw-col-sm-4 tf-sh-8b90e52f8ac7d72508b3a1e4de8e1fcb\" >\n\t<div class=\"fw-wrap-col-inner clearfix   fw-column-height-custom\" style=\"height: 289px;\"  >\n\t\t\t\t<div class=\"fw-col-inner\">\n\t\t\t    <!-- Radius Image -->\n            <div class=\"fw-block-image-parent hoogte fw-block-image-center\"              style=\"width: 225px; \">\n            <div class=\"fw-block-image-child fw-noratio fw-ratio-container\">\n                <meta property=\"og:image\" content=\"https:\/\/yourprivatediamondbroker.com\/wp-content\/uploads\/2018\/09\/Y.P.D.B.676660-copy-1.png\" \/><noscript itemscope itemtype=\"https:\/\/schema.org\/ImageObject\" itemprop=\"image\"><img decoding=\"async\" src=\"https:\/\/yourprivatediamondbroker.com\/wp-content\/uploads\/2018\/09\/Y.P.D.B.676660-copy-1.png\"  alt=\"Y.P.D.B.676660 copy\" data-maxdpr=\"1.7\" width=\"225\" class=\"lazyload\" \/><meta itemprop=\"url\" content=\"https:\/\/yourprivatediamondbroker.com\/wp-content\/uploads\/2018\/09\/Y.P.D.B.676660-copy-1.png\"><meta itemprop=\"width\" content=\"591\"><meta itemprop=\"height\" content=\"277\"><\/noscript><img decoding=\"async\" src=\"data:image\/gif;base64,R0lGODlhAQABAIAAAAAAAP\/\/\/yH5BAEAAAAALAAAAAABAAEAAAIBRAA7\" data-sizes=\"auto\" data-srcset=\"https:\/\/yourprivatediamondbroker.com\/wp-content\/uploads\/2018\/09\/Y.P.D.B.676660-copy-1.png\"   alt=\"Y.P.D.B.676660 copy\" data-maxdpr=\"1.7\" width=\"225\" class=\"lazyload\" \/><span class=\"fw-after-no-ratio\" style=\"padding-bottom: 46.869712351946%\"><\/span>                                            <\/div>\n        <\/div>\n    \t\t<\/div>\n\t<\/div>\n<\/div><div id=\"column-69e17833d11bc\" class=\"fw-col-sm-8 tf-sh-efc72f3ae2025ef8a0a3e4f9378b8963\" >\n\t<div class=\"fw-wrap-col-inner clearfix  \"   >\n\t\t\t\t<div class=\"fw-col-inner\">\n\t\t\t<div class=\"fw-text-box tf-sh-9d76a40f43ea2f4a29ce88890bfe422d \" >\n\t<div class=\"fw-text-inner\">\n\t\t<h2>The Company<\/h2>\n<p class=\"nofat\">YPDB is a business to consumer assistance and brokerage service provider. Our team is a long established family of diamond traders and members of the prestigious Antwerp diamond bourse. The company is based in the center of the world famous diamond district in Antwerp, where if desired, you can be part of the full trading experience that happens behind the scenes.<\/p>\n\t<\/div>\n<\/div>\t\t<\/div>\n\t<\/div>\n<\/div><\/div>\n\n\t<\/div>\n\t<\/section><section   class=\"fw-main-row  auto  fw-section-position-back\"    >\n\t\t\t<div class=\"fw-container\" >\n\t\t<div class=\"fw-row\">\n\t<div id=\"column-69e17833d13de\" class=\"fw-col-sm-12 tf-sh-146a9207badc11703ba269f396c8444f\" >\n\t<div class=\"fw-wrap-col-inner clearfix  \"   >\n\t\t\t\t<div class=\"fw-col-inner\">\n\t\t\t<div class=\"fw-divider-space space-md  clearfix\"  ><\/div>\t\t<\/div>\n\t<\/div>\n<\/div><\/div>\n\n\t<\/div>\n\t<\/section><section   class=\"fw-main-row-custom  auto  fw-section-position-back tf-sh-adef774c942cc2b1ac59b1efc670e74c\"    >\n\t\t\t<div class=\"fw-container\" >\n\t\t<div class=\"fw-row\">\n\t<div id=\"column-69e17833d15c0\" class=\"fw-col-sm-12 tf-sh-1a71e4491ea36251f9aef8b89e31e015\" >\n\t<div class=\"fw-wrap-col-inner clearfix  \"   >\n\t\t\t\t<div class=\"fw-col-inner\">\n\t\t\t<div class=\"fw-text-box tf-sh-51e7d5e75ea78efd481ec9cd9e9d52be \" >\n\t<div class=\"fw-text-inner\">\n\t\t<p style=\"text-align: center;\">Our experienced team will assist you and advise you to buy that marvelous gem you desire.<\/p>\n\t<\/div>\n<\/div>\t\t<\/div>\n\t<\/div>\n<\/div><\/div>\n\n\t<\/div>\n\t<\/section><section   class=\"fw-main-row  auto  fw-section-position-back\"    >\n\t\t\t<div class=\"fw-container\" >\n\t\t<div class=\"fw-row\">\n\t<div id=\"column-69e17833d17a5\" class=\"fw-col-sm-12 tf-sh-146a9207badc11703ba269f396c8444f\" >\n\t<div class=\"fw-wrap-col-inner clearfix  \"   >\n\t\t\t\t<div class=\"fw-col-inner\">\n\t\t\t<div class=\"fw-divider-space space-md  clearfix\"  ><\/div>\t\t<\/div>\n\t<\/div>\n<\/div><\/div>\n\n\t<\/div>\n\t<\/section><section   class=\"fw-main-row-custom  auto  fw-section-position-back tf-sh-f36e10ca521e3fdfdd11de703912c6a8\"    >\n\t\t\t<div class=\"fw-container\" >\n\t\t<div class=\"fw-row\">\n\t<div id=\"column-69e17833d1a0f\" class=\"fw-col-sm-12 tf-sh-c88ff83b9a2a2245115e91f11c8b307a about-block\" >\n\t<div class=\"fw-wrap-col-inner clearfix  \"   >\n\t\t\t\t<div class=\"fw-col-inner\">\n\t\t\t<div class=\"fw-heading fw-heading-left  tf-sh-876b3f39d36a2fe085244f1099de99bb\" >\n\t\t\t<h2 class=\"fw-special-title\">The Founder<\/h2>\n\t\n\t\n\t<\/div><div class=\"fw-text-box tf-sh-4f4eac138c3cd1636a17ce13f3019084 \" >\n\t<div class=\"fw-text-inner\">\n\t\t<p>In the early 80's Michel Beller, son of Artur Beller who served as director of the Antwerp diamond Bourse for many years, started a polishing company in Antwerp called Diamex manufacturing, A few years later Diamex was polishing all kinds of cuts and sizes for some of the biggest jewelers in the world.<\/p>\n<p>Today the purpose is to give an expanded scope of private customers the same direct access to diamond wholesalers, with a full service, all under one roof.<\/p>\n\t<\/div>\n<\/div>    <!-- Radius Image -->\n            <div class=\"fw-block-image-parent  fw-block-image-circle fw-block-image-right\"              style=\"width: 400px; \">\n            <div class=\"fw-block-image-child fw-ratio-1 fw-ratio-container\">\n                <meta property=\"og:image\" content=\"https:\/\/yourprivatediamondbroker.com\/wp-content\/uploads\/2018\/05\/IMG_4401-1.jpg\" \/><noscript itemscope itemtype=\"https:\/\/schema.org\/ImageObject\" itemprop=\"image\"><img decoding=\"async\" src=\"https:\/\/yourprivatediamondbroker.com\/wp-content\/uploads\/2018\/05\/IMG_4401-1.jpg\"  alt=\"Michel Beller\" data-maxdpr=\"1.7\" width=\"400\" class=\"lazyload\" \/><meta itemprop=\"url\" content=\"https:\/\/yourprivatediamondbroker.com\/wp-content\/uploads\/2018\/05\/IMG_4401-1.jpg\"><meta itemprop=\"width\" content=\"3024\"><meta itemprop=\"height\" content=\"3779\"><\/noscript><img decoding=\"async\" src=\"data:image\/gif;base64,R0lGODlhAQABAIAAAAAAAP\/\/\/yH5BAEAAAAALAAAAAABAAEAAAIBRAA7\" data-sizes=\"auto\" data-srcset=\"https:\/\/yourprivatediamondbroker.com\/wp-content\/uploads\/2018\/05\/IMG_4401-1-150x150.jpg 150w, https:\/\/yourprivatediamondbroker.com\/wp-content\/uploads\/2018\/05\/IMG_4401-1-800x800.jpg 800w, https:\/\/yourprivatediamondbroker.com\/wp-content\/uploads\/2018\/05\/IMG_4401-1-300x300.jpg 300w\"   alt=\"Michel Beller\" data-maxdpr=\"1.7\" width=\"400\" class=\"lazyload\" \/>                                            <\/div>\n        <\/div>\n    <div class=\"fw-divider-space  fw-custom-space  clearfix\" style=\"height:6px;\" ><\/div>\t\t<\/div>\n\t<\/div>\n<\/div><\/div>\n\n\t<\/div>\n\t<\/section><section   class=\"fw-main-row-custom  auto  fw-section-position-back tf-sh-77561904d65190b8d2ce3b297f73dbdc team-section\"  style=\" background-color:#ffffff;\"  >\n\t\t\t<div class=\"fw-container\" >\n\t\t<div class=\"fw-row\">\n\t<div id=\"column-69e17833d2002\" class=\"fw-col-sm-12 tf-sh-bce80bd6b4ecaf1e0469c1e3c7176700\" >\n\t<div class=\"fw-wrap-col-inner clearfix  \"   >\n\t\t\t\t<div class=\"fw-col-inner\">\n\t\t\t\t<div  class=\"fw-divider fw-divider-special tf-sh-31ba8621b21eb9e8e49426a67c9430db  fw-divider-align-center fw-divider-full-width fw-line-solid space-md    \"  style=\"width: auto; \" >\n\t\t<div class=\"fw-divider-inner \" style=\"\">\n\t\t\t<span class=\"fw-divider-holder fw-divider-left \" style=\"border-color:#a5a59b;\"><\/span>\n\t\t\t<span class=\"fw-divider-title \" style=\"\">\n\t\t\t\t\t\t\t\t\t<h2>Team<\/h2>\t\t\t\t\t\t\t<\/span>\n\t\t\t<span class=\"fw-divider-holder fw-divider-right \" style=\"border-color:#a5a59b;\"><\/span>\n\t\t<\/div>\n\t<\/div>\n<div class=\"fw-divider-space space-sm  clearfix\"  ><\/div>\t\t<\/div>\n\t<\/div>\n<\/div><\/div>\n\n<div class=\"fw-row\">\n\t<div id=\"column-69e17833d2210\" class=\"fw-col-sm-4 tf-sh-9f63df7ce32424f1a264d3506e50ecc6\" >\n\t<div class=\"fw-wrap-col-inner clearfix  \"   >\n\t\t\t\t<div class=\"fw-col-inner\">\n\t\t\t\t<div class=\"fw-team tf-sh-aaca302b301f4f40d03ea49e9f5faf9a  fw-content-align-center fw-team-member-type-1\" >\n\t\t\t\t\t<div style=\"width: 240px;\" class=\"fw-team-image fw-block-image-parent fw-block-image-circle\">\n\t\t\t\t<div class=\"fw-block-image-child fw-ratio-1 fw-ratio-container\"><meta property=\"og:image\" content=\"https:\/\/yourprivatediamondbroker.com\/wp-content\/uploads\/2018\/09\/shutterstock_1037670847-1.jpg\" \/><noscript itemscope itemtype=\"https:\/\/schema.org\/ImageObject\" itemprop=\"image\"><img decoding=\"async\" src=\"https:\/\/yourprivatediamondbroker.com\/wp-content\/uploads\/2018\/09\/shutterstock_1037670847-1.jpg\"  alt=\"shutterstock_1037670847 (1)\" data-maxdpr=\"1.7\" width=\"240\" class=\"lazyload\" \/><meta itemprop=\"url\" content=\"https:\/\/yourprivatediamondbroker.com\/wp-content\/uploads\/2018\/09\/shutterstock_1037670847-1.jpg\"><meta itemprop=\"width\" content=\"427\"><meta itemprop=\"height\" content=\"553\"><\/noscript><img decoding=\"async\" src=\"data:image\/gif;base64,R0lGODlhAQABAIAAAAAAAP\/\/\/yH5BAEAAAAALAAAAAABAAEAAAIBRAA7\" data-sizes=\"auto\" data-srcset=\"https:\/\/yourprivatediamondbroker.com\/wp-content\/uploads\/2018\/09\/shutterstock_1037670847-1-150x150.jpg 150w, https:\/\/yourprivatediamondbroker.com\/wp-content\/uploads\/2018\/09\/shutterstock_1037670847-1-300x300.jpg 300w\"   alt=\"shutterstock_1037670847 (1)\" data-maxdpr=\"1.7\" width=\"240\" class=\"lazyload\" \/><\/div>\n\t\t\t<\/div>\n\t\t\n\t\t<div class=\"fw-team-inner\" style=\"\">\n\t\t\t<div class=\"fw-team-name\">\n\t\t\t\t\t\t\t\t\t<h3>Josh Wolsh<\/h3>\n\t\t\t\t\t\t\t\t\t\t\t\t\t<span>Company Partner<\/span>\n\t\t\t\t\t\t\t<\/div>\n\n\t\t\t\t\t\t\t<div class=\"fw-team-text\"><p>As a managing partner, Josh represents YPDB in the United States and puts his 30 years of experience in the diamond industry at use to provide a top quality service for its customers.<\/p><\/div>\n\t\t\t\n\t\t\t\t\t<\/div>\n\t<\/div>\n\t\t<\/div>\n\t<\/div>\n<\/div><div id=\"column-69e17833d250f\" class=\"fw-col-sm-4 tf-sh-3aae7c41174b24f2828e9e92bf2074b7\" >\n\t<div class=\"fw-wrap-col-inner clearfix  \"   >\n\t\t\t\t<div class=\"fw-col-inner\">\n\t\t\t\t<div class=\"fw-team tf-sh-d218427135dda3c1b1cd2be11f9353db  fw-content-align-center fw-team-member-type-1\" >\n\t\t\t\t\t<div style=\"width: 240px;\" class=\"fw-team-image fw-block-image-parent fw-block-image-circle\">\n\t\t\t\t<div class=\"fw-block-image-child fw-ratio-1 fw-ratio-container\"><meta property=\"og:image\" content=\"https:\/\/yourprivatediamondbroker.com\/wp-content\/uploads\/2018\/07\/IMG_6047.jpg\" \/><noscript itemscope itemtype=\"https:\/\/schema.org\/ImageObject\" itemprop=\"image\"><img decoding=\"async\" src=\"https:\/\/yourprivatediamondbroker.com\/wp-content\/uploads\/2018\/07\/IMG_6047.jpg\"  alt=\"Jordane Beller photo\" data-maxdpr=\"1.7\" width=\"240\" class=\"lazyload\" \/><meta itemprop=\"url\" content=\"https:\/\/yourprivatediamondbroker.com\/wp-content\/uploads\/2018\/07\/IMG_6047.jpg\"><meta itemprop=\"width\" content=\"2509\"><meta itemprop=\"height\" content=\"4032\"><\/noscript><img decoding=\"async\" src=\"data:image\/gif;base64,R0lGODlhAQABAIAAAAAAAP\/\/\/yH5BAEAAAAALAAAAAABAAEAAAIBRAA7\" data-sizes=\"auto\" data-srcset=\"https:\/\/yourprivatediamondbroker.com\/wp-content\/uploads\/2018\/07\/IMG_6047-150x150.jpg 150w, https:\/\/yourprivatediamondbroker.com\/wp-content\/uploads\/2018\/07\/IMG_6047-800x800.jpg 800w, https:\/\/yourprivatediamondbroker.com\/wp-content\/uploads\/2018\/07\/IMG_6047-300x300.jpg 300w\"   alt=\"Jordane Beller photo\" data-maxdpr=\"1.7\" width=\"240\" class=\"lazyload\" \/><\/div>\n\t\t\t<\/div>\n\t\t\n\t\t<div class=\"fw-team-inner\" style=\"\">\n\t\t\t<div class=\"fw-team-name\">\n\t\t\t\t\t\t\t\t\t<h3>Jordane Beller<\/h3>\n\t\t\t\t\t\t\t\t\t\t\t\t\t<span>Head of jewelry and marketing  <\/span>\n\t\t\t\t\t\t\t<\/div>\n\n\t\t\t\t\t\t\t<div class=\"fw-team-text\"><p>As a digital consultant for multinational companies, Jordane has combined her experience, skills, and love for diamonds to develop YPDB's jewelry department and marketing strategy.<\/p><\/div>\n\t\t\t\n\t\t\t\t\t<\/div>\n\t<\/div>\n\t\t<\/div>\n\t<\/div>\n<\/div><div id=\"column-69e17833d278c\" class=\"fw-col-sm-4 tf-sh-9da6bab7a36a6c6fdc95db9ec7301507\" >\n\t<div class=\"fw-wrap-col-inner clearfix  \"   >\n\t\t\t\t<div class=\"fw-col-inner\">\n\t\t\t\t<div class=\"fw-team tf-sh-238d587eeb3840a1f99006c695cc5677  fw-content-align-center fw-team-member-type-1\" >\n\t\t\t\t\t<div style=\"width: 240px;\" class=\"fw-team-image fw-block-image-parent fw-block-image-circle\">\n\t\t\t\t<div class=\"fw-block-image-child fw-ratio-1 fw-ratio-container\"><meta property=\"og:image\" content=\"https:\/\/yourprivatediamondbroker.com\/wp-content\/uploads\/2018\/07\/Nig-photo.jpg\" \/><noscript itemscope itemtype=\"https:\/\/schema.org\/ImageObject\" itemprop=\"image\"><img decoding=\"async\" src=\"https:\/\/yourprivatediamondbroker.com\/wp-content\/uploads\/2018\/07\/Nig-photo.jpg\"  alt=\"Nigel Beller photo\" data-maxdpr=\"1.7\" width=\"240\" class=\"lazyload\" \/><meta itemprop=\"url\" content=\"https:\/\/yourprivatediamondbroker.com\/wp-content\/uploads\/2018\/07\/Nig-photo.jpg\"><meta itemprop=\"width\" content=\"3024\"><meta itemprop=\"height\" content=\"4032\"><\/noscript><img decoding=\"async\" src=\"data:image\/gif;base64,R0lGODlhAQABAIAAAAAAAP\/\/\/yH5BAEAAAAALAAAAAABAAEAAAIBRAA7\" data-sizes=\"auto\" data-srcset=\"https:\/\/yourprivatediamondbroker.com\/wp-content\/uploads\/2018\/07\/Nig-photo-150x150.jpg 150w, https:\/\/yourprivatediamondbroker.com\/wp-content\/uploads\/2018\/07\/Nig-photo-800x800.jpg 800w, https:\/\/yourprivatediamondbroker.com\/wp-content\/uploads\/2018\/07\/Nig-photo-300x300.jpg 300w\"   alt=\"Nigel Beller photo\" data-maxdpr=\"1.7\" width=\"240\" class=\"lazyload\" \/><\/div>\n\t\t\t<\/div>\n\t\t\n\t\t<div class=\"fw-team-inner\" style=\"\">\n\t\t\t<div class=\"fw-team-name\">\n\t\t\t\t\t\t\t\t\t<h3>Nigel Beller<\/h3>\n\t\t\t\t\t\t\t\t\t\t\t\t\t<span>Operations Manager<\/span>\n\t\t\t\t\t\t\t<\/div>\n\n\t\t\t\t\t\t\t<div class=\"fw-team-text\"><p>By monitoring, managing and coordinating the operational processes of YPDB Nigel aims to maintain a high-quality standard of service and ensure customer satisfaction.<\/p><\/div>\n\t\t\t\n\t\t\t\t\t<\/div>\n\t<\/div>\n\t\t<\/div>\n\t<\/div>\n<\/div><\/div>\n\n\t<\/div>\n\t<\/section><section   class=\"fw-main-row  auto  fw-section-position-back\"    >\n\t\t\t<div class=\"fw-container\" >\n\t\t<div class=\"fw-row\">\n\t<div id=\"column-69e17833d2b57\" class=\"fw-col-sm-12 tf-sh-146a9207badc11703ba269f396c8444f\" >\n\t<div class=\"fw-wrap-col-inner clearfix  \"   >\n\t\t\t\t<div class=\"fw-col-inner\">\n\t\t\t<div class=\"fw-divider-space space-sm  clearfix\"  ><\/div>\t\t<\/div>\n\t<\/div>\n<\/div><\/div>\n\n\t<\/div>\n\t<\/section><\/p>\n","protected":false},"excerpt":{"rendered":"<p>Sobre nosotros Con m\u00e1s de 50 a\u00f1os de experiencia en el comercio y suministro de diamantes a las casas de joyer\u00eda m\u00e1s prestigiosas a trav\u00e9s del mundo, estamos a su servicio. quiere comprar una piedra en l\u00ednea o viva la experiencia total del comercio de diamantes. Se puede garantizar el servicio de primera clase. The [&hellip;]<\/p>\n","protected":false},"author":1,"featured_media":0,"parent":0,"menu_order":0,"comment_status":"closed","ping_status":"closed","template":"visual-builder-template.php","meta":{"footnotes":""},"class_list":["post-359","page","type-page","status-publish","hentry"],"yoast_head":"<!-- This site is optimized with the Yoast SEO plugin v25.4 - https:\/\/yoast.com\/wordpress\/plugins\/seo\/ -->\n<title>Sobre nosotros - Your Private Diamond Broker<\/title>\n<meta name=\"robots\" content=\"index, follow, max-snippet:-1, max-image-preview:large, max-video-preview:-1\" \/>\n<link rel=\"canonical\" href=\"https:\/\/yourprivatediamondbroker.com\/es\/about-us\/\" \/>\n<meta property=\"og:locale\" content=\"es_ES\" \/>\n<meta property=\"og:type\" content=\"article\" \/>\n<meta property=\"og:title\" content=\"Sobre nosotros - Your Private Diamond Broker\" \/>\n<meta property=\"og:description\" content=\"Sobre nosotros Con m\u00e1s de 50 a\u00f1os de experiencia en el comercio y suministro de diamantes a las casas de joyer\u00eda m\u00e1s prestigiosas a trav\u00e9s del mundo, estamos a su servicio. quiere comprar una piedra en l\u00ednea o viva la experiencia total del comercio de diamantes. Se puede garantizar el servicio de primera clase. The [&hellip;]\" \/>\n<meta property=\"og:url\" content=\"https:\/\/yourprivatediamondbroker.com\/es\/about-us\/\" \/>\n<meta property=\"og:site_name\" content=\"Your Private Diamond Broker\" \/>\n<meta property=\"article:modified_time\" content=\"2018-09-17T13:39:15+00:00\" \/>\n<meta property=\"og:image\" content=\"http:\/\/yourprivatediamondbroker.com\/wp-content\/uploads\/2018\/09\/Y.P.D.B.676660-copy-1.png\" \/>\n<meta name=\"twitter:card\" content=\"summary_large_image\" \/>\n<meta name=\"twitter:label1\" content=\"Tiempo de lectura\" \/>\n\t<meta name=\"twitter:data1\" content=\"2 minutos\" \/>\n<script type=\"application\/ld+json\" class=\"yoast-schema-graph\">{\"@context\":\"https:\/\/schema.org\",\"@graph\":[{\"@type\":\"WebPage\",\"@id\":\"https:\/\/yourprivatediamondbroker.com\/es\/about-us\/\",\"url\":\"https:\/\/yourprivatediamondbroker.com\/es\/about-us\/\",\"name\":\"Sobre nosotros - Your Private Diamond Broker\",\"isPartOf\":{\"@id\":\"https:\/\/yourprivatediamondbroker.com\/#website\"},\"primaryImageOfPage\":{\"@id\":\"https:\/\/yourprivatediamondbroker.com\/es\/about-us\/#primaryimage\"},\"image\":{\"@id\":\"https:\/\/yourprivatediamondbroker.com\/es\/about-us\/#primaryimage\"},\"thumbnailUrl\":\"http:\/\/yourprivatediamondbroker.com\/wp-content\/uploads\/2018\/09\/Y.P.D.B.676660-copy-1.png\",\"datePublished\":\"2018-03-19T08:50:08+00:00\",\"dateModified\":\"2018-09-17T13:39:15+00:00\",\"breadcrumb\":{\"@id\":\"https:\/\/yourprivatediamondbroker.com\/es\/about-us\/#breadcrumb\"},\"inLanguage\":\"es\",\"potentialAction\":[{\"@type\":\"ReadAction\",\"target\":[\"https:\/\/yourprivatediamondbroker.com\/es\/about-us\/\"]}]},{\"@type\":\"ImageObject\",\"inLanguage\":\"es\",\"@id\":\"https:\/\/yourprivatediamondbroker.com\/es\/about-us\/#primaryimage\",\"url\":\"http:\/\/yourprivatediamondbroker.com\/wp-content\/uploads\/2018\/09\/Y.P.D.B.676660-copy-1.png\",\"contentUrl\":\"http:\/\/yourprivatediamondbroker.com\/wp-content\/uploads\/2018\/09\/Y.P.D.B.676660-copy-1.png\"},{\"@type\":\"BreadcrumbList\",\"@id\":\"https:\/\/yourprivatediamondbroker.com\/es\/about-us\/#breadcrumb\",\"itemListElement\":[{\"@type\":\"ListItem\",\"position\":1,\"name\":\"Home\",\"item\":\"https:\/\/yourprivatediamondbroker.com\/es\/\"},{\"@type\":\"ListItem\",\"position\":2,\"name\":\"Sobre nosotros\"}]},{\"@type\":\"WebSite\",\"@id\":\"https:\/\/yourprivatediamondbroker.com\/#website\",\"url\":\"https:\/\/yourprivatediamondbroker.com\/\",\"name\":\"Your Private Diamond Broker\",\"description\":\"Find the perfect diamond\",\"potentialAction\":[{\"@type\":\"SearchAction\",\"target\":{\"@type\":\"EntryPoint\",\"urlTemplate\":\"https:\/\/yourprivatediamondbroker.com\/?s={search_term_string}\"},\"query-input\":{\"@type\":\"PropertyValueSpecification\",\"valueRequired\":true,\"valueName\":\"search_term_string\"}}],\"inLanguage\":\"es\"}]}<\/script>\n<!-- \/ Yoast SEO plugin. -->","yoast_head_json":{"title":"Sobre nosotros - Your Private Diamond Broker","robots":{"index":"index","follow":"follow","max-snippet":"max-snippet:-1","max-image-preview":"max-image-preview:large","max-video-preview":"max-video-preview:-1"},"canonical":"https:\/\/yourprivatediamondbroker.com\/es\/about-us\/","og_locale":"es_ES","og_type":"article","og_title":"Sobre nosotros - Your Private Diamond Broker","og_description":"Sobre nosotros Con m\u00e1s de 50 a\u00f1os de experiencia en el comercio y suministro de diamantes a las casas de joyer\u00eda m\u00e1s prestigiosas a trav\u00e9s del mundo, estamos a su servicio. quiere comprar una piedra en l\u00ednea o viva la experiencia total del comercio de diamantes. Se puede garantizar el servicio de primera clase. The [&hellip;]","og_url":"https:\/\/yourprivatediamondbroker.com\/es\/about-us\/","og_site_name":"Your Private Diamond Broker","article_modified_time":"2018-09-17T13:39:15+00:00","og_image":[{"url":"http:\/\/yourprivatediamondbroker.com\/wp-content\/uploads\/2018\/09\/Y.P.D.B.676660-copy-1.png","type":"","width":"","height":""}],"twitter_card":"summary_large_image","twitter_misc":{"Tiempo de lectura":"2 minutos"},"schema":{"@context":"https:\/\/schema.org","@graph":[{"@type":"WebPage","@id":"https:\/\/yourprivatediamondbroker.com\/es\/about-us\/","url":"https:\/\/yourprivatediamondbroker.com\/es\/about-us\/","name":"Sobre nosotros - Your Private Diamond Broker","isPartOf":{"@id":"https:\/\/yourprivatediamondbroker.com\/#website"},"primaryImageOfPage":{"@id":"https:\/\/yourprivatediamondbroker.com\/es\/about-us\/#primaryimage"},"image":{"@id":"https:\/\/yourprivatediamondbroker.com\/es\/about-us\/#primaryimage"},"thumbnailUrl":"http:\/\/yourprivatediamondbroker.com\/wp-content\/uploads\/2018\/09\/Y.P.D.B.676660-copy-1.png","datePublished":"2018-03-19T08:50:08+00:00","dateModified":"2018-09-17T13:39:15+00:00","breadcrumb":{"@id":"https:\/\/yourprivatediamondbroker.com\/es\/about-us\/#breadcrumb"},"inLanguage":"es","potentialAction":[{"@type":"ReadAction","target":["https:\/\/yourprivatediamondbroker.com\/es\/about-us\/"]}]},{"@type":"ImageObject","inLanguage":"es","@id":"https:\/\/yourprivatediamondbroker.com\/es\/about-us\/#primaryimage","url":"http:\/\/yourprivatediamondbroker.com\/wp-content\/uploads\/2018\/09\/Y.P.D.B.676660-copy-1.png","contentUrl":"http:\/\/yourprivatediamondbroker.com\/wp-content\/uploads\/2018\/09\/Y.P.D.B.676660-copy-1.png"},{"@type":"BreadcrumbList","@id":"https:\/\/yourprivatediamondbroker.com\/es\/about-us\/#breadcrumb","itemListElement":[{"@type":"ListItem","position":1,"name":"Home","item":"https:\/\/yourprivatediamondbroker.com\/es\/"},{"@type":"ListItem","position":2,"name":"Sobre nosotros"}]},{"@type":"WebSite","@id":"https:\/\/yourprivatediamondbroker.com\/#website","url":"https:\/\/yourprivatediamondbroker.com\/","name":"Your Private Diamond Broker","description":"Find the perfect diamond","potentialAction":[{"@type":"SearchAction","target":{"@type":"EntryPoint","urlTemplate":"https:\/\/yourprivatediamondbroker.com\/?s={search_term_string}"},"query-input":{"@type":"PropertyValueSpecification","valueRequired":true,"valueName":"search_term_string"}}],"inLanguage":"es"}]}},"_links":{"self":[{"href":"https:\/\/yourprivatediamondbroker.com\/es\/wp-json\/wp\/v2\/pages\/359","targetHints":{"allow":["GET"]}}],"collection":[{"href":"https:\/\/yourprivatediamondbroker.com\/es\/wp-json\/wp\/v2\/pages"}],"about":[{"href":"https:\/\/yourprivatediamondbroker.com\/es\/wp-json\/wp\/v2\/types\/page"}],"author":[{"embeddable":true,"href":"https:\/\/yourprivatediamondbroker.com\/es\/wp-json\/wp\/v2\/users\/1"}],"replies":[{"embeddable":true,"href":"https:\/\/yourprivatediamondbroker.com\/es\/wp-json\/wp\/v2\/comments?post=359"}],"version-history":[{"count":5,"href":"https:\/\/yourprivatediamondbroker.com\/es\/wp-json\/wp\/v2\/pages\/359\/revisions"}],"predecessor-version":[{"id":3286,"href":"https:\/\/yourprivatediamondbroker.com\/es\/wp-json\/wp\/v2\/pages\/359\/revisions\/3286"}],"wp:attachment":[{"href":"https:\/\/yourprivatediamondbroker.com\/es\/wp-json\/wp\/v2\/media?parent=359"}],"curies":[{"name":"wp","href":"https:\/\/api.w.org\/{rel}","templated":true}]}}