{"id":368,"date":"2018-03-19T08:49:58","date_gmt":"2018-03-19T08:49:58","guid":{"rendered":"http:\/\/yourprivatediamondbroker.com\/cost\/"},"modified":"2018-09-20T08:37:41","modified_gmt":"2018-09-20T08:37:41","slug":"cost","status":"publish","type":"page","link":"https:\/\/yourprivatediamondbroker.com\/es\/cost\/","title":{"rendered":"Costo"},"content":{"rendered":"<p><section   class=\"fw-main-row  auto  fw-section-position-back\"    >\n\t\t\t<div class=\"fw-container\" >\n\t\t<div class=\"fw-row\">\n\t<div id=\"column-69e17845dbdf2\" class=\"fw-col-sm-12 tf-sh-461fb33fe9299485920b5ea1fa67728e\" >\n\t<div class=\"fw-wrap-col-inner clearfix  \"   >\n\t\t\t\t<div class=\"fw-col-inner\">\n\t\t\t<div class=\"fw-divider-space  fw-custom-space  clearfix\" style=\"height:120px;\" ><\/div>\t\t<\/div>\n\t<\/div>\n<\/div><\/div>\n\n\t<\/div>\n\t<\/section><section   class=\"fw-main-row-custom  fw-section-height-custom  fw-section-position-back tf-sh-78456866db67944166e2f7168d5b412c header-image\"  style=\" background-color:#a5a59b; height: 200px;\"  >\n\t\t\t<div class=\"fw-container-fluid\" >\n\t\t<div class=\"fw-row\">\n\t<div id=\"column-69e17845dc08b\" class=\"fw-col-sm-12 tf-sh-d7ff857134ae7f81efed2128a632fd22\" >\n\t<div class=\"fw-wrap-col-inner clearfix  \"   >\n\t\t\t\t<div class=\"fw-col-inner\">\n\t\t\t<div class=\"fw-divider-space  fw-custom-space  clearfix\" style=\"height:51px;\" ><\/div><div class=\"fw-heading fw-heading-center  tf-sh-04bbd199bc90500ef21fb58bb9318641\" >\n\t\t\t<h1 class=\"fw-special-title\">Costo<\/h1>\n\t\n\t\n\t<\/div>\t\t<\/div>\n\t<\/div>\n<\/div><\/div>\n\n\t<\/div>\n\t<\/section><section   class=\"fw-main-row-custom  auto  fw-section-position-back tf-sh-f8ad47674c74adf03ac10041428f56e4\"    >\n\t\t\t<div class=\"fw-container\" >\n\t\t<div class=\"fw-row\">\n\t<div id=\"column-69e17845dc394\" class=\"fw-col-sm-12 tf-sh-83101a31d759d4285909d0b2977b4a71\" >\n\t<div class=\"fw-wrap-col-inner clearfix  \"   >\n\t\t\t\t<div class=\"fw-col-inner\">\n\t\t\t<div class=\"fw-text-box tf-sh-ac87cf878ee904342e7e2c72b140be87 \" >\n\t<div class=\"fw-text-inner\">\n\t\t<h2>Comisi\u00f3n<\/h2>\n<p>El principio es simple.<\/p>\n<p><strong>Como trabajamos como corredores, si no compra nada no le costar\u00e1 nada.<\/strong><\/p>\n<p>Si conseguimos encontrar el diamante de su elecci\u00f3n, usted pagar\u00e1 una comisi\u00f3n determinada previamente sobre el total de su compra.<\/p>\n<p>Vea a continuaci\u00f3n los baremos de comisi\u00f3n.<\/p>\n\t<\/div>\n<\/div><div class=\"fw-divider-space space-sm  clearfix\"  ><\/div><div class=\"tf-sh-edb4c663ef78d54c8abdf7056919b099 fw-price-table  clearfix fw-price-1 \" >\n\t\t\t<div class=\"fw-price-col fw-price-package  \">\n\t\t\t<div class=\"fw-price-inner\">\n\t\t\t\t\t\t\t\t\t<!--heading row type-->\n\t\t\t\t\t\t\t\t\t\t\t\t\t\t\t\t\t\t<div class=\"fw-price-head default-col\">\n\t\t\t\t\t\t\t\t\t\t\t\t\t\t\t\t<h3 class=\"fw-price-title default-col\"\">\n\t\t\t\t\t\t\t\tPreso del diamante\t\t\t\t\t\t\t\t<\/h3>\n\t\t\t\t\t\t\t<\/div>\n\t\t\t\t\t\t\t\t\t\t\t\t<!--pricing row type-->\n\t\t\t\t\t\n\t\t\t\t\t\t\t\t\t<!--heading row type-->\n\t\t\t\t\t\t\t\t\t\t\t<div class=\"fw-price-row default-col\">\n\t\t\t\t\t\t\t<span class=\"fw-itable\">\n\t\t\t\t\t\t\t\t<span class=\"fw-icell default-col\">\n\t\t\t\t\t\t\t\t\t\t\t\t\t\t\t\t\t\t< 5.000 Eur\t\t\t\t\t\t\t\t<\/span>\n\t\t\t\t\t\t\t<\/span>\n\t\t\t\t\t\t<\/div>\n\t\t\t\t\t\n\t\t\t\t\t\t\t\t\t<!--heading row type-->\n\t\t\t\t\t\t\t\t\t\t\t<div class=\"fw-price-row default-col\">\n\t\t\t\t\t\t\t<span class=\"fw-itable\">\n\t\t\t\t\t\t\t\t<span class=\"fw-icell default-col\">\n\t\t\t\t\t\t\t\t\t\t\t\t\t\t\t\t\t\t5.000 Eur - 10.000 Eur      \t\t\t\t\t\t\t\t<\/span>\n\t\t\t\t\t\t\t<\/span>\n\t\t\t\t\t\t<\/div>\n\t\t\t\t\t\n\t\t\t\t\t\t\t\t\t<!--heading row type-->\n\t\t\t\t\t\t\t\t\t\t\t<div class=\"fw-price-row default-col\">\n\t\t\t\t\t\t\t<span class=\"fw-itable\">\n\t\t\t\t\t\t\t\t<span class=\"fw-icell default-col\">\n\t\t\t\t\t\t\t\t\t\t\t\t\t\t\t\t\t\t10.0000 Eur - 25.000 Eur    \t\t\t\t\t\t\t\t<\/span>\n\t\t\t\t\t\t\t<\/span>\n\t\t\t\t\t\t<\/div>\n\t\t\t\t\t\n\t\t\t\t\t\t\t\t\t<!--heading row type-->\n\t\t\t\t\t\t\t\t\t\t\t<div class=\"fw-price-row default-col\">\n\t\t\t\t\t\t\t<span class=\"fw-itable\">\n\t\t\t\t\t\t\t\t<span class=\"fw-icell default-col\">\n\t\t\t\t\t\t\t\t\t\t\t\t\t\t\t\t\t\t25.000 Eur - 50.000 Eur      \t\t\t\t\t\t\t\t<\/span>\n\t\t\t\t\t\t\t<\/span>\n\t\t\t\t\t\t<\/div>\n\t\t\t\t\t\n\t\t\t\t\t\t\t\t\t<!--heading row type-->\n\t\t\t\t\t\t\t\t\t\t\t<div class=\"fw-price-row default-col\">\n\t\t\t\t\t\t\t<span class=\"fw-itable\">\n\t\t\t\t\t\t\t\t<span class=\"fw-icell default-col\">\n\t\t\t\t\t\t\t\t\t\t\t\t\t\t\t\t\t\t50.000 Eur - 100.000 Eur    \t\t\t\t\t\t\t\t<\/span>\n\t\t\t\t\t\t\t<\/span>\n\t\t\t\t\t\t<\/div>\n\t\t\t\t\t\n\t\t\t\t\t\t\t\t\t<!--heading row type-->\n\t\t\t\t\t\t\t\t\t\t\t<div class=\"fw-price-row default-col\">\n\t\t\t\t\t\t\t<span class=\"fw-itable\">\n\t\t\t\t\t\t\t\t<span class=\"fw-icell default-col\">\n\t\t\t\t\t\t\t\t\t\t\t\t\t\t\t\t\t\t100.000 Eur - 200.000 Eur  \t\t\t\t\t\t\t\t<\/span>\n\t\t\t\t\t\t\t<\/span>\n\t\t\t\t\t\t<\/div>\n\t\t\t\t\t\n\t\t\t\t\t\t\t\t\t<!--heading row type-->\n\t\t\t\t\t\t\t\t\t\t\t<div class=\"fw-price-row default-col\">\n\t\t\t\t\t\t\t<span class=\"fw-itable\">\n\t\t\t\t\t\t\t\t<span class=\"fw-icell default-col\">\n\t\t\t\t\t\t\t\t\t\t\t\t\t\t\t\t\t\t200.000 Eur - 300.000 Eur  \t\t\t\t\t\t\t\t<\/span>\n\t\t\t\t\t\t\t<\/span>\n\t\t\t\t\t\t<\/div>\n\t\t\t\t\t\n\t\t\t\t\t\t\t\t\t<!--heading row type-->\n\t\t\t\t\t\t\t\t\t\t\t<div class=\"fw-price-row default-col\">\n\t\t\t\t\t\t\t<span class=\"fw-itable\">\n\t\t\t\t\t\t\t\t<span class=\"fw-icell default-col\">\n\t\t\t\t\t\t\t\t\t\t\t\t\t\t\t\t\t\t300.000 Eur - 500.000 Eur \t\t\t\t\t\t\t\t<\/span>\n\t\t\t\t\t\t\t<\/span>\n\t\t\t\t\t\t<\/div>\n\t\t\t\t\t\n\t\t\t\t\t\t\t\t\t<!--heading row type-->\n\t\t\t\t\t\t\t\t\t\t\t<div class=\"fw-price-row default-col\">\n\t\t\t\t\t\t\t<span class=\"fw-itable\">\n\t\t\t\t\t\t\t\t<span class=\"fw-icell default-col\">\n\t\t\t\t\t\t\t\t\t\t\t\t\t\t\t\t\t\t500.000 Eur +\t\t\t\t\t\t\t\t<\/span>\n\t\t\t\t\t\t\t<\/span>\n\t\t\t\t\t\t<\/div>\n\t\t\t\t\t\n\t\t\t\t\t\t\t<\/div>\n\t\t<\/div>\n\t\t\t<div class=\"fw-price-col fw-price-package fw-price-active \">\n\t\t\t<div class=\"fw-price-inner\">\n\t\t\t\t\t\t\t\t\t<!--heading row type-->\n\t\t\t\t\t\t\t\t\t\t\t\t\t\t\t\t\t\t<div class=\"fw-price-head highlight-col\">\n\t\t\t\t\t\t\t\t\t\t\t\t\t\t\t\t<h3 class=\"fw-price-title highlight-col\"\">\n\t\t\t\t\t\t\t\tComisi\u00f3n \t\t\t\t\t\t\t\t<\/h3>\n\t\t\t\t\t\t\t<\/div>\n\t\t\t\t\t\t\t\t\t\t\t\t<!--pricing row type-->\n\t\t\t\t\t\n\t\t\t\t\t\t\t\t\t<!--heading row type-->\n\t\t\t\t\t\t\t\t\t\t\t<div class=\"fw-price-row highlight-col\">\n\t\t\t\t\t\t\t<span class=\"fw-itable\">\n\t\t\t\t\t\t\t\t<span class=\"fw-icell highlight-col\">\n\t\t\t\t\t\t\t\t\t\t\t\t\t\t\t\t\t\tFijo\t\t\t\t\t\t\t\t<\/span>\n\t\t\t\t\t\t\t<\/span>\n\t\t\t\t\t\t<\/div>\n\t\t\t\t\t\n\t\t\t\t\t\t\t\t\t<!--heading row type-->\n\t\t\t\t\t\t\t\t\t\t\t<div class=\"fw-price-row highlight-col\">\n\t\t\t\t\t\t\t<span class=\"fw-itable\">\n\t\t\t\t\t\t\t\t<span class=\"fw-icell highlight-col\">\n\t\t\t\t\t\t\t\t\t\t\t\t\t\t\t\t\t\t15%  \t\t\t\t\t\t\t\t<\/span>\n\t\t\t\t\t\t\t<\/span>\n\t\t\t\t\t\t<\/div>\n\t\t\t\t\t\n\t\t\t\t\t\t\t\t\t<!--heading row type-->\n\t\t\t\t\t\t\t\t\t\t\t<div class=\"fw-price-row highlight-col\">\n\t\t\t\t\t\t\t<span class=\"fw-itable\">\n\t\t\t\t\t\t\t\t<span class=\"fw-icell highlight-col\">\n\t\t\t\t\t\t\t\t\t\t\t\t\t\t\t\t\t\t14%\t\t\t\t\t\t\t\t<\/span>\n\t\t\t\t\t\t\t<\/span>\n\t\t\t\t\t\t<\/div>\n\t\t\t\t\t\n\t\t\t\t\t\t\t\t\t<!--heading row type-->\n\t\t\t\t\t\t\t\t\t\t\t<div class=\"fw-price-row highlight-col\">\n\t\t\t\t\t\t\t<span class=\"fw-itable\">\n\t\t\t\t\t\t\t\t<span class=\"fw-icell highlight-col\">\n\t\t\t\t\t\t\t\t\t\t\t\t\t\t\t\t\t\t12%\t\t\t\t\t\t\t\t<\/span>\n\t\t\t\t\t\t\t<\/span>\n\t\t\t\t\t\t<\/div>\n\t\t\t\t\t\n\t\t\t\t\t\t\t\t\t<!--heading row type-->\n\t\t\t\t\t\t\t\t\t\t\t<div class=\"fw-price-row highlight-col\">\n\t\t\t\t\t\t\t<span class=\"fw-itable\">\n\t\t\t\t\t\t\t\t<span class=\"fw-icell highlight-col\">\n\t\t\t\t\t\t\t\t\t\t\t\t\t\t\t\t\t\t11%\t\t\t\t\t\t\t\t<\/span>\n\t\t\t\t\t\t\t<\/span>\n\t\t\t\t\t\t<\/div>\n\t\t\t\t\t\n\t\t\t\t\t\t\t\t\t<!--heading row type-->\n\t\t\t\t\t\t\t\t\t\t\t<div class=\"fw-price-row highlight-col\">\n\t\t\t\t\t\t\t<span class=\"fw-itable\">\n\t\t\t\t\t\t\t\t<span class=\"fw-icell highlight-col\">\n\t\t\t\t\t\t\t\t\t\t\t\t\t\t\t\t\t\t10%\t\t\t\t\t\t\t\t<\/span>\n\t\t\t\t\t\t\t<\/span>\n\t\t\t\t\t\t<\/div>\n\t\t\t\t\t\n\t\t\t\t\t\t\t\t\t<!--heading row type-->\n\t\t\t\t\t\t\t\t\t\t\t<div class=\"fw-price-row highlight-col\">\n\t\t\t\t\t\t\t<span class=\"fw-itable\">\n\t\t\t\t\t\t\t\t<span class=\"fw-icell highlight-col\">\n\t\t\t\t\t\t\t\t\t\t\t\t\t\t\t\t\t\t8.5%\t\t\t\t\t\t\t\t<\/span>\n\t\t\t\t\t\t\t<\/span>\n\t\t\t\t\t\t<\/div>\n\t\t\t\t\t\n\t\t\t\t\t\t\t\t\t<!--heading row type-->\n\t\t\t\t\t\t\t\t\t\t\t<div class=\"fw-price-row highlight-col\">\n\t\t\t\t\t\t\t<span class=\"fw-itable\">\n\t\t\t\t\t\t\t\t<span class=\"fw-icell highlight-col\">\n\t\t\t\t\t\t\t\t\t\t\t\t\t\t\t\t\t\t7.5%\t\t\t\t\t\t\t\t<\/span>\n\t\t\t\t\t\t\t<\/span>\n\t\t\t\t\t\t<\/div>\n\t\t\t\t\t\n\t\t\t\t\t\t\t\t\t<!--heading row type-->\n\t\t\t\t\t\t\t\t\t\t\t<div class=\"fw-price-row highlight-col\">\n\t\t\t\t\t\t\t<span class=\"fw-itable\">\n\t\t\t\t\t\t\t\t<span class=\"fw-icell highlight-col\">\n\t\t\t\t\t\t\t\t\t\t\t\t\t\t\t\t\t\t6.5%\t\t\t\t\t\t\t\t<\/span>\n\t\t\t\t\t\t\t<\/span>\n\t\t\t\t\t\t<\/div>\n\t\t\t\t\t\n\t\t\t\t\t\t\t<\/div>\n\t\t<\/div>\n\t\t\t<div class=\"fw-price-col fw-price-package  \">\n\t\t\t<div class=\"fw-price-inner\">\n\t\t\t\t\t\t\t\t\t<!--heading row type-->\n\t\t\t\t\t\t\t\t\t\t\t\t\t\t\t\t\t\t<div class=\"fw-price-head default-col\">\n\t\t\t\t\t\t\t\t\t\t\t\t\t\t\t\t<h3 class=\"fw-price-title default-col\"\">\n\t\t\t\t\t\t\t\tComisi\u00f3n m\u00e1xima \t\t\t\t\t\t\t\t<\/h3>\n\t\t\t\t\t\t\t<\/div>\n\t\t\t\t\t\t\t\t\t\t\t\t<!--pricing row type-->\n\t\t\t\t\t\n\t\t\t\t\t\t\t\t\t<!--heading row type-->\n\t\t\t\t\t\t\t\t\t\t\t<div class=\"fw-price-row default-col\">\n\t\t\t\t\t\t\t<span class=\"fw-itable\">\n\t\t\t\t\t\t\t\t<span class=\"fw-icell default-col\">\n\t\t\t\t\t\t\t\t\t\t\t\t\t\t\t\t\t\tComisi\u00f3n fijo de 600 Eur\t\t\t\t\t\t\t\t<\/span>\n\t\t\t\t\t\t\t<\/span>\n\t\t\t\t\t\t<\/div>\n\t\t\t\t\t\n\t\t\t\t\t\t\t\t\t<!--heading row type-->\n\t\t\t\t\t\t\t\t\t\t\t<div class=\"fw-price-row default-col\">\n\t\t\t\t\t\t\t<span class=\"fw-itable\">\n\t\t\t\t\t\t\t\t<span class=\"fw-icell default-col\">\n\t\t\t\t\t\t\t\t\t\t\t\t\t\t\t\t\t\tComisi\u00f3n m\u00e1xima  1.400 Eur\t\t\t\t\t\t\t\t<\/span>\n\t\t\t\t\t\t\t<\/span>\n\t\t\t\t\t\t<\/div>\n\t\t\t\t\t\n\t\t\t\t\t\t\t\t\t<!--heading row type-->\n\t\t\t\t\t\t\t\t\t\t\t<div class=\"fw-price-row default-col\">\n\t\t\t\t\t\t\t<span class=\"fw-itable\">\n\t\t\t\t\t\t\t\t<span class=\"fw-icell default-col\">\n\t\t\t\t\t\t\t\t\t\t\t\t\t\t\t\t\t\tComisi\u00f3n m\u00e1xima  3.000 Eur\t\t\t\t\t\t\t\t<\/span>\n\t\t\t\t\t\t\t<\/span>\n\t\t\t\t\t\t<\/div>\n\t\t\t\t\t\n\t\t\t\t\t\t\t\t\t<!--heading row type-->\n\t\t\t\t\t\t\t\t\t\t\t<div class=\"fw-price-row default-col\">\n\t\t\t\t\t\t\t<span class=\"fw-itable\">\n\t\t\t\t\t\t\t\t<span class=\"fw-icell default-col\">\n\t\t\t\t\t\t\t\t\t\t\t\t\t\t\t\t\t\tComisi\u00f3n m\u00e1xima  5.500 Eur\t\t\t\t\t\t\t\t<\/span>\n\t\t\t\t\t\t\t<\/span>\n\t\t\t\t\t\t<\/div>\n\t\t\t\t\t\n\t\t\t\t\t\t\t\t\t<!--heading row type-->\n\t\t\t\t\t\t\t\t\t\t\t<div class=\"fw-price-row default-col\">\n\t\t\t\t\t\t\t<span class=\"fw-itable\">\n\t\t\t\t\t\t\t\t<span class=\"fw-icell default-col\">\n\t\t\t\t\t\t\t\t\t\t\t\t\t\t\t\t\t\tComisi\u00f3n m\u00e1xima   10.000 Eur\t\t\t\t\t\t\t\t<\/span>\n\t\t\t\t\t\t\t<\/span>\n\t\t\t\t\t\t<\/div>\n\t\t\t\t\t\n\t\t\t\t\t\t\t\t\t<!--heading row type-->\n\t\t\t\t\t\t\t\t\t\t\t<div class=\"fw-price-row default-col\">\n\t\t\t\t\t\t\t<span class=\"fw-itable\">\n\t\t\t\t\t\t\t\t<span class=\"fw-icell default-col\">\n\t\t\t\t\t\t\t\t\t\t\t\t\t\t\t\t\t\tComisi\u00f3n m\u00e1xima   17.000 Eur\t\t\t\t\t\t\t\t<\/span>\n\t\t\t\t\t\t\t<\/span>\n\t\t\t\t\t\t<\/div>\n\t\t\t\t\t\n\t\t\t\t\t\t\t\t\t<!--heading row type-->\n\t\t\t\t\t\t\t\t\t\t\t<div class=\"fw-price-row default-col\">\n\t\t\t\t\t\t\t<span class=\"fw-itable\">\n\t\t\t\t\t\t\t\t<span class=\"fw-icell default-col\">\n\t\t\t\t\t\t\t\t\t\t\t\t\t\t\t\t\t\tComisi\u00f3n m\u00e1xima   22.500 Eur\t\t\t\t\t\t\t\t<\/span>\n\t\t\t\t\t\t\t<\/span>\n\t\t\t\t\t\t<\/div>\n\t\t\t\t\t\n\t\t\t\t\t\t\t\t\t<!--heading row type-->\n\t\t\t\t\t\t\t\t\t\t\t<div class=\"fw-price-row default-col\">\n\t\t\t\t\t\t\t<span class=\"fw-itable\">\n\t\t\t\t\t\t\t\t<span class=\"fw-icell default-col\">\n\t\t\t\t\t\t\t\t\t\t\t\t\t\t\t\t\t\tComisi\u00f3n m\u00e1xima   32.500 Eur\t\t\t\t\t\t\t\t<\/span>\n\t\t\t\t\t\t\t<\/span>\n\t\t\t\t\t\t<\/div>\n\t\t\t\t\t\n\t\t\t\t\t\t\t\t\t<!--heading row type-->\n\t\t\t\t\t\t\t\t\t\t\t<div class=\"fw-price-row default-col\">\n\t\t\t\t\t\t\t<span class=\"fw-itable\">\n\t\t\t\t\t\t\t\t<span class=\"fw-icell default-col\">\n\t\t\t\t\t\t\t\t\t\t\t\t\t\t\t\t\t\t\t\t\t\t\t\t\t\t<\/span>\n\t\t\t\t\t\t\t<\/span>\n\t\t\t\t\t\t<\/div>\n\t\t\t\t\t\n\t\t\t\t\t\t\t<\/div>\n\t\t<\/div>\n\t<\/div><div class=\"fw-divider-space space-sm  clearfix\"  ><\/div><div class=\"fw-text-box tf-sh-3cbbb13fe264c47f96f215b6e228ce9a \" >\n\t<div class=\"fw-text-inner\">\n\t\t<p>Tome en consideraci\u00f3n que, si usted deseara contactar s\u00f3lo directamente con el fabricante\/proveedor, \u00e9ste lo considerar\u00eda como cliente particular con lo cual aumentar\u00eda su precio de 25%.<\/p>\n<p>Los pagos pueden efectuarse por transferencia bancaria, cheque o tarjeta de cr\u00e9dito.<\/p>\n<p>Despu\u00e9s de la compra le haremos una factura incluyendo la comisi\u00f3n de compra.<\/p>\n<p>Todos los precios excluyen I.V.A. para la zona UE y excluyen los impuestos y gastos de importaci\u00f3n si de rigor.<\/p>\n<p>El transporte y seguro de puerta a puerta esta inclu\u00eddo en el precio.<\/p>\n<p><strong>Con YPDB tiene todas las ventajas ahorrando en precio y disponiendo de consejo profesional.<\/strong><\/p>\n\t<\/div>\n<\/div><div class=\"text-center\">\t<a href=\"\/contact\/\" target=\"_self\" class=\"fw-btn tf-sh-55370ebb1c61db626ffa9fc8fa78b0a8  fw-btn-md   fw-btn-1\"  style=\"\">\n\t\t<span >\n\t\t\tPedir un preso!\t\t<\/span>\n\t<\/a>\n<\/div>\t\t<\/div>\n\t<\/div>\n<\/div><\/div>\n\n\t<\/div>\n\t<\/section><section   class=\"fw-main-row-custom  auto  fw-section-position-back tf-sh-ff3558e77999ba2153d68f2008b365e0\"    >\n\t\t\t<div class=\"fw-container\" >\n\t\t<div class=\"fw-row\">\n\t<div id=\"column-69e17845dc8fc\" class=\"fw-col-sm-8 tf-sh-9ba144011c4000f42fb3d299d904188f\" >\n\t<div class=\"fw-wrap-col-inner clearfix  \"   >\n\t\t\t\t<div class=\"fw-col-inner\">\n\t\t\t<div class=\"fw-text-box tf-sh-38792d8e536dee72051749a0d498cb4f \" >\n\t<div class=\"fw-text-inner\">\n\t\t<h2><strong>Patrocinar un amigo<\/strong><\/h2>\n<p>Despu\u00e9s de su primera compra tendr\u00e1 una devoluci\u00f3n de 3% sobre sus pr\u00f3ximas compras<\/p>\n<p>Tambi\u00e9n puede patrocinar a un amigo y beneficiarse de un 3% sobre la venta<\/p>\n<p>Otra ventaja de trabajar con YPDB<\/p>\n\t<\/div>\n<\/div>\t\t<\/div>\n\t<\/div>\n<\/div><div id=\"column-69e17845dc9ea\" class=\"fw-col-sm-4 tf-sh-ee5e7d2d05dfd4081bed68abce760129\" >\n\t<div class=\"fw-wrap-col-inner clearfix  \"   >\n\t\t\t\t<div class=\"fw-col-inner\">\n\t\t\t    <!-- Radius Image -->\n            <div class=\"fw-block-image-parent  \"              style=\"width: 100%; \">\n            <div class=\"fw-block-image-child fw-noratio fw-ratio-container\">\n                <meta property=\"og:image\" content=\"https:\/\/yourprivatediamondbroker.com\/wp-content\/uploads\/2018\/06\/shutterstock_763046476.jpg\" \/><noscript itemscope itemtype=\"https:\/\/schema.org\/ImageObject\" itemprop=\"image\"><img decoding=\"async\" src=\"https:\/\/yourprivatediamondbroker.com\/wp-content\/uploads\/2018\/06\/shutterstock_763046476.jpg\"  alt=\"shutterstock_763046476\" data-maxdpr=\"1.7\" class=\"lazyload\" \/><meta itemprop=\"url\" content=\"https:\/\/yourprivatediamondbroker.com\/wp-content\/uploads\/2018\/06\/shutterstock_763046476.jpg\"><meta itemprop=\"width\" content=\"380\"><meta itemprop=\"height\" content=\"420\"><\/noscript><img decoding=\"async\" src=\"data:image\/gif;base64,R0lGODlhAQABAIAAAAAAAP\/\/\/yH5BAEAAAAALAAAAAABAAEAAAIBRAA7\" data-sizes=\"auto\" data-srcset=\"https:\/\/yourprivatediamondbroker.com\/wp-content\/uploads\/2018\/06\/shutterstock_763046476.jpg\"   alt=\"shutterstock_763046476\" data-maxdpr=\"1.7\" class=\"lazyload\" \/><span class=\"fw-after-no-ratio\" style=\"padding-bottom: 110.52631578947%\"><\/span>                                            <\/div>\n        <\/div>\n    \t\t<\/div>\n\t<\/div>\n<\/div><\/div>\n\n\t<\/div>\n\t<\/section><\/p>\n","protected":false},"excerpt":{"rendered":"<p>Costo Comisi\u00f3n El principio es simple. Como trabajamos como corredores, si no compra nada no le costar\u00e1 nada. Si conseguimos encontrar el diamante de su elecci\u00f3n, usted pagar\u00e1 una comisi\u00f3n determinada previamente sobre el total de su compra. Vea a continuaci\u00f3n los baremos de comisi\u00f3n.<\/p>\n","protected":false},"author":1,"featured_media":0,"parent":0,"menu_order":0,"comment_status":"closed","ping_status":"closed","template":"visual-builder-template.php","meta":{"footnotes":""},"class_list":["post-368","page","type-page","status-publish","hentry"],"yoast_head":"<!-- This site is optimized with the Yoast SEO plugin v25.4 - https:\/\/yoast.com\/wordpress\/plugins\/seo\/ -->\n<title>Costo - Your Private Diamond Broker<\/title>\n<meta name=\"robots\" content=\"index, follow, max-snippet:-1, max-image-preview:large, max-video-preview:-1\" \/>\n<link rel=\"canonical\" href=\"https:\/\/yourprivatediamondbroker.com\/es\/cost\/\" \/>\n<meta property=\"og:locale\" content=\"es_ES\" \/>\n<meta property=\"og:type\" content=\"article\" \/>\n<meta property=\"og:title\" content=\"Costo - Your Private Diamond Broker\" \/>\n<meta property=\"og:description\" content=\"Costo Comisi\u00f3n El principio es simple. Como trabajamos como corredores, si no compra nada no le costar\u00e1 nada. Si conseguimos encontrar el diamante de su elecci\u00f3n, usted pagar\u00e1 una comisi\u00f3n determinada previamente sobre el total de su compra. Vea a continuaci\u00f3n los baremos de comisi\u00f3n.\" \/>\n<meta property=\"og:url\" content=\"https:\/\/yourprivatediamondbroker.com\/es\/cost\/\" \/>\n<meta property=\"og:site_name\" content=\"Your Private Diamond Broker\" \/>\n<meta property=\"article:modified_time\" content=\"2018-09-20T08:37:41+00:00\" \/>\n<meta property=\"og:image\" content=\"http:\/\/yourprivatediamondbroker.com\/wp-content\/uploads\/2018\/06\/shutterstock_763046476.jpg\" \/>\n<meta name=\"twitter:card\" content=\"summary_large_image\" \/>\n<meta name=\"twitter:label1\" content=\"Tiempo de lectura\" \/>\n\t<meta name=\"twitter:data1\" content=\"1 minuto\" \/>\n<script type=\"application\/ld+json\" class=\"yoast-schema-graph\">{\"@context\":\"https:\/\/schema.org\",\"@graph\":[{\"@type\":\"WebPage\",\"@id\":\"https:\/\/yourprivatediamondbroker.com\/es\/cost\/\",\"url\":\"https:\/\/yourprivatediamondbroker.com\/es\/cost\/\",\"name\":\"Costo - Your Private Diamond Broker\",\"isPartOf\":{\"@id\":\"https:\/\/yourprivatediamondbroker.com\/#website\"},\"primaryImageOfPage\":{\"@id\":\"https:\/\/yourprivatediamondbroker.com\/es\/cost\/#primaryimage\"},\"image\":{\"@id\":\"https:\/\/yourprivatediamondbroker.com\/es\/cost\/#primaryimage\"},\"thumbnailUrl\":\"http:\/\/yourprivatediamondbroker.com\/wp-content\/uploads\/2018\/06\/shutterstock_763046476.jpg\",\"datePublished\":\"2018-03-19T08:49:58+00:00\",\"dateModified\":\"2018-09-20T08:37:41+00:00\",\"breadcrumb\":{\"@id\":\"https:\/\/yourprivatediamondbroker.com\/es\/cost\/#breadcrumb\"},\"inLanguage\":\"es\",\"potentialAction\":[{\"@type\":\"ReadAction\",\"target\":[\"https:\/\/yourprivatediamondbroker.com\/es\/cost\/\"]}]},{\"@type\":\"ImageObject\",\"inLanguage\":\"es\",\"@id\":\"https:\/\/yourprivatediamondbroker.com\/es\/cost\/#primaryimage\",\"url\":\"http:\/\/yourprivatediamondbroker.com\/wp-content\/uploads\/2018\/06\/shutterstock_763046476.jpg\",\"contentUrl\":\"http:\/\/yourprivatediamondbroker.com\/wp-content\/uploads\/2018\/06\/shutterstock_763046476.jpg\"},{\"@type\":\"BreadcrumbList\",\"@id\":\"https:\/\/yourprivatediamondbroker.com\/es\/cost\/#breadcrumb\",\"itemListElement\":[{\"@type\":\"ListItem\",\"position\":1,\"name\":\"Home\",\"item\":\"https:\/\/yourprivatediamondbroker.com\/es\/\"},{\"@type\":\"ListItem\",\"position\":2,\"name\":\"Costo\"}]},{\"@type\":\"WebSite\",\"@id\":\"https:\/\/yourprivatediamondbroker.com\/#website\",\"url\":\"https:\/\/yourprivatediamondbroker.com\/\",\"name\":\"Your Private Diamond Broker\",\"description\":\"Find the perfect diamond\",\"potentialAction\":[{\"@type\":\"SearchAction\",\"target\":{\"@type\":\"EntryPoint\",\"urlTemplate\":\"https:\/\/yourprivatediamondbroker.com\/?s={search_term_string}\"},\"query-input\":{\"@type\":\"PropertyValueSpecification\",\"valueRequired\":true,\"valueName\":\"search_term_string\"}}],\"inLanguage\":\"es\"}]}<\/script>\n<!-- \/ Yoast SEO plugin. -->","yoast_head_json":{"title":"Costo - Your Private Diamond Broker","robots":{"index":"index","follow":"follow","max-snippet":"max-snippet:-1","max-image-preview":"max-image-preview:large","max-video-preview":"max-video-preview:-1"},"canonical":"https:\/\/yourprivatediamondbroker.com\/es\/cost\/","og_locale":"es_ES","og_type":"article","og_title":"Costo - Your Private Diamond Broker","og_description":"Costo Comisi\u00f3n El principio es simple. Como trabajamos como corredores, si no compra nada no le costar\u00e1 nada. Si conseguimos encontrar el diamante de su elecci\u00f3n, usted pagar\u00e1 una comisi\u00f3n determinada previamente sobre el total de su compra. Vea a continuaci\u00f3n los baremos de comisi\u00f3n.","og_url":"https:\/\/yourprivatediamondbroker.com\/es\/cost\/","og_site_name":"Your Private Diamond Broker","article_modified_time":"2018-09-20T08:37:41+00:00","og_image":[{"url":"http:\/\/yourprivatediamondbroker.com\/wp-content\/uploads\/2018\/06\/shutterstock_763046476.jpg","type":"","width":"","height":""}],"twitter_card":"summary_large_image","twitter_misc":{"Tiempo de lectura":"1 minuto"},"schema":{"@context":"https:\/\/schema.org","@graph":[{"@type":"WebPage","@id":"https:\/\/yourprivatediamondbroker.com\/es\/cost\/","url":"https:\/\/yourprivatediamondbroker.com\/es\/cost\/","name":"Costo - Your Private Diamond Broker","isPartOf":{"@id":"https:\/\/yourprivatediamondbroker.com\/#website"},"primaryImageOfPage":{"@id":"https:\/\/yourprivatediamondbroker.com\/es\/cost\/#primaryimage"},"image":{"@id":"https:\/\/yourprivatediamondbroker.com\/es\/cost\/#primaryimage"},"thumbnailUrl":"http:\/\/yourprivatediamondbroker.com\/wp-content\/uploads\/2018\/06\/shutterstock_763046476.jpg","datePublished":"2018-03-19T08:49:58+00:00","dateModified":"2018-09-20T08:37:41+00:00","breadcrumb":{"@id":"https:\/\/yourprivatediamondbroker.com\/es\/cost\/#breadcrumb"},"inLanguage":"es","potentialAction":[{"@type":"ReadAction","target":["https:\/\/yourprivatediamondbroker.com\/es\/cost\/"]}]},{"@type":"ImageObject","inLanguage":"es","@id":"https:\/\/yourprivatediamondbroker.com\/es\/cost\/#primaryimage","url":"http:\/\/yourprivatediamondbroker.com\/wp-content\/uploads\/2018\/06\/shutterstock_763046476.jpg","contentUrl":"http:\/\/yourprivatediamondbroker.com\/wp-content\/uploads\/2018\/06\/shutterstock_763046476.jpg"},{"@type":"BreadcrumbList","@id":"https:\/\/yourprivatediamondbroker.com\/es\/cost\/#breadcrumb","itemListElement":[{"@type":"ListItem","position":1,"name":"Home","item":"https:\/\/yourprivatediamondbroker.com\/es\/"},{"@type":"ListItem","position":2,"name":"Costo"}]},{"@type":"WebSite","@id":"https:\/\/yourprivatediamondbroker.com\/#website","url":"https:\/\/yourprivatediamondbroker.com\/","name":"Your Private Diamond Broker","description":"Find the perfect diamond","potentialAction":[{"@type":"SearchAction","target":{"@type":"EntryPoint","urlTemplate":"https:\/\/yourprivatediamondbroker.com\/?s={search_term_string}"},"query-input":{"@type":"PropertyValueSpecification","valueRequired":true,"valueName":"search_term_string"}}],"inLanguage":"es"}]}},"_links":{"self":[{"href":"https:\/\/yourprivatediamondbroker.com\/es\/wp-json\/wp\/v2\/pages\/368","targetHints":{"allow":["GET"]}}],"collection":[{"href":"https:\/\/yourprivatediamondbroker.com\/es\/wp-json\/wp\/v2\/pages"}],"about":[{"href":"https:\/\/yourprivatediamondbroker.com\/es\/wp-json\/wp\/v2\/types\/page"}],"author":[{"embeddable":true,"href":"https:\/\/yourprivatediamondbroker.com\/es\/wp-json\/wp\/v2\/users\/1"}],"replies":[{"embeddable":true,"href":"https:\/\/yourprivatediamondbroker.com\/es\/wp-json\/wp\/v2\/comments?post=368"}],"version-history":[{"count":5,"href":"https:\/\/yourprivatediamondbroker.com\/es\/wp-json\/wp\/v2\/pages\/368\/revisions"}],"predecessor-version":[{"id":3297,"href":"https:\/\/yourprivatediamondbroker.com\/es\/wp-json\/wp\/v2\/pages\/368\/revisions\/3297"}],"wp:attachment":[{"href":"https:\/\/yourprivatediamondbroker.com\/es\/wp-json\/wp\/v2\/media?parent=368"}],"curies":[{"name":"wp","href":"https:\/\/api.w.org\/{rel}","templated":true}]}}