{"id":341,"date":"2018-03-19T08:49:47","date_gmt":"2018-03-19T08:49:47","guid":{"rendered":"http:\/\/yourprivatediamondbroker.com\/how-we-work\/"},"modified":"2018-09-17T08:59:44","modified_gmt":"2018-09-17T08:59:44","slug":"how-we-work","status":"publish","type":"page","link":"https:\/\/yourprivatediamondbroker.com\/fr\/how-we-work\/","title":{"rendered":"M\u00e9thode de travail"},"content":{"rendered":"<p><section   class=\"fw-main-row  auto  fw-section-position-back\"    >\n\t\t\t<div class=\"fw-container\" >\n\t\t<div class=\"fw-row\">\n\t<div id=\"column-69e178ff639a0\" class=\"fw-col-sm-12 tf-sh-32e0552c45e0e6df60f853d3f2e9ae59\" >\n\t<div class=\"fw-wrap-col-inner clearfix  \"   >\n\t\t\t\t<div class=\"fw-col-inner\">\n\t\t\t<div class=\"fw-divider-space  fw-custom-space  clearfix\" style=\"height:120px;\" ><\/div>\t\t<\/div>\n\t<\/div>\n<\/div><\/div>\n\n\t<\/div>\n\t<\/section><section   class=\"fw-main-row-custom  fw-section-height-custom  fw-section-position-back tf-sh-78456866db67944166e2f7168d5b412c header-image\"  style=\" background-color:#a5a59b; height: 200px;\"  >\n\t\t\t<div class=\"fw-container-fluid\" >\n\t\t<div class=\"fw-row\">\n\t<div id=\"column-69e178ff63bfa\" class=\"fw-col-sm-12 tf-sh-d7ff857134ae7f81efed2128a632fd22\" >\n\t<div class=\"fw-wrap-col-inner clearfix  \"   >\n\t\t\t\t<div class=\"fw-col-inner\">\n\t\t\t<div class=\"fw-divider-space  fw-custom-space  clearfix\" style=\"height:51px;\" ><\/div><div class=\"fw-heading fw-heading-center  tf-sh-04bbd199bc90500ef21fb58bb9318641\" >\n\t\t\t<h1 class=\"fw-special-title\">M\u00e9thode de travail<\/h1>\n\t\n\t\n\t<\/div>\t\t<\/div>\n\t<\/div>\n<\/div><\/div>\n\n\t<\/div>\n\t<\/section><section   class=\"fw-main-row-custom  auto  fw-section-position-back tf-sh-b32f647af61168aea0b6fab9c5bf1ebd\"    >\n\t\t\t<div class=\"fw-container\" >\n\t\t<div class=\"fw-row\">\n\t<div id=\"column-69e178ff63e77\" class=\"fw-col-sm-12 tf-sh-32e0552c45e0e6df60f853d3f2e9ae59\" >\n\t<div class=\"fw-wrap-col-inner clearfix  \"   >\n\t\t\t\t<div class=\"fw-col-inner\">\n\t\t\t<div class=\"fw-heading fw-heading-center  tf-sh-6dd92ac651eeb46925e88cf436fd1b1a\" >\n\t\t\t<h2 class=\"fw-special-title\">L'exp\u00e9rience ultime<\/h2>\n\t\n\t\n\t<\/div>\t\t<\/div>\n\t<\/div>\n<\/div><\/div>\n\n<div class=\"fw-row\">\n\t<div id=\"column-69e178ff63fa8\" class=\"fw-col-sm-12 tf-sh-32e0552c45e0e6df60f853d3f2e9ae59\" >\n\t<div class=\"fw-wrap-col-inner clearfix  \"   >\n\t\t\t\t<div class=\"fw-col-inner\">\n\t\t\t<div class=\"fw-divider-space space-sm  clearfix\"  ><\/div>\t\t<\/div>\n\t<\/div>\n<\/div><\/div>\n\n<div class=\"fw-row\">\n\t<div id=\"column-69e178ff6408f\" class=\"fw-col-sm-3 tf-sh-ae2d8d5471de2178db25bbeaf4ef58d2\" >\n\t<div class=\"fw-wrap-col-inner clearfix  \"   >\n\t\t\t\t<div class=\"fw-col-inner\">\n\t\t\t<div class=\"fw-text-box tf-sh-53dd6762fc96a27a0018ddd978999c2b \" >\n\t<div class=\"fw-text-inner\">\n\t\t<h2 class=\"font_2\" style=\"text-align: center;\">Phase 1<\/h2>\n<p style=\"text-align: center;\"><strong>CHOISISSEZ VOTRE DIAMANT<\/strong><\/p>\n\t<\/div>\n<\/div>\t\t<\/div>\n\t<\/div>\n<\/div><div id=\"column-69e178ff6415c\" class=\"fw-col-sm-3 tf-sh-5f2d19a9bbf3b9b60fef954f8ab190a2\" >\n\t<div class=\"fw-wrap-col-inner clearfix  \"   >\n\t\t\t\t<div class=\"fw-col-inner\">\n\t\t\t<div class=\"fw-text-box tf-sh-4ae01acac166138b027df48203e73259 \" >\n\t<div class=\"fw-text-inner\">\n\t\t<h2 class=\"font_2\" style=\"text-align: center;\">Phase 2<\/h2>\n<p style=\"text-align: center;\"><strong>NOUS LE LOCALISON POUR VOUS<\/strong><\/p>\n\t<\/div>\n<\/div>\t\t<\/div>\n\t<\/div>\n<\/div><div id=\"column-69e178ff64237\" class=\"fw-col-sm-3 tf-sh-28e6ddbf95c3891d06160e0932c980a3\" >\n\t<div class=\"fw-wrap-col-inner clearfix  \"   >\n\t\t\t\t<div class=\"fw-col-inner\">\n\t\t\t<div class=\"fw-text-box tf-sh-be508335b80b8e5717892d93f10b897c \" >\n\t<div class=\"fw-text-inner\">\n\t\t<h2 class=\"font_2\" style=\"text-align: center;\">Phase 3<\/h2>\n<p style=\"text-align: center;\"><strong>VENEZ L\u2019INSPECTER A LA BOURSE A ANVERS ET NEGOCIER LE MEILLEUR PRIX <\/strong><\/p>\n\t<\/div>\n<\/div>\t\t<\/div>\n\t<\/div>\n<\/div><div id=\"column-69e178ff642f1\" class=\"fw-col-sm-3 tf-sh-1d09b40126e53f639f727de6c2aefbc0\" >\n\t<div class=\"fw-wrap-col-inner clearfix  \"   >\n\t\t\t\t<div class=\"fw-col-inner\">\n\t\t\t<div class=\"fw-text-box tf-sh-053aeadcf74f930acb8bc3eb638011a8 \" >\n\t<div class=\"fw-text-inner\">\n\t\t<h2 class=\"font_2\" style=\"text-align: center;\">Phase 4<\/h2>\n<p style=\"text-align: center;\"><strong>ENVOYEZ OU EMPORTEZ VOTRE DIAMANT CHEZ VOUS<\/strong><\/p>\n\t<\/div>\n<\/div>\t\t<\/div>\n\t<\/div>\n<\/div><\/div>\n\n\t<\/div>\n\t<\/section><section   class=\"fw-main-row-custom  auto fw-content-vertical-align-middle fw-section-position-back tf-sh-a8ed52c47f9b0bd2c2fdaf37dd69317f custom-section\"    >\n\t\t\t<div class=\"fw-container\" >\n\t\t<div class=\"fw-row\">\n\t<div id=\"column-69e178ff64539\" class=\"fw-col-sm-6 tf-sh-0cad3ffa675db9cadb1ceafbc91235aa\" >\n\t<div class=\"fw-wrap-col-inner clearfix  \"   >\n\t\t\t\t<div class=\"fw-col-inner\">\n\t\t\t<div class=\"fw-text-box tf-sh-ac87cf878ee904342e7e2c72b140be87 \" >\n\t<div class=\"fw-text-inner\">\n\t\t<p><strong>Nous vous invitons \u00e0 venir \u00e0 Anvers et d\u00e9couvrir les coulisses du monde diamantaire.<\/strong><\/p>\n<p>D\u00e8s que vous avez d\u00e9cid\u00e9 quel diamant vous d\u00e9sirez acheter notre premier travaille est de trouver le meilleur fournisseur et vous coter un prix. Si vous d\u00e9cidez de poursuivre nous arrangerons un rdv dans les bureaux du fournisseur afin que vous puissiez inspecter la pierre et vivre le processus de n\u00e9gociations.<\/p>\n<p>Si l'affaire se fait et le paiement est r\u00e9gl\u00e9 nous organiserons tous les documents n\u00e9cessaires pour soit envoyer le diamant vers la destination de votre choix ou vous pourrez l'emporter avec vous. Aucun frais ne sera per\u00e7u si l'affaire ne se fait pas.<\/p>\n<p>Pour rendre l'exp\u00e9rience compl\u00e8te nous vous proposons une visite de la bourse diamantaire ainsi qu\u2019un atelier de taille afin que vous voyiez les artisans qualifi\u00e9s \u00e0 l'\u0153uvre.<\/p>\n\t<\/div>\n<\/div>\t\t<\/div>\n\t<\/div>\n<\/div><div id=\"column-69e178ff64607\" class=\"fw-col-sm-6 tf-sh-fa941bee1333287edacc0f0e79f02bc3  fw-col-no-padding\" >\n\t<div class=\"fw-wrap-col-inner clearfix  \"   >\n\t\t\t\t<div class=\"fw-col-inner\">\n\t\t\t    <!-- Radius Image -->\n            <div class=\"fw-block-image-parent  \"              style=\"width: 100%; \">\n            <div class=\"fw-block-image-child fw-ratio-3-4 fw-ratio-container\">\n                <meta property=\"og:image\" content=\"https:\/\/yourprivatediamondbroker.com\/wp-content\/uploads\/2018\/03\/Layer-281.png\" \/><noscript itemscope itemtype=\"https:\/\/schema.org\/ImageObject\" itemprop=\"image\"><img decoding=\"async\" src=\"https:\/\/yourprivatediamondbroker.com\/wp-content\/uploads\/2018\/03\/Layer-281.png\"  alt=\"Diamond cutters\" data-maxdpr=\"1.7\" class=\"lazyload\" \/><meta itemprop=\"url\" content=\"https:\/\/yourprivatediamondbroker.com\/wp-content\/uploads\/2018\/03\/Layer-281.png\"><meta itemprop=\"width\" content=\"471\"><meta itemprop=\"height\" content=\"620\"><\/noscript><img decoding=\"async\" src=\"data:image\/gif;base64,R0lGODlhAQABAIAAAAAAAP\/\/\/yH5BAEAAAAALAAAAAABAAEAAAIBRAA7\" data-sizes=\"auto\" data-srcset=\"https:\/\/yourprivatediamondbroker.com\/wp-content\/uploads\/2018\/03\/Layer-281-228x300.png 228w, https:\/\/yourprivatediamondbroker.com\/wp-content\/uploads\/2018\/03\/Layer-281-295x393.png 295w, https:\/\/yourprivatediamondbroker.com\/wp-content\/uploads\/2018\/03\/Layer-281.png 471w\"   alt=\"Diamond cutters\" data-maxdpr=\"1.7\" class=\"lazyload\" \/>                                            <\/div>\n        <\/div>\n    \t\t<\/div>\n\t<\/div>\n<\/div><\/div>\n\n<div class=\"fw-row\">\n\t<div id=\"column-69e178ff6497c\" class=\"fw-col-sm-12 tf-sh-32e0552c45e0e6df60f853d3f2e9ae59\" >\n\t<div class=\"fw-wrap-col-inner clearfix  \"   >\n\t\t\t\t<div class=\"fw-col-inner\">\n\t\t\t<div class=\"fw-divider-space  fw-custom-space  clearfix\" style=\"height:150px;\" ><\/div>\t\t<\/div>\n\t<\/div>\n<\/div><\/div>\n\n\t<\/div>\n\t<\/section><section   class=\"fw-main-row-custom  auto fw-content-vertical-align-middle fw-section-position-back tf-sh-fcb5509cb2a33f0cd1207b29661ecbe8 custom-section\"    >\n\t\t\t<div class=\"fw-container\" >\n\t\t<div class=\"fw-row\">\n\t<div id=\"column-69e178ff64bb6\" class=\"fw-col-sm-6 tf-sh-b26aae337a8249ef13f76d053bbaab2e  fw-col-no-padding\" >\n\t<div class=\"fw-wrap-col-inner clearfix  \"   >\n\t\t\t\t<div class=\"fw-col-inner\">\n\t\t\t    <!-- Radius Image -->\n            <div class=\"fw-block-image-parent ruimte \"              style=\"width: 100%; \">\n            <div class=\"fw-block-image-child fw-ratio-3-2 fw-ratio-container\">\n                <meta property=\"og:image\" content=\"https:\/\/yourprivatediamondbroker.com\/wp-content\/uploads\/2018\/06\/shutterstock_1044199870.jpg\" \/><noscript itemscope itemtype=\"https:\/\/schema.org\/ImageObject\" itemprop=\"image\"><img decoding=\"async\" src=\"https:\/\/yourprivatediamondbroker.com\/wp-content\/uploads\/2018\/06\/shutterstock_1044199870.jpg\"  alt=\"shutterstock_1044199870\" data-maxdpr=\"1.7\" class=\"lazyload\" \/><meta itemprop=\"url\" content=\"https:\/\/yourprivatediamondbroker.com\/wp-content\/uploads\/2018\/06\/shutterstock_1044199870.jpg\"><meta itemprop=\"width\" content=\"570\"><meta itemprop=\"height\" content=\"380\"><\/noscript><img decoding=\"async\" src=\"data:image\/gif;base64,R0lGODlhAQABAIAAAAAAAP\/\/\/yH5BAEAAAAALAAAAAABAAEAAAIBRAA7\" data-sizes=\"auto\" data-srcset=\"https:\/\/yourprivatediamondbroker.com\/wp-content\/uploads\/2018\/06\/shutterstock_1044199870-300x200.jpg 300w, https:\/\/yourprivatediamondbroker.com\/wp-content\/uploads\/2018\/06\/shutterstock_1044199870.jpg 570w\"   alt=\"shutterstock_1044199870\" data-maxdpr=\"1.7\" class=\"lazyload\" \/>                                            <\/div>\n        <\/div>\n    \t\t<\/div>\n\t<\/div>\n<\/div><div id=\"column-69e178ff64def\" class=\"fw-col-sm-6 tf-sh-eaff43bc1012cbaf4b2d067fc00816be\" >\n\t<div class=\"fw-wrap-col-inner clearfix  \"   >\n\t\t\t\t<div class=\"fw-col-inner\">\n\t\t\t<div class=\"fw-text-box tf-sh-c65ca1c2dd333739a48ac62776baae1e \" >\n\t<div class=\"fw-text-inner\">\n\t\t<p>Mis \u00e0 part d'\u00eatre une la capitale mondiale du diamant, Anvers est une ville riche en histoire, avec une culture anim\u00e9e et des restaurants et du shopping \u00e0 rivaliser avec les plus grandes m\u00e9tropoles du monde.<\/p>\n<p>Si vous le d\u00e9sirer nous pouvons organiser vos transferts depuis les gares ou a\u00e9roports ainsi que faire des r\u00e9servations d\u2019h\u00f4tels \u00e0 prix r\u00e9duits.<\/p>\n<p>Pourquoi ne pas combiner votre s\u00e9jour \u00e0 Anvers avec une visite \u00e0 Bruxelles ou Bruges\u00a0qui vous laissera des souvenirs inoubliables. Les \u00e9conomies consid\u00e9rables que vous ferrez sut votre achat en utilisant nos services couvrirons vos frais de voyages et bien plus.<\/p>\n<p>Si vous ne pouvez pas vous d\u00e9placer \u00e0 Anvers mais pr\u00e9f\u00e9rez faire votre achat \u00e0 New-York, Tel-Aviv ou Hong-Kong un de nos partenaires locaux se feront un plaisir de vous assister et de s'occuper de vous.<\/p>\n\t<\/div>\n<\/div>\t\t<\/div>\n\t<\/div>\n<\/div><\/div>\n\n<div class=\"fw-row\">\n\t<div id=\"column-69e178ff64f18\" class=\"fw-col-sm-12 tf-sh-32e0552c45e0e6df60f853d3f2e9ae59\" >\n\t<div class=\"fw-wrap-col-inner clearfix  \"   >\n\t\t\t\t<div class=\"fw-col-inner\">\n\t\t\t<div class=\"fw-divider-space  fw-custom-space  clearfix\" style=\"height:120px;\" ><\/div>\t\t<\/div>\n\t<\/div>\n<\/div><\/div>\n\n\t<\/div>\n\t<\/section><section   class=\"fw-main-row-custom  auto  fw-section-position-back tf-sh-c7109ed03b20b16eb6d0c1540c5daf06\"    >\n\t\t\t<div class=\"fw-container\" >\n\t\t<div class=\"fw-row\">\n\t<div id=\"column-69e178ff65125\" class=\"fw-col-sm-12 tf-sh-32e0552c45e0e6df60f853d3f2e9ae59\" >\n\t<div class=\"fw-wrap-col-inner clearfix  \"   >\n\t\t\t\t<div class=\"fw-col-inner\">\n\t\t\t<div class=\"fw-heading fw-heading-center  tf-sh-5102620fa39b40b50c7282bdedb314a6\" >\n\t\t\t<h2 class=\"fw-special-title\">L'exp\u00e9rience traditionelle<\/h2>\n\t\n\t\n\t<\/div>\t\t<\/div>\n\t<\/div>\n<\/div><\/div>\n\n<div class=\"fw-row\">\n\t<div id=\"column-69e178ff65224\" class=\"fw-col-sm-12 tf-sh-32e0552c45e0e6df60f853d3f2e9ae59\" >\n\t<div class=\"fw-wrap-col-inner clearfix  \"   >\n\t\t\t\t<div class=\"fw-col-inner\">\n\t\t\t<div class=\"fw-divider-space space-sm  clearfix\"  ><\/div>\t\t<\/div>\n\t<\/div>\n<\/div><\/div>\n\n<div class=\"fw-row\">\n\t<div id=\"column-69e178ff65316\" class=\"fw-col-sm-4 tf-sh-51892a5c7ccef5e3d865bef4fa6919ba\" >\n\t<div class=\"fw-wrap-col-inner clearfix  \"   >\n\t\t\t\t<div class=\"fw-col-inner\">\n\t\t\t<div class=\"fw-text-box tf-sh-67053f72bce72f0ff0afb094ffa1abb6 \" >\n\t<div class=\"fw-text-inner\">\n\t\t<h2 class=\"font_2\" style=\"text-align: center;\">Phase 1<\/h2>\n<p style=\"text-align: center;\"><strong>CHOISISSEZ VOTRE DIAMANT<\/strong><\/p>\n\t<\/div>\n<\/div>\t\t<\/div>\n\t<\/div>\n<\/div><div id=\"column-69e178ff653e6\" class=\"fw-col-sm-4 tf-sh-776e626da9e18940888777960685ef29\" >\n\t<div class=\"fw-wrap-col-inner clearfix  \"   >\n\t\t\t\t<div class=\"fw-col-inner\">\n\t\t\t<div class=\"fw-text-box tf-sh-509c383aa44810f101c6b9352f8f46fc \" >\n\t<div class=\"fw-text-inner\">\n\t\t<h2 class=\"font_2\" style=\"text-align: center;\">Phase 2<\/h2>\n<p style=\"text-align: center;\"><strong>NOUS LE LOCALISON POUR VOUS<\/strong><\/p>\n\t<\/div>\n<\/div>\t\t<\/div>\n\t<\/div>\n<\/div><div id=\"column-69e178ff65494\" class=\"fw-col-sm-4 tf-sh-8bcb7c816248ef1cda24de23463428d4\" >\n\t<div class=\"fw-wrap-col-inner clearfix  \"   >\n\t\t\t\t<div class=\"fw-col-inner\">\n\t\t\t<div class=\"fw-text-box tf-sh-1f996fcf2d6fa8b4127a16bd4f05d32b \" >\n\t<div class=\"fw-text-inner\">\n\t\t<h2 class=\"font_2\" style=\"text-align: center;\">Phase 3<\/h2>\n<p style=\"text-align: center;\"><strong>ENVOYEZ OU EMPORTEZ VOTRE DIAMANT CHEZ VOUS<\/strong><\/p>\n\t<\/div>\n<\/div>\t\t<\/div>\n\t<\/div>\n<\/div><\/div>\n\n\t<\/div>\n\t<\/section><section   class=\"fw-main-row-custom  auto fw-content-vertical-align-middle fw-section-position-back tf-sh-035f4bd01784b73e50f521bb7a7ce68e custom-section\"    >\n\t\t\t<div class=\"fw-container\" >\n\t\t<div class=\"fw-row\">\n\t<div id=\"column-69e178ff656a4\" class=\"fw-col-sm-6 tf-sh-37856307825cae29a8617aaa204fee36\" >\n\t<div class=\"fw-wrap-col-inner clearfix  \"   >\n\t\t\t\t<div class=\"fw-col-inner\">\n\t\t\t<div class=\"fw-text-box tf-sh-d4215e3731c4f513700d5fff7c07f87f \" >\n\t<div class=\"fw-text-inner\">\n\t\t<p><strong>L'EXP\u00c9RIENCE TRADITIONNELLE<\/strong><\/p>\n<p>Si vous le pr\u00e9f\u00e9rer nous pouvons aussi nous occuper de tout pendant que vous restez tranquillement chez vous.<\/p>\n<p>Faite votre choix, nous localiserons le diamant le plus avantageux et vous enverrons tous les d\u00e9tails.<\/p>\n<p>La technologie moderne permet de faire des photos 3D exceptionnelles et vous pourrez voire votre diamant et faire vous-m\u00eame votre offre et nous n\u00e9gocierons le meilleur prix.<\/p>\n\t<\/div>\n<\/div>\t\t<\/div>\n\t<\/div>\n<\/div><div id=\"column-69e178ff6579b\" class=\"fw-col-sm-6 tf-sh-5593063803636fc743f7cf9add9dd8aa  fw-col-no-padding\" >\n\t<div class=\"fw-wrap-col-inner clearfix  \"   >\n\t\t\t\t<div class=\"fw-col-inner\">\n\t\t\t    <!-- Radius Image -->\n            <div class=\"fw-block-image-parent  \"              style=\"width: 100%; \">\n            <div class=\"fw-block-image-child fw-noratio fw-ratio-container\">\n                <meta property=\"og:image\" content=\"https:\/\/yourprivatediamondbroker.com\/wp-content\/uploads\/2018\/03\/Layer-22-e1536754131856.png\" \/><noscript itemscope itemtype=\"https:\/\/schema.org\/ImageObject\" itemprop=\"image\"><img decoding=\"async\" src=\"https:\/\/yourprivatediamondbroker.com\/wp-content\/uploads\/2018\/03\/Layer-22-e1536754131856.png\"  alt=\"Layer-22\" data-maxdpr=\"1.7\" class=\"lazyload\" \/><meta itemprop=\"url\" content=\"https:\/\/yourprivatediamondbroker.com\/wp-content\/uploads\/2018\/03\/Layer-22-e1536754131856.png\"><meta itemprop=\"width\" content=\"889\"><meta itemprop=\"height\" content=\"841\"><\/noscript><img decoding=\"async\" src=\"data:image\/gif;base64,R0lGODlhAQABAIAAAAAAAP\/\/\/yH5BAEAAAAALAAAAAABAAEAAAIBRAA7\" data-sizes=\"auto\" data-srcset=\"https:\/\/yourprivatediamondbroker.com\/wp-content\/uploads\/2018\/03\/Layer-22-e1536754131856.png\"   alt=\"Layer-22\" data-maxdpr=\"1.7\" class=\"lazyload\" \/><span class=\"fw-after-no-ratio\" style=\"padding-bottom: 94.600674915636%\"><\/span>                                            <\/div>\n        <\/div>\n    \t\t<\/div>\n\t<\/div>\n<\/div><\/div>\n\n\t<\/div>\n\t<\/section><section   class=\"fw-main-row  auto  fw-section-position-back\"    >\n\t\t\t<div class=\"fw-container\" >\n\t\t<div class=\"fw-row\">\n\t<div id=\"column-69e178ff65b96\" class=\"fw-col-sm-12 tf-sh-32e0552c45e0e6df60f853d3f2e9ae59\" >\n\t<div class=\"fw-wrap-col-inner clearfix  \"   >\n\t\t\t\t<div class=\"fw-col-inner\">\n\t\t\t<div class=\"fw-divider-space  fw-custom-space  clearfix\" style=\"height:100px;\" ><\/div>\t\t<\/div>\n\t<\/div>\n<\/div><\/div>\n\n\t<\/div>\n\t<\/section><\/p>\n","protected":false},"excerpt":{"rendered":"<p>M\u00e9thode de travail L&rsquo;exp\u00e9rience ultime Phase 1 CHOISISSEZ VOTRE DIAMANT Phase 2 NOUS LE LOCALISON POUR VOUS Phase 3 VENEZ L\u2019INSPECTER A LA BOURSE A ANVERS ET NEGOCIER LE MEILLEUR PRIX Phase 4 ENVOYEZ OU EMPORTEZ VOTRE DIAMANT CHEZ VOUS Nous vous invitons \u00e0 venir \u00e0 Anvers et d\u00e9couvrir les coulisses du monde diamantaire. D\u00e8s [&hellip;]<\/p>\n","protected":false},"author":1,"featured_media":0,"parent":0,"menu_order":0,"comment_status":"closed","ping_status":"closed","template":"visual-builder-template.php","meta":{"footnotes":""},"class_list":["post-341","page","type-page","status-publish","hentry"],"yoast_head":"<!-- This site is optimized with the Yoast SEO plugin v25.4 - https:\/\/yoast.com\/wordpress\/plugins\/seo\/ -->\n<title>M\u00e9thode de travail - Your Private Diamond Broker<\/title>\n<meta name=\"robots\" content=\"index, follow, max-snippet:-1, max-image-preview:large, max-video-preview:-1\" \/>\n<link rel=\"canonical\" href=\"https:\/\/yourprivatediamondbroker.com\/fr\/how-we-work\/\" \/>\n<meta property=\"og:locale\" content=\"fr_FR\" \/>\n<meta property=\"og:type\" content=\"article\" \/>\n<meta property=\"og:title\" content=\"M\u00e9thode de travail - Your Private Diamond Broker\" \/>\n<meta property=\"og:description\" content=\"M\u00e9thode de travail L&#039;exp\u00e9rience ultime Phase 1 CHOISISSEZ VOTRE DIAMANT Phase 2 NOUS LE LOCALISON POUR VOUS Phase 3 VENEZ L\u2019INSPECTER A LA BOURSE A ANVERS ET NEGOCIER LE MEILLEUR PRIX Phase 4 ENVOYEZ OU EMPORTEZ VOTRE DIAMANT CHEZ VOUS Nous vous invitons \u00e0 venir \u00e0 Anvers et d\u00e9couvrir les coulisses du monde diamantaire. D\u00e8s [&hellip;]\" \/>\n<meta property=\"og:url\" content=\"https:\/\/yourprivatediamondbroker.com\/fr\/how-we-work\/\" \/>\n<meta property=\"og:site_name\" content=\"Your Private Diamond Broker\" \/>\n<meta property=\"article:modified_time\" content=\"2018-09-17T08:59:44+00:00\" \/>\n<meta property=\"og:image\" content=\"http:\/\/yourprivatediamondbroker.com\/wp-content\/uploads\/2018\/03\/Layer-281.png\" \/>\n<meta name=\"twitter:card\" content=\"summary_large_image\" \/>\n<meta name=\"twitter:label1\" content=\"Dur\u00e9e de lecture estim\u00e9e\" \/>\n\t<meta name=\"twitter:data1\" content=\"4 minutes\" \/>\n<script type=\"application\/ld+json\" class=\"yoast-schema-graph\">{\"@context\":\"https:\/\/schema.org\",\"@graph\":[{\"@type\":\"WebPage\",\"@id\":\"https:\/\/yourprivatediamondbroker.com\/fr\/how-we-work\/\",\"url\":\"https:\/\/yourprivatediamondbroker.com\/fr\/how-we-work\/\",\"name\":\"M\u00e9thode de travail - Your Private Diamond Broker\",\"isPartOf\":{\"@id\":\"https:\/\/yourprivatediamondbroker.com\/#website\"},\"primaryImageOfPage\":{\"@id\":\"https:\/\/yourprivatediamondbroker.com\/fr\/how-we-work\/#primaryimage\"},\"image\":{\"@id\":\"https:\/\/yourprivatediamondbroker.com\/fr\/how-we-work\/#primaryimage\"},\"thumbnailUrl\":\"http:\/\/yourprivatediamondbroker.com\/wp-content\/uploads\/2018\/03\/Layer-281.png\",\"datePublished\":\"2018-03-19T08:49:47+00:00\",\"dateModified\":\"2018-09-17T08:59:44+00:00\",\"breadcrumb\":{\"@id\":\"https:\/\/yourprivatediamondbroker.com\/fr\/how-we-work\/#breadcrumb\"},\"inLanguage\":\"fr-FR\",\"potentialAction\":[{\"@type\":\"ReadAction\",\"target\":[\"https:\/\/yourprivatediamondbroker.com\/fr\/how-we-work\/\"]}]},{\"@type\":\"ImageObject\",\"inLanguage\":\"fr-FR\",\"@id\":\"https:\/\/yourprivatediamondbroker.com\/fr\/how-we-work\/#primaryimage\",\"url\":\"http:\/\/yourprivatediamondbroker.com\/wp-content\/uploads\/2018\/03\/Layer-281.png\",\"contentUrl\":\"http:\/\/yourprivatediamondbroker.com\/wp-content\/uploads\/2018\/03\/Layer-281.png\"},{\"@type\":\"BreadcrumbList\",\"@id\":\"https:\/\/yourprivatediamondbroker.com\/fr\/how-we-work\/#breadcrumb\",\"itemListElement\":[{\"@type\":\"ListItem\",\"position\":1,\"name\":\"Home\",\"item\":\"https:\/\/yourprivatediamondbroker.com\/fr\/\"},{\"@type\":\"ListItem\",\"position\":2,\"name\":\"M\u00e9thode de travail\"}]},{\"@type\":\"WebSite\",\"@id\":\"https:\/\/yourprivatediamondbroker.com\/#website\",\"url\":\"https:\/\/yourprivatediamondbroker.com\/\",\"name\":\"Your Private Diamond Broker\",\"description\":\"Find the perfect diamond\",\"potentialAction\":[{\"@type\":\"SearchAction\",\"target\":{\"@type\":\"EntryPoint\",\"urlTemplate\":\"https:\/\/yourprivatediamondbroker.com\/?s={search_term_string}\"},\"query-input\":{\"@type\":\"PropertyValueSpecification\",\"valueRequired\":true,\"valueName\":\"search_term_string\"}}],\"inLanguage\":\"fr-FR\"}]}<\/script>\n<!-- \/ Yoast SEO plugin. -->","yoast_head_json":{"title":"M\u00e9thode de travail - Your Private Diamond Broker","robots":{"index":"index","follow":"follow","max-snippet":"max-snippet:-1","max-image-preview":"max-image-preview:large","max-video-preview":"max-video-preview:-1"},"canonical":"https:\/\/yourprivatediamondbroker.com\/fr\/how-we-work\/","og_locale":"fr_FR","og_type":"article","og_title":"M\u00e9thode de travail - Your Private Diamond Broker","og_description":"M\u00e9thode de travail L'exp\u00e9rience ultime Phase 1 CHOISISSEZ VOTRE DIAMANT Phase 2 NOUS LE LOCALISON POUR VOUS Phase 3 VENEZ L\u2019INSPECTER A LA BOURSE A ANVERS ET NEGOCIER LE MEILLEUR PRIX Phase 4 ENVOYEZ OU EMPORTEZ VOTRE DIAMANT CHEZ VOUS Nous vous invitons \u00e0 venir \u00e0 Anvers et d\u00e9couvrir les coulisses du monde diamantaire. D\u00e8s [&hellip;]","og_url":"https:\/\/yourprivatediamondbroker.com\/fr\/how-we-work\/","og_site_name":"Your Private Diamond Broker","article_modified_time":"2018-09-17T08:59:44+00:00","og_image":[{"url":"http:\/\/yourprivatediamondbroker.com\/wp-content\/uploads\/2018\/03\/Layer-281.png","type":"","width":"","height":""}],"twitter_card":"summary_large_image","twitter_misc":{"Dur\u00e9e de lecture estim\u00e9e":"4 minutes"},"schema":{"@context":"https:\/\/schema.org","@graph":[{"@type":"WebPage","@id":"https:\/\/yourprivatediamondbroker.com\/fr\/how-we-work\/","url":"https:\/\/yourprivatediamondbroker.com\/fr\/how-we-work\/","name":"M\u00e9thode de travail - Your Private Diamond Broker","isPartOf":{"@id":"https:\/\/yourprivatediamondbroker.com\/#website"},"primaryImageOfPage":{"@id":"https:\/\/yourprivatediamondbroker.com\/fr\/how-we-work\/#primaryimage"},"image":{"@id":"https:\/\/yourprivatediamondbroker.com\/fr\/how-we-work\/#primaryimage"},"thumbnailUrl":"http:\/\/yourprivatediamondbroker.com\/wp-content\/uploads\/2018\/03\/Layer-281.png","datePublished":"2018-03-19T08:49:47+00:00","dateModified":"2018-09-17T08:59:44+00:00","breadcrumb":{"@id":"https:\/\/yourprivatediamondbroker.com\/fr\/how-we-work\/#breadcrumb"},"inLanguage":"fr-FR","potentialAction":[{"@type":"ReadAction","target":["https:\/\/yourprivatediamondbroker.com\/fr\/how-we-work\/"]}]},{"@type":"ImageObject","inLanguage":"fr-FR","@id":"https:\/\/yourprivatediamondbroker.com\/fr\/how-we-work\/#primaryimage","url":"http:\/\/yourprivatediamondbroker.com\/wp-content\/uploads\/2018\/03\/Layer-281.png","contentUrl":"http:\/\/yourprivatediamondbroker.com\/wp-content\/uploads\/2018\/03\/Layer-281.png"},{"@type":"BreadcrumbList","@id":"https:\/\/yourprivatediamondbroker.com\/fr\/how-we-work\/#breadcrumb","itemListElement":[{"@type":"ListItem","position":1,"name":"Home","item":"https:\/\/yourprivatediamondbroker.com\/fr\/"},{"@type":"ListItem","position":2,"name":"M\u00e9thode de travail"}]},{"@type":"WebSite","@id":"https:\/\/yourprivatediamondbroker.com\/#website","url":"https:\/\/yourprivatediamondbroker.com\/","name":"Your Private Diamond Broker","description":"Find the perfect diamond","potentialAction":[{"@type":"SearchAction","target":{"@type":"EntryPoint","urlTemplate":"https:\/\/yourprivatediamondbroker.com\/?s={search_term_string}"},"query-input":{"@type":"PropertyValueSpecification","valueRequired":true,"valueName":"search_term_string"}}],"inLanguage":"fr-FR"}]}},"_links":{"self":[{"href":"https:\/\/yourprivatediamondbroker.com\/fr\/wp-json\/wp\/v2\/pages\/341","targetHints":{"allow":["GET"]}}],"collection":[{"href":"https:\/\/yourprivatediamondbroker.com\/fr\/wp-json\/wp\/v2\/pages"}],"about":[{"href":"https:\/\/yourprivatediamondbroker.com\/fr\/wp-json\/wp\/v2\/types\/page"}],"author":[{"embeddable":true,"href":"https:\/\/yourprivatediamondbroker.com\/fr\/wp-json\/wp\/v2\/users\/1"}],"replies":[{"embeddable":true,"href":"https:\/\/yourprivatediamondbroker.com\/fr\/wp-json\/wp\/v2\/comments?post=341"}],"version-history":[{"count":5,"href":"https:\/\/yourprivatediamondbroker.com\/fr\/wp-json\/wp\/v2\/pages\/341\/revisions"}],"predecessor-version":[{"id":3195,"href":"https:\/\/yourprivatediamondbroker.com\/fr\/wp-json\/wp\/v2\/pages\/341\/revisions\/3195"}],"wp:attachment":[{"href":"https:\/\/yourprivatediamondbroker.com\/fr\/wp-json\/wp\/v2\/media?parent=341"}],"curies":[{"name":"wp","href":"https:\/\/api.w.org\/{rel}","templated":true}]}}