{"id":347,"date":"2018-03-19T08:49:17","date_gmt":"2018-03-19T08:49:17","guid":{"rendered":"http:\/\/yourprivatediamondbroker.com\/what-we-do\/"},"modified":"2018-09-17T09:54:58","modified_gmt":"2018-09-17T09:54:58","slug":"what-we-do","status":"publish","type":"page","link":"https:\/\/yourprivatediamondbroker.com\/fr\/what-we-do\/","title":{"rendered":"Que faisons nous"},"content":{"rendered":"<p><section   class=\"fw-main-row  auto  fw-section-position-back\"    >\n\t\t\t<div class=\"fw-container\" >\n\t\t<div class=\"fw-row\">\n\t<div id=\"column-69e178ffdc106\" class=\"fw-col-sm-12 tf-sh-4290c2f0caa6d189dafc4551a55bd55e\" >\n\t<div class=\"fw-wrap-col-inner clearfix  \"   >\n\t\t\t\t<div class=\"fw-col-inner\">\n\t\t\t<div class=\"fw-divider-space  fw-custom-space  clearfix\" style=\"height:120px;\" ><\/div>\t\t<\/div>\n\t<\/div>\n<\/div><\/div>\n\n\t<\/div>\n\t<\/section><section   class=\"fw-main-row-custom  fw-section-height-custom  fw-section-position-back tf-sh-bdbbc0b6164169b31cee8ce4faa6b073\"  style=\" background-color:#a5a59b; height: 200px;\"  >\n\t\t\t<div class=\"fw-container-fluid\" >\n\t\t<div class=\"fw-row\">\n\t<div id=\"column-69e178ffdc354\" class=\"fw-col-sm-12 tf-sh-7e06d0c242f8d6f3c02c8fbb08572392 centered-text\" >\n\t<div class=\"fw-wrap-col-inner clearfix  \"   >\n\t\t\t\t<div class=\"fw-col-inner\">\n\t\t\t<div class=\"fw-divider-space  fw-custom-space  clearfix\" style=\"height:6px;\" ><\/div><div class=\"fw-heading fw-heading-center  tf-sh-352878ecb6f3d10e40c1137c906b51f3\" >\n\t\t\t<h1 class=\"fw-special-title\">Que faisons nous?<\/h1>\n\t\n\t\n\t<\/div>\t\t<\/div>\n\t<\/div>\n<\/div><\/div>\n\n\t<\/div>\n\t<\/section><section   class=\"fw-main-row  auto  fw-section-position-back\"    >\n\t\t\t<div class=\"fw-container\" >\n\t\t<div class=\"fw-row\">\n\t<div id=\"column-69e178ffdc5c9\" class=\"fw-col-sm-12 tf-sh-979cbcc20181126131f64cd08ab92a8e centered-text\" >\n\t<div class=\"fw-wrap-col-inner clearfix  \"   >\n\t\t\t\t<div class=\"fw-col-inner\">\n\t\t\t<div class=\"fw-text-box tf-sh-17af5ffc0e11e09daaa839ef96b34016 \" >\n\t<div class=\"fw-text-inner\">\n\t\t<p class=\"font_7\" style=\"text-align: center;\"><em>Alors que beaucoup de sites offrent d\u2019\u00eatre les moins chers ceci va g\u00e9n\u00e9ralement\u00a0de pair avec des d\u00e9fauts. Personne ne peut offrir le meilleur pour le prix le plus bas.<\/em><\/p>\n\t<\/div>\n<\/div>\t\t<\/div>\n\t<\/div>\n<\/div><\/div>\n\n\t<\/div>\n\t<\/section><section   class=\"fw-main-row-custom  auto  fw-section-position-back tf-sh-fcb5509cb2a33f0cd1207b29661ecbe8 custom-section\"    >\n\t\t\t<div class=\"fw-container\" style=\"background-color:#ffffff;\">\n\t\t<div class=\"fw-row\">\n\t<div id=\"column-69e178ffdc851\" class=\"fw-col-sm-6 tf-sh-eaff43bc1012cbaf4b2d067fc00816be\" >\n\t<div class=\"fw-wrap-col-inner clearfix  \"   >\n\t\t\t\t<div class=\"fw-col-inner\">\n\t\t\t<div class=\"fw-text-box tf-sh-76d2299ee03d420037a5170d880db144 \" >\n\t<div class=\"fw-text-inner\">\n\t\t<div id=\"comp-ivavy7xl\" class=\"txtNew\" data-packed=\"true\">\n<p><strong>NOUS VOUS AMENONS CHEZ LES GROSSISTES EN DIAMANTS.<\/strong><\/p>\n<p>Avez-vous d\u00e9j\u00e0 fl\u00e2ne devant les bijouteries place Vend\u00f4me, Bond Street ou Fifth Avenue a New-York et \u00e9t\u00e9 \u00e9merveill\u00e9s par ces magnifiques gemmes qui scintillent dans les vitrines\u00a0?<\/p>\n<p>Elles proviennent toutes des meilleurs tailleurs de diamants au monde et ensuite vendues a des commer\u00e7ants tri\u00e9s sur le volet afin de r\u00e9pondre aux crit\u00e8res \u00e9lev\u00e9s que demandent ces bijoutiers haut de gamme.<\/p>\n<p>Diamex, notre soci\u00e9t\u00e9 \u2013m\u00e8re, fourni des diamants a ces bijoutiers depuis plus de 50 ans. Ceci veut dire que nous vous amenons chez ces m\u00eame tailleurs et fournisseurs vous donnant ainsi la possibilit\u00e9 d'acheter les m\u00eame diamants mais a prix de gros. Le b\u00e9n\u00e9fice sera tout v\u00f4tre.<\/p>\n<p>Si vous vous interrogez comment nous pouvons faire la m\u00eame chose moins cher c'est car nous n avons pas de grand inventaire couteux, mais nous avons acc\u00e8s a des milliers de diamants, de petits a tr\u00e8s grands, blancs a teint\u00e9s et m\u00eame des diamants de couleurs rares directement a la source.<\/p>\n<p>Nous pouvons fournir des diamants pour chaque budget. De gemme de la plus haute qualit\u00e9 a des diamants commerciaux et m\u00eame des pierres exceptionnelles.<\/p>\n<\/div>\n\t<\/div>\n<\/div>\t\t<\/div>\n\t<\/div>\n<\/div><div id=\"column-69e178ffdc959\" class=\"fw-col-sm-6 tf-sh-b26aae337a8249ef13f76d053bbaab2e  fw-col-no-padding\" >\n\t<div class=\"fw-wrap-col-inner clearfix  \"   >\n\t\t\t\t<div class=\"fw-col-inner\">\n\t\t\t    <!-- Radius Image -->\n            <div class=\"fw-block-image-parent  \"              style=\"width: 100%; \">\n            <div class=\"fw-block-image-child fw-ratio-3-4 fw-ratio-container\">\n                <meta property=\"og:image\" content=\"https:\/\/yourprivatediamondbroker.com\/wp-content\/uploads\/2018\/06\/shutterstock_1037670847.jpg\" \/><noscript itemscope itemtype=\"https:\/\/schema.org\/ImageObject\" itemprop=\"image\"><img decoding=\"async\" src=\"https:\/\/yourprivatediamondbroker.com\/wp-content\/uploads\/2018\/06\/shutterstock_1037670847.jpg\"  alt=\"shutterstock_1037670847\" data-maxdpr=\"1.7\" class=\"lazyload\" \/><meta itemprop=\"url\" content=\"https:\/\/yourprivatediamondbroker.com\/wp-content\/uploads\/2018\/06\/shutterstock_1037670847.jpg\"><meta itemprop=\"width\" content=\"470\"><meta itemprop=\"height\" content=\"625\"><\/noscript><img decoding=\"async\" src=\"data:image\/gif;base64,R0lGODlhAQABAIAAAAAAAP\/\/\/yH5BAEAAAAALAAAAAABAAEAAAIBRAA7\" data-sizes=\"auto\" data-srcset=\"https:\/\/yourprivatediamondbroker.com\/wp-content\/uploads\/2018\/06\/shutterstock_1037670847-226x300.jpg 226w, https:\/\/yourprivatediamondbroker.com\/wp-content\/uploads\/2018\/06\/shutterstock_1037670847-295x393.jpg 295w, https:\/\/yourprivatediamondbroker.com\/wp-content\/uploads\/2018\/06\/shutterstock_1037670847.jpg 470w\"   alt=\"shutterstock_1037670847\" data-maxdpr=\"1.7\" class=\"lazyload\" \/>                                            <\/div>\n        <\/div>\n    \t\t<\/div>\n\t<\/div>\n<\/div><\/div>\n\n<div class=\"fw-row\">\n\t<div id=\"column-69e178ffdcca1\" class=\"fw-col-sm-12 tf-sh-7b393a385eda7bc7814ee1904b383534\" >\n\t<div class=\"fw-wrap-col-inner clearfix  \"   >\n\t\t\t\t<div class=\"fw-col-inner\">\n\t\t\t<div class=\"fw-divider-space space-md  clearfix\"  ><\/div>\t\t<\/div>\n\t<\/div>\n<\/div><\/div>\n\n\t<\/div>\n\t<\/section><section   class=\"fw-main-row  auto  fw-section-position-back\"    >\n\t\t\t<div class=\"fw-container\" >\n\t\t<div class=\"fw-row\">\n\t<div id=\"column-69e178ffdcec5\" class=\"fw-col-sm-12 tf-sh-4290c2f0caa6d189dafc4551a55bd55e\" >\n\t<div class=\"fw-wrap-col-inner clearfix  \"   >\n\t\t\t\t<div class=\"fw-col-inner\">\n\t\t\t<div class=\"fw-divider-space space-md  clearfix\"  ><\/div>\t\t<\/div>\n\t<\/div>\n<\/div><\/div>\n\n\t<\/div>\n\t<\/section><section   class=\"fw-main-row-custom  auto  fw-section-position-back tf-sh-e170f13a2ee56cf81d02ec2b51a03aee custom-section\"    >\n\t\t\t<div class=\"fw-container\" style=\"background-color:#ffffff;\">\n\t\t<div class=\"fw-row\">\n\t<div id=\"column-69e178ffdd0af\" class=\"fw-col-sm-6 tf-sh-1d44ec85b82c40f7c4744b8188c7a48e  fw-col-no-padding\" >\n\t<div class=\"fw-wrap-col-inner clearfix  \"   >\n\t\t\t\t<div class=\"fw-col-inner\">\n\t\t\t    <!-- Radius Image -->\n            <div class=\"fw-block-image-parent  \"              style=\"width: 100%; \">\n            <div class=\"fw-block-image-child fw-ratio-3-2 fw-ratio-container\">\n                <meta property=\"og:image\" content=\"https:\/\/yourprivatediamondbroker.com\/wp-content\/uploads\/2018\/06\/shutterstock_776742121.jpg\" \/><noscript itemscope itemtype=\"https:\/\/schema.org\/ImageObject\" itemprop=\"image\"><img decoding=\"async\" src=\"https:\/\/yourprivatediamondbroker.com\/wp-content\/uploads\/2018\/06\/shutterstock_776742121.jpg\"  alt=\"shutterstock_776742121\" data-maxdpr=\"1.7\" class=\"lazyload\" \/><meta itemprop=\"url\" content=\"https:\/\/yourprivatediamondbroker.com\/wp-content\/uploads\/2018\/06\/shutterstock_776742121.jpg\"><meta itemprop=\"width\" content=\"570\"><meta itemprop=\"height\" content=\"380\"><\/noscript><img decoding=\"async\" src=\"data:image\/gif;base64,R0lGODlhAQABAIAAAAAAAP\/\/\/yH5BAEAAAAALAAAAAABAAEAAAIBRAA7\" data-sizes=\"auto\" data-srcset=\"https:\/\/yourprivatediamondbroker.com\/wp-content\/uploads\/2018\/06\/shutterstock_776742121-300x200.jpg 300w, https:\/\/yourprivatediamondbroker.com\/wp-content\/uploads\/2018\/06\/shutterstock_776742121.jpg 570w\"   alt=\"shutterstock_776742121\" data-maxdpr=\"1.7\" class=\"lazyload\" \/>                                            <\/div>\n        <\/div>\n    \t\t<\/div>\n\t<\/div>\n<\/div><div id=\"column-69e178ffdd326\" class=\"fw-col-sm-6 tf-sh-10b89f859b01fd1f7be2c7d91e2085c0\" >\n\t<div class=\"fw-wrap-col-inner clearfix  \"   >\n\t\t\t\t<div class=\"fw-col-inner\">\n\t\t\t<div class=\"fw-text-box tf-sh-98476fe8104531ef2384764b5acdf1ff \" >\n\t<div class=\"fw-text-inner\">\n\t\t<div id=\"comp-ivavy7xl\" class=\"txtNew\" data-packed=\"true\">\n<p><strong>LES AVANTAGES DE TRAVAILLER AVEC NOUS<\/strong><\/p>\n<ul>\n<li>Achetez le m\u00eame diamant a moindre cout car vous avez acc\u00e8s a prix de gros<\/li>\n<li>Soyez garantis de la qualit\u00e9 car nous contr\u00f4lons que la pierre est correctement classifi\u00e9e<\/li>\n<li>Gagnez du temps car nous localiserons plusieurs diamants de votre choix que vous pourrez inspecter<\/li>\n<\/ul>\n<\/div>\n\t<\/div>\n<\/div>\t\t<\/div>\n\t<\/div>\n<\/div><\/div>\n\n\t<\/div>\n\t<\/section><\/p>\n","protected":false},"excerpt":{"rendered":"<p>Que faisons nous? Alors que beaucoup de sites offrent d\u2019\u00eatre les moins chers ceci va g\u00e9n\u00e9ralement\u00a0de pair avec des d\u00e9fauts. Personne ne peut offrir le meilleur pour le prix le plus bas. NOUS VOUS AMENONS CHEZ LES GROSSISTES EN DIAMANTS. Avez-vous d\u00e9j\u00e0 fl\u00e2ne devant les bijouteries place Vend\u00f4me, Bond Street ou Fifth Avenue a New-York [&hellip;]<\/p>\n","protected":false},"author":1,"featured_media":0,"parent":0,"menu_order":0,"comment_status":"closed","ping_status":"closed","template":"visual-builder-template.php","meta":{"footnotes":""},"class_list":["post-347","page","type-page","status-publish","hentry"],"yoast_head":"<!-- This site is optimized with the Yoast SEO plugin v25.4 - https:\/\/yoast.com\/wordpress\/plugins\/seo\/ -->\n<title>Que faisons nous - Your Private Diamond Broker<\/title>\n<meta name=\"description\" content=\"YPDB is your broker that can bring you directly to high quality jewel suppliers in Antwerp and helps you buy diamonds at the wholesale price, cheaper than in the stores.\" \/>\n<meta name=\"robots\" content=\"index, follow, max-snippet:-1, max-image-preview:large, max-video-preview:-1\" \/>\n<link rel=\"canonical\" href=\"https:\/\/yourprivatediamondbroker.com\/fr\/what-we-do\/\" \/>\n<meta property=\"og:locale\" content=\"fr_FR\" \/>\n<meta property=\"og:type\" content=\"article\" \/>\n<meta property=\"og:title\" content=\"Que faisons nous - Your Private Diamond Broker\" \/>\n<meta property=\"og:description\" content=\"YPDB is your broker that can bring you directly to high quality jewel suppliers in Antwerp and helps you buy diamonds at the wholesale price, cheaper than in the stores.\" \/>\n<meta property=\"og:url\" content=\"https:\/\/yourprivatediamondbroker.com\/fr\/what-we-do\/\" \/>\n<meta property=\"og:site_name\" content=\"Your Private Diamond Broker\" \/>\n<meta property=\"article:modified_time\" content=\"2018-09-17T09:54:58+00:00\" \/>\n<meta property=\"og:image\" content=\"http:\/\/yourprivatediamondbroker.com\/wp-content\/uploads\/2018\/06\/shutterstock_1037670847.jpg\" \/>\n<meta name=\"twitter:card\" content=\"summary_large_image\" \/>\n<meta name=\"twitter:label1\" content=\"Dur\u00e9e de lecture estim\u00e9e\" \/>\n\t<meta name=\"twitter:data1\" content=\"3 minutes\" \/>\n<script type=\"application\/ld+json\" class=\"yoast-schema-graph\">{\"@context\":\"https:\/\/schema.org\",\"@graph\":[{\"@type\":\"WebPage\",\"@id\":\"https:\/\/yourprivatediamondbroker.com\/fr\/what-we-do\/\",\"url\":\"https:\/\/yourprivatediamondbroker.com\/fr\/what-we-do\/\",\"name\":\"Que faisons nous - Your Private Diamond Broker\",\"isPartOf\":{\"@id\":\"https:\/\/yourprivatediamondbroker.com\/#website\"},\"primaryImageOfPage\":{\"@id\":\"https:\/\/yourprivatediamondbroker.com\/fr\/what-we-do\/#primaryimage\"},\"image\":{\"@id\":\"https:\/\/yourprivatediamondbroker.com\/fr\/what-we-do\/#primaryimage\"},\"thumbnailUrl\":\"http:\/\/yourprivatediamondbroker.com\/wp-content\/uploads\/2018\/06\/shutterstock_1037670847.jpg\",\"datePublished\":\"2018-03-19T08:49:17+00:00\",\"dateModified\":\"2018-09-17T09:54:58+00:00\",\"description\":\"YPDB is your broker that can bring you directly to high quality jewel suppliers in Antwerp and helps you buy diamonds at the wholesale price, cheaper than in the stores.\",\"breadcrumb\":{\"@id\":\"https:\/\/yourprivatediamondbroker.com\/fr\/what-we-do\/#breadcrumb\"},\"inLanguage\":\"fr-FR\",\"potentialAction\":[{\"@type\":\"ReadAction\",\"target\":[\"https:\/\/yourprivatediamondbroker.com\/fr\/what-we-do\/\"]}]},{\"@type\":\"ImageObject\",\"inLanguage\":\"fr-FR\",\"@id\":\"https:\/\/yourprivatediamondbroker.com\/fr\/what-we-do\/#primaryimage\",\"url\":\"http:\/\/yourprivatediamondbroker.com\/wp-content\/uploads\/2018\/06\/shutterstock_1037670847.jpg\",\"contentUrl\":\"http:\/\/yourprivatediamondbroker.com\/wp-content\/uploads\/2018\/06\/shutterstock_1037670847.jpg\"},{\"@type\":\"BreadcrumbList\",\"@id\":\"https:\/\/yourprivatediamondbroker.com\/fr\/what-we-do\/#breadcrumb\",\"itemListElement\":[{\"@type\":\"ListItem\",\"position\":1,\"name\":\"Home\",\"item\":\"https:\/\/yourprivatediamondbroker.com\/fr\/\"},{\"@type\":\"ListItem\",\"position\":2,\"name\":\"Que faisons nous\"}]},{\"@type\":\"WebSite\",\"@id\":\"https:\/\/yourprivatediamondbroker.com\/#website\",\"url\":\"https:\/\/yourprivatediamondbroker.com\/\",\"name\":\"Your Private Diamond Broker\",\"description\":\"Find the perfect diamond\",\"potentialAction\":[{\"@type\":\"SearchAction\",\"target\":{\"@type\":\"EntryPoint\",\"urlTemplate\":\"https:\/\/yourprivatediamondbroker.com\/?s={search_term_string}\"},\"query-input\":{\"@type\":\"PropertyValueSpecification\",\"valueRequired\":true,\"valueName\":\"search_term_string\"}}],\"inLanguage\":\"fr-FR\"}]}<\/script>\n<!-- \/ Yoast SEO plugin. -->","yoast_head_json":{"title":"Que faisons nous - Your Private Diamond Broker","description":"YPDB is your broker that can bring you directly to high quality jewel suppliers in Antwerp and helps you buy diamonds at the wholesale price, cheaper than in the stores.","robots":{"index":"index","follow":"follow","max-snippet":"max-snippet:-1","max-image-preview":"max-image-preview:large","max-video-preview":"max-video-preview:-1"},"canonical":"https:\/\/yourprivatediamondbroker.com\/fr\/what-we-do\/","og_locale":"fr_FR","og_type":"article","og_title":"Que faisons nous - Your Private Diamond Broker","og_description":"YPDB is your broker that can bring you directly to high quality jewel suppliers in Antwerp and helps you buy diamonds at the wholesale price, cheaper than in the stores.","og_url":"https:\/\/yourprivatediamondbroker.com\/fr\/what-we-do\/","og_site_name":"Your Private Diamond Broker","article_modified_time":"2018-09-17T09:54:58+00:00","og_image":[{"url":"http:\/\/yourprivatediamondbroker.com\/wp-content\/uploads\/2018\/06\/shutterstock_1037670847.jpg","type":"","width":"","height":""}],"twitter_card":"summary_large_image","twitter_misc":{"Dur\u00e9e de lecture estim\u00e9e":"3 minutes"},"schema":{"@context":"https:\/\/schema.org","@graph":[{"@type":"WebPage","@id":"https:\/\/yourprivatediamondbroker.com\/fr\/what-we-do\/","url":"https:\/\/yourprivatediamondbroker.com\/fr\/what-we-do\/","name":"Que faisons nous - Your Private Diamond Broker","isPartOf":{"@id":"https:\/\/yourprivatediamondbroker.com\/#website"},"primaryImageOfPage":{"@id":"https:\/\/yourprivatediamondbroker.com\/fr\/what-we-do\/#primaryimage"},"image":{"@id":"https:\/\/yourprivatediamondbroker.com\/fr\/what-we-do\/#primaryimage"},"thumbnailUrl":"http:\/\/yourprivatediamondbroker.com\/wp-content\/uploads\/2018\/06\/shutterstock_1037670847.jpg","datePublished":"2018-03-19T08:49:17+00:00","dateModified":"2018-09-17T09:54:58+00:00","description":"YPDB is your broker that can bring you directly to high quality jewel suppliers in Antwerp and helps you buy diamonds at the wholesale price, cheaper than in the stores.","breadcrumb":{"@id":"https:\/\/yourprivatediamondbroker.com\/fr\/what-we-do\/#breadcrumb"},"inLanguage":"fr-FR","potentialAction":[{"@type":"ReadAction","target":["https:\/\/yourprivatediamondbroker.com\/fr\/what-we-do\/"]}]},{"@type":"ImageObject","inLanguage":"fr-FR","@id":"https:\/\/yourprivatediamondbroker.com\/fr\/what-we-do\/#primaryimage","url":"http:\/\/yourprivatediamondbroker.com\/wp-content\/uploads\/2018\/06\/shutterstock_1037670847.jpg","contentUrl":"http:\/\/yourprivatediamondbroker.com\/wp-content\/uploads\/2018\/06\/shutterstock_1037670847.jpg"},{"@type":"BreadcrumbList","@id":"https:\/\/yourprivatediamondbroker.com\/fr\/what-we-do\/#breadcrumb","itemListElement":[{"@type":"ListItem","position":1,"name":"Home","item":"https:\/\/yourprivatediamondbroker.com\/fr\/"},{"@type":"ListItem","position":2,"name":"Que faisons nous"}]},{"@type":"WebSite","@id":"https:\/\/yourprivatediamondbroker.com\/#website","url":"https:\/\/yourprivatediamondbroker.com\/","name":"Your Private Diamond Broker","description":"Find the perfect diamond","potentialAction":[{"@type":"SearchAction","target":{"@type":"EntryPoint","urlTemplate":"https:\/\/yourprivatediamondbroker.com\/?s={search_term_string}"},"query-input":{"@type":"PropertyValueSpecification","valueRequired":true,"valueName":"search_term_string"}}],"inLanguage":"fr-FR"}]}},"_links":{"self":[{"href":"https:\/\/yourprivatediamondbroker.com\/fr\/wp-json\/wp\/v2\/pages\/347","targetHints":{"allow":["GET"]}}],"collection":[{"href":"https:\/\/yourprivatediamondbroker.com\/fr\/wp-json\/wp\/v2\/pages"}],"about":[{"href":"https:\/\/yourprivatediamondbroker.com\/fr\/wp-json\/wp\/v2\/types\/page"}],"author":[{"embeddable":true,"href":"https:\/\/yourprivatediamondbroker.com\/fr\/wp-json\/wp\/v2\/users\/1"}],"replies":[{"embeddable":true,"href":"https:\/\/yourprivatediamondbroker.com\/fr\/wp-json\/wp\/v2\/comments?post=347"}],"version-history":[{"count":5,"href":"https:\/\/yourprivatediamondbroker.com\/fr\/wp-json\/wp\/v2\/pages\/347\/revisions"}],"predecessor-version":[{"id":3223,"href":"https:\/\/yourprivatediamondbroker.com\/fr\/wp-json\/wp\/v2\/pages\/347\/revisions\/3223"}],"wp:attachment":[{"href":"https:\/\/yourprivatediamondbroker.com\/fr\/wp-json\/wp\/v2\/media?parent=347"}],"curies":[{"name":"wp","href":"https:\/\/api.w.org\/{rel}","templated":true}]}}