{"id":357,"date":"2018-03-19T08:50:08","date_gmt":"2018-03-19T08:50:08","guid":{"rendered":"http:\/\/yourprivatediamondbroker.com\/about-us\/"},"modified":"2018-09-17T09:10:27","modified_gmt":"2018-09-17T09:10:27","slug":"about-us","status":"publish","type":"page","link":"https:\/\/yourprivatediamondbroker.com\/fr\/about-us\/","title":{"rendered":"A propos de nous"},"content":{"rendered":"<p><section   class=\"fw-main-row  auto  fw-section-position-back\"    >\n\t\t\t<div class=\"fw-container\" >\n\t\t<div class=\"fw-row\">\n\t<div id=\"column-69e1860e185b8\" class=\"fw-col-sm-12 tf-sh-bd5d52e5ad7b6507fba9379d83f89766\" >\n\t<div class=\"fw-wrap-col-inner clearfix  \"   >\n\t\t\t\t<div class=\"fw-col-inner\">\n\t\t\t<div class=\"fw-divider-space  fw-custom-space  clearfix\" style=\"height:120px;\" ><\/div>\t\t<\/div>\n\t<\/div>\n<\/div><\/div>\n\n\t<\/div>\n\t<\/section><section   class=\"fw-main-row-custom  fw-section-height-custom  fw-section-position-back tf-sh-78456866db67944166e2f7168d5b412c header-image\"  style=\" background-color:#a5a59b; height: 200px;\"  >\n\t\t\t<div class=\"fw-container-fluid\" >\n\t\t<div class=\"fw-row\">\n\t<div id=\"column-69e1860e187e4\" class=\"fw-col-sm-12 tf-sh-d7ff857134ae7f81efed2128a632fd22\" >\n\t<div class=\"fw-wrap-col-inner clearfix  \"   >\n\t\t\t\t<div class=\"fw-col-inner\">\n\t\t\t<div class=\"fw-divider-space  fw-custom-space  clearfix\" style=\"height:51px;\" ><\/div><div class=\"fw-heading fw-heading-center  tf-sh-04bbd199bc90500ef21fb58bb9318641\" >\n\t\t\t<h1 class=\"fw-special-title\">A propos de nous<\/h1>\n\t\n\t\n\t<\/div>\t\t<\/div>\n\t<\/div>\n<\/div><\/div>\n\n\t<\/div>\n\t<\/section><section   class=\"fw-main-row-custom  auto  fw-section-position-back tf-sh-4c9466c1fdb1f664f83eefb0244cb16d\"  style=\" background-color:#ffffff;\"  >\n\t\t\t<div class=\"fw-container-fluid\" >\n\t\t<div class=\"fw-row\">\n\t<div id=\"column-69e1860e18aa2\" class=\"fw-col-sm-12 tf-sh-188a25bbf10b25e3ef1a1510d550b00a centered-text\" >\n\t<div class=\"fw-wrap-col-inner clearfix  \"   >\n\t\t\t\t<div class=\"fw-col-inner\">\n\t\t\t<div class=\"fw-text-box tf-sh-7fdca5b0b2b4d551801f83476b400516 \" >\n\t<div class=\"fw-text-inner\">\n\t\t<p style=\"text-align: center;\">Avec plus de 50 ans d\u2018exp\u00e9rience dans le commerce et le fournissage de diamants aux plus prestigieuses maisons de\u00a0 joaillerie \u00e0 travers le monde nous sommes a votre service. Que vous d\u00e9sirez acheter une pierre en ligne ou vivre l\u2019exp\u00e9rience totale du commerce du diamant, vous pouvez \u00eatre garantis d\u2019un service de premi\u00e8re classe.<\/p>\n\t<\/div>\n<\/div>\t\t<\/div>\n\t<\/div>\n<\/div><\/div>\n\n\t<\/div>\n\t<\/section><section   class=\"fw-main-row-custom  fw-section-height-md  fw-section-position-back tf-sh-76d271b3fbc15997edf19a6b368a66c7 equal-height-col about\"  style=\" background-color:#ffffff;\"  >\n\t\t\t<div class=\"fw-container\" style=\"background-color:#ffffff;\">\n\t\t<div class=\"fw-row\">\n\t<div id=\"column-69e1860e18d4f\" class=\"fw-col-sm-4 tf-sh-8b90e52f8ac7d72508b3a1e4de8e1fcb\" >\n\t<div class=\"fw-wrap-col-inner clearfix   fw-column-height-custom\" style=\"height: 289px;\"  >\n\t\t\t\t<div class=\"fw-col-inner\">\n\t\t\t    <!-- Radius Image -->\n            <div class=\"fw-block-image-parent hoogte fw-block-image-center\"              style=\"width: 225px; \">\n            <div class=\"fw-block-image-child fw-noratio fw-ratio-container\">\n                <meta property=\"og:image\" content=\"https:\/\/yourprivatediamondbroker.com\/wp-content\/uploads\/2018\/09\/Y.P.D.B.676660-copy-1.png\" \/><noscript itemscope itemtype=\"https:\/\/schema.org\/ImageObject\" itemprop=\"image\"><img decoding=\"async\" src=\"https:\/\/yourprivatediamondbroker.com\/wp-content\/uploads\/2018\/09\/Y.P.D.B.676660-copy-1.png\"  alt=\"Y.P.D.B.676660 copy\" data-maxdpr=\"1.7\" width=\"225\" class=\"lazyload\" \/><meta itemprop=\"url\" content=\"https:\/\/yourprivatediamondbroker.com\/wp-content\/uploads\/2018\/09\/Y.P.D.B.676660-copy-1.png\"><meta itemprop=\"width\" content=\"591\"><meta itemprop=\"height\" content=\"277\"><\/noscript><img decoding=\"async\" src=\"data:image\/gif;base64,R0lGODlhAQABAIAAAAAAAP\/\/\/yH5BAEAAAAALAAAAAABAAEAAAIBRAA7\" data-sizes=\"auto\" data-srcset=\"https:\/\/yourprivatediamondbroker.com\/wp-content\/uploads\/2018\/09\/Y.P.D.B.676660-copy-1.png\"   alt=\"Y.P.D.B.676660 copy\" data-maxdpr=\"1.7\" width=\"225\" class=\"lazyload\" \/><span class=\"fw-after-no-ratio\" style=\"padding-bottom: 46.869712351946%\"><\/span>                                            <\/div>\n        <\/div>\n    \t\t<\/div>\n\t<\/div>\n<\/div><div id=\"column-69e1860e1902a\" class=\"fw-col-sm-8 tf-sh-efc72f3ae2025ef8a0a3e4f9378b8963\" >\n\t<div class=\"fw-wrap-col-inner clearfix  \"   >\n\t\t\t\t<div class=\"fw-col-inner\">\n\t\t\t<div class=\"fw-text-box tf-sh-9d76a40f43ea2f4a29ce88890bfe422d \" >\n\t<div class=\"fw-text-inner\">\n\t\t<h2>La Soci\u00e9t\u00e9<\/h2>\n<p>YPDB est un service de courtage et d\u2019assistance de grossistes\u00a0 a particuliers. Notre \u00e9quipe est une soci\u00e9t\u00e9 familiale de n\u00e9goce de diamants \u00e9tablie depuis plus de 50 ans dans le c\u00e9l\u00e8bre quartier diamantaire a Anvers et membre de la prestigieuse\u00a0Bourse Diamantaire Anversoise.<\/p>\n\t<\/div>\n<\/div>\t\t<\/div>\n\t<\/div>\n<\/div><\/div>\n\n\t<\/div>\n\t<\/section><section   class=\"fw-main-row  auto  fw-section-position-back\"    >\n\t\t\t<div class=\"fw-container\" >\n\t\t<div class=\"fw-row\">\n\t<div id=\"column-69e1860e19285\" class=\"fw-col-sm-12 tf-sh-bd5d52e5ad7b6507fba9379d83f89766\" >\n\t<div class=\"fw-wrap-col-inner clearfix  \"   >\n\t\t\t\t<div class=\"fw-col-inner\">\n\t\t\t<div class=\"fw-divider-space space-md  clearfix\"  ><\/div>\t\t<\/div>\n\t<\/div>\n<\/div><\/div>\n\n\t<\/div>\n\t<\/section><section   class=\"fw-main-row-custom  auto  fw-section-position-back tf-sh-adef774c942cc2b1ac59b1efc670e74c\"    >\n\t\t\t<div class=\"fw-container\" >\n\t\t<div class=\"fw-row\">\n\t<div id=\"column-69e1860e1946f\" class=\"fw-col-sm-12 tf-sh-1a71e4491ea36251f9aef8b89e31e015\" >\n\t<div class=\"fw-wrap-col-inner clearfix  \"   >\n\t\t\t\t<div class=\"fw-col-inner\">\n\t\t\t<div class=\"fw-text-box tf-sh-51e7d5e75ea78efd481ec9cd9e9d52be \" >\n\t<div class=\"fw-text-inner\">\n\t\t<p style=\"text-align: center;\">Notre \u00e9quipe de professionnels\u00a0 vous assistera et vous conseillera dans l\u2019achat de cette gemme merveilleuse que vous d\u00e9sirez.<\/p>\n\t<\/div>\n<\/div>\t\t<\/div>\n\t<\/div>\n<\/div><\/div>\n\n\t<\/div>\n\t<\/section><section   class=\"fw-main-row  auto  fw-section-position-back\"    >\n\t\t\t<div class=\"fw-container\" >\n\t\t<div class=\"fw-row\">\n\t<div id=\"column-69e1860e1965e\" class=\"fw-col-sm-12 tf-sh-bd5d52e5ad7b6507fba9379d83f89766\" >\n\t<div class=\"fw-wrap-col-inner clearfix  \"   >\n\t\t\t\t<div class=\"fw-col-inner\">\n\t\t\t<div class=\"fw-divider-space space-md  clearfix\"  ><\/div>\t\t<\/div>\n\t<\/div>\n<\/div><\/div>\n\n\t<\/div>\n\t<\/section><section   class=\"fw-main-row-custom  auto  fw-section-position-back tf-sh-f36e10ca521e3fdfdd11de703912c6a8\"    >\n\t\t\t<div class=\"fw-container\" >\n\t\t<div class=\"fw-row\">\n\t<div id=\"column-69e1860e198b3\" class=\"fw-col-sm-12 tf-sh-c88ff83b9a2a2245115e91f11c8b307a about-block\" >\n\t<div class=\"fw-wrap-col-inner clearfix  \"   >\n\t\t\t\t<div class=\"fw-col-inner\">\n\t\t\t<div class=\"fw-heading fw-heading-left  tf-sh-876b3f39d36a2fe085244f1099de99bb\" >\n\t\t\t<h2 class=\"fw-special-title\">Le fondateur<\/h2>\n\t\n\t\n\t<\/div><div class=\"fw-text-box tf-sh-4f4eac138c3cd1636a17ce13f3019084 \" >\n\t<div class=\"fw-text-inner\">\n\t\t<p>Au d\u00e9but des ann\u00e9es 1980 Michel Beller fils d'Artur Beller qui a servi comme pr\u00e9sident de la bourse du diamant d'Anvers pendant de nombreux mandats, a ouvert un atelier de taille de diamants nomm\u00e9 Diamex Manufacturing. Cet atelier a vite \u00e9t\u00e9 un des plus modernes et produisait des diamants de hautes qualit\u00e9s ,livr\u00e9s au plus exigeants des joailliers mondiaux.<\/p>\n<p>Aujourd\u2019hui notre philosophie est de donner aux particuliers la possibilit\u00e9 d acc\u00e9der a ces m\u00eames diamants directement a la source chez les grossistes en donnant \u00a0un service complet et l exp\u00e9rience \u00a0sous le m\u00eame toit.<\/p>\n\t<\/div>\n<\/div>    <!-- Radius Image -->\n            <div class=\"fw-block-image-parent  fw-block-image-circle fw-block-image-right\"              style=\"width: 400px; \">\n            <div class=\"fw-block-image-child fw-ratio-1 fw-ratio-container\">\n                <meta property=\"og:image\" content=\"https:\/\/yourprivatediamondbroker.com\/wp-content\/uploads\/2018\/05\/IMG_4401-1.jpg\" \/><noscript itemscope itemtype=\"https:\/\/schema.org\/ImageObject\" itemprop=\"image\"><img decoding=\"async\" src=\"https:\/\/yourprivatediamondbroker.com\/wp-content\/uploads\/2018\/05\/IMG_4401-1.jpg\"  alt=\"Michel Beller\" data-maxdpr=\"1.7\" width=\"400\" class=\"lazyload\" \/><meta itemprop=\"url\" content=\"https:\/\/yourprivatediamondbroker.com\/wp-content\/uploads\/2018\/05\/IMG_4401-1.jpg\"><meta itemprop=\"width\" content=\"3024\"><meta itemprop=\"height\" content=\"3779\"><\/noscript><img decoding=\"async\" src=\"data:image\/gif;base64,R0lGODlhAQABAIAAAAAAAP\/\/\/yH5BAEAAAAALAAAAAABAAEAAAIBRAA7\" data-sizes=\"auto\" data-srcset=\"https:\/\/yourprivatediamondbroker.com\/wp-content\/uploads\/2018\/05\/IMG_4401-1-150x150.jpg 150w, https:\/\/yourprivatediamondbroker.com\/wp-content\/uploads\/2018\/05\/IMG_4401-1-800x800.jpg 800w, https:\/\/yourprivatediamondbroker.com\/wp-content\/uploads\/2018\/05\/IMG_4401-1-300x300.jpg 300w\"   alt=\"Michel Beller\" data-maxdpr=\"1.7\" width=\"400\" class=\"lazyload\" \/>                                            <\/div>\n        <\/div>\n    <div class=\"fw-divider-space  fw-custom-space  clearfix\" style=\"height:6px;\" ><\/div>\t\t<\/div>\n\t<\/div>\n<\/div><\/div>\n\n\t<\/div>\n\t<\/section><section   class=\"fw-main-row-custom  auto  fw-section-position-back tf-sh-77561904d65190b8d2ce3b297f73dbdc team-section\"  style=\" background-color:#ffffff;\"  >\n\t\t\t<div class=\"fw-container\" >\n\t\t<div class=\"fw-row\">\n\t<div id=\"column-69e1860e19e2e\" class=\"fw-col-sm-12 tf-sh-bce80bd6b4ecaf1e0469c1e3c7176700\" >\n\t<div class=\"fw-wrap-col-inner clearfix  \"   >\n\t\t\t\t<div class=\"fw-col-inner\">\n\t\t\t\t<div  class=\"fw-divider fw-divider-special tf-sh-31ba8621b21eb9e8e49426a67c9430db  fw-divider-align-center fw-divider-full-width fw-line-solid space-md    \"  style=\"width: auto; \" >\n\t\t<div class=\"fw-divider-inner \" style=\"\">\n\t\t\t<span class=\"fw-divider-holder fw-divider-left \" style=\"border-color:#a5a59b;\"><\/span>\n\t\t\t<span class=\"fw-divider-title \" style=\"\">\n\t\t\t\t\t\t\t\t\t<h2>L'\u00e9quipe<\/h2>\t\t\t\t\t\t\t<\/span>\n\t\t\t<span class=\"fw-divider-holder fw-divider-right \" style=\"border-color:#a5a59b;\"><\/span>\n\t\t<\/div>\n\t<\/div>\n<div class=\"fw-divider-space space-sm  clearfix\"  ><\/div>\t\t<\/div>\n\t<\/div>\n<\/div><\/div>\n\n<div class=\"fw-row\">\n\t<div id=\"column-69e1860e1a032\" class=\"fw-col-sm-4 tf-sh-9f63df7ce32424f1a264d3506e50ecc6\" >\n\t<div class=\"fw-wrap-col-inner clearfix  \"   >\n\t\t\t\t<div class=\"fw-col-inner\">\n\t\t\t\t<div class=\"fw-team tf-sh-aaca302b301f4f40d03ea49e9f5faf9a  fw-content-align-center fw-team-member-type-1\" >\n\t\t\t\t\t<div style=\"width: 240px;\" class=\"fw-team-image fw-block-image-parent fw-block-image-circle\">\n\t\t\t\t<div class=\"fw-block-image-child fw-ratio-1 fw-ratio-container\"><meta property=\"og:image\" content=\"https:\/\/yourprivatediamondbroker.com\/wp-content\/uploads\/2018\/09\/shutterstock_1037670847-1.jpg\" \/><noscript itemscope itemtype=\"https:\/\/schema.org\/ImageObject\" itemprop=\"image\"><img decoding=\"async\" src=\"https:\/\/yourprivatediamondbroker.com\/wp-content\/uploads\/2018\/09\/shutterstock_1037670847-1.jpg\"  alt=\"shutterstock_1037670847 (1)\" data-maxdpr=\"1.7\" width=\"240\" class=\"lazyload\" \/><meta itemprop=\"url\" content=\"https:\/\/yourprivatediamondbroker.com\/wp-content\/uploads\/2018\/09\/shutterstock_1037670847-1.jpg\"><meta itemprop=\"width\" content=\"427\"><meta itemprop=\"height\" content=\"553\"><\/noscript><img decoding=\"async\" src=\"data:image\/gif;base64,R0lGODlhAQABAIAAAAAAAP\/\/\/yH5BAEAAAAALAAAAAABAAEAAAIBRAA7\" data-sizes=\"auto\" data-srcset=\"https:\/\/yourprivatediamondbroker.com\/wp-content\/uploads\/2018\/09\/shutterstock_1037670847-1-150x150.jpg 150w, https:\/\/yourprivatediamondbroker.com\/wp-content\/uploads\/2018\/09\/shutterstock_1037670847-1-300x300.jpg 300w\"   alt=\"shutterstock_1037670847 (1)\" data-maxdpr=\"1.7\" width=\"240\" class=\"lazyload\" \/><\/div>\n\t\t\t<\/div>\n\t\t\n\t\t<div class=\"fw-team-inner\" style=\"\">\n\t\t\t<div class=\"fw-team-name\">\n\t\t\t\t\t\t\t\t\t<h3>Josh Wolsh<\/h3>\n\t\t\t\t\t\t\t\t\t\t\t\t\t<span>Partenaire<\/span>\n\t\t\t\t\t\t\t<\/div>\n\n\t\t\t\t\t\t\t<div class=\"fw-team-text\"><p>En tant que partenaire, Josh repr\u00e9sente YPDB aux Etats-Unis. Avec plus de 30 ans d'exp\u00e9rience dans le secteur diamantaire il offre un service de tr\u00e8s haut qualit\u00e9 \u00e0 ces clients.<\/p><\/div>\n\t\t\t\n\t\t\t\t\t<\/div>\n\t<\/div>\n\t\t<\/div>\n\t<\/div>\n<\/div><div id=\"column-69e1860e1a2f0\" class=\"fw-col-sm-4 tf-sh-3aae7c41174b24f2828e9e92bf2074b7\" >\n\t<div class=\"fw-wrap-col-inner clearfix  \"   >\n\t\t\t\t<div class=\"fw-col-inner\">\n\t\t\t\t<div class=\"fw-team tf-sh-d218427135dda3c1b1cd2be11f9353db  fw-content-align-center fw-team-member-type-1\" >\n\t\t\t\t\t<div style=\"width: 240px;\" class=\"fw-team-image fw-block-image-parent fw-block-image-circle\">\n\t\t\t\t<div class=\"fw-block-image-child fw-ratio-1 fw-ratio-container\"><meta property=\"og:image\" content=\"https:\/\/yourprivatediamondbroker.com\/wp-content\/uploads\/2018\/07\/IMG_6047.jpg\" \/><noscript itemscope itemtype=\"https:\/\/schema.org\/ImageObject\" itemprop=\"image\"><img decoding=\"async\" src=\"https:\/\/yourprivatediamondbroker.com\/wp-content\/uploads\/2018\/07\/IMG_6047.jpg\"  alt=\"Jordane Beller photo\" data-maxdpr=\"1.7\" width=\"240\" class=\"lazyload\" \/><meta itemprop=\"url\" content=\"https:\/\/yourprivatediamondbroker.com\/wp-content\/uploads\/2018\/07\/IMG_6047.jpg\"><meta itemprop=\"width\" content=\"2509\"><meta itemprop=\"height\" content=\"4032\"><\/noscript><img decoding=\"async\" src=\"data:image\/gif;base64,R0lGODlhAQABAIAAAAAAAP\/\/\/yH5BAEAAAAALAAAAAABAAEAAAIBRAA7\" data-sizes=\"auto\" data-srcset=\"https:\/\/yourprivatediamondbroker.com\/wp-content\/uploads\/2018\/07\/IMG_6047-150x150.jpg 150w, https:\/\/yourprivatediamondbroker.com\/wp-content\/uploads\/2018\/07\/IMG_6047-800x800.jpg 800w, https:\/\/yourprivatediamondbroker.com\/wp-content\/uploads\/2018\/07\/IMG_6047-300x300.jpg 300w\"   alt=\"Jordane Beller photo\" data-maxdpr=\"1.7\" width=\"240\" class=\"lazyload\" \/><\/div>\n\t\t\t<\/div>\n\t\t\n\t\t<div class=\"fw-team-inner\" style=\"\">\n\t\t\t<div class=\"fw-team-name\">\n\t\t\t\t\t\t\t\t\t<h3>Jordane Beller<\/h3>\n\t\t\t\t\t\t\t\t\t\t\t\t\t<span>Responsable de la bijouterie et du marketing<\/span>\n\t\t\t\t\t\t\t<\/div>\n\n\t\t\t\t\t\t\t<div class=\"fw-team-text\"><p>En tant que consultante digitale pour des multinationales, Jordane a combin\u00e9 son savoir-faire, son exp\u00e9rience et sa fascination pour les diamants afin de d\u00e9velopper le d\u00e9partement bijoux de YPDB.<\/p><\/div>\n\t\t\t\n\t\t\t\t\t<\/div>\n\t<\/div>\n\t\t<\/div>\n\t<\/div>\n<\/div><div id=\"column-69e1860e1a56d\" class=\"fw-col-sm-4 tf-sh-9da6bab7a36a6c6fdc95db9ec7301507\" >\n\t<div class=\"fw-wrap-col-inner clearfix  \"   >\n\t\t\t\t<div class=\"fw-col-inner\">\n\t\t\t\t<div class=\"fw-team tf-sh-238d587eeb3840a1f99006c695cc5677  fw-content-align-center fw-team-member-type-1\" >\n\t\t\t\t\t<div style=\"width: 240px;\" class=\"fw-team-image fw-block-image-parent fw-block-image-circle\">\n\t\t\t\t<div class=\"fw-block-image-child fw-ratio-1 fw-ratio-container\"><meta property=\"og:image\" content=\"https:\/\/yourprivatediamondbroker.com\/wp-content\/uploads\/2018\/07\/Nig-photo.jpg\" \/><noscript itemscope itemtype=\"https:\/\/schema.org\/ImageObject\" itemprop=\"image\"><img decoding=\"async\" src=\"https:\/\/yourprivatediamondbroker.com\/wp-content\/uploads\/2018\/07\/Nig-photo.jpg\"  alt=\"Nigel Beller photo\" data-maxdpr=\"1.7\" width=\"240\" class=\"lazyload\" \/><meta itemprop=\"url\" content=\"https:\/\/yourprivatediamondbroker.com\/wp-content\/uploads\/2018\/07\/Nig-photo.jpg\"><meta itemprop=\"width\" content=\"3024\"><meta itemprop=\"height\" content=\"4032\"><\/noscript><img decoding=\"async\" src=\"data:image\/gif;base64,R0lGODlhAQABAIAAAAAAAP\/\/\/yH5BAEAAAAALAAAAAABAAEAAAIBRAA7\" data-sizes=\"auto\" data-srcset=\"https:\/\/yourprivatediamondbroker.com\/wp-content\/uploads\/2018\/07\/Nig-photo-150x150.jpg 150w, https:\/\/yourprivatediamondbroker.com\/wp-content\/uploads\/2018\/07\/Nig-photo-800x800.jpg 800w, https:\/\/yourprivatediamondbroker.com\/wp-content\/uploads\/2018\/07\/Nig-photo-300x300.jpg 300w\"   alt=\"Nigel Beller photo\" data-maxdpr=\"1.7\" width=\"240\" class=\"lazyload\" \/><\/div>\n\t\t\t<\/div>\n\t\t\n\t\t<div class=\"fw-team-inner\" style=\"\">\n\t\t\t<div class=\"fw-team-name\">\n\t\t\t\t\t\t\t\t\t<h3>Nigel Beller<\/h3>\n\t\t\t\t\t\t\t\t\t\t\t\t\t<span>Manager Op\u00e9rationnel<\/span>\n\t\t\t\t\t\t\t<\/div>\n\n\t\t\t\t\t\t\t<div class=\"fw-team-text\"><p>Nigel maintiens la qualit\u00e9 du service client\u00e8le en g\u00e9rant les op\u00e9rations de l'entreprise et en assurant que les clients sont enti\u00e8rement satisfaits.<\/p><\/div>\n\t\t\t\n\t\t\t\t\t<\/div>\n\t<\/div>\n\t\t<\/div>\n\t<\/div>\n<\/div><\/div>\n\n\t<\/div>\n\t<\/section><section   class=\"fw-main-row  auto  fw-section-position-back\"    >\n\t\t\t<div class=\"fw-container\" >\n\t\t<div class=\"fw-row\">\n\t<div id=\"column-69e1860e1a91c\" class=\"fw-col-sm-12 tf-sh-bd5d52e5ad7b6507fba9379d83f89766\" >\n\t<div class=\"fw-wrap-col-inner clearfix  \"   >\n\t\t\t\t<div class=\"fw-col-inner\">\n\t\t\t<div class=\"fw-divider-space space-sm  clearfix\"  ><\/div>\t\t<\/div>\n\t<\/div>\n<\/div><\/div>\n\n\t<\/div>\n\t<\/section><\/p>\n","protected":false},"excerpt":{"rendered":"<p>A propos de nous Avec plus de 50 ans d\u2018exp\u00e9rience dans le commerce et le fournissage de diamants aux plus prestigieuses maisons de\u00a0 joaillerie \u00e0 travers le monde nous sommes a votre service. Que vous d\u00e9sirez acheter une pierre en ligne ou vivre l\u2019exp\u00e9rience totale du commerce du diamant, vous pouvez \u00eatre garantis d\u2019un service [&hellip;]<\/p>\n","protected":false},"author":1,"featured_media":0,"parent":0,"menu_order":0,"comment_status":"closed","ping_status":"closed","template":"visual-builder-template.php","meta":{"footnotes":""},"class_list":["post-357","page","type-page","status-publish","hentry"],"yoast_head":"<!-- This site is optimized with the Yoast SEO plugin v25.4 - https:\/\/yoast.com\/wordpress\/plugins\/seo\/ -->\n<title>A propos de nous - Your Private Diamond Broker<\/title>\n<meta name=\"robots\" content=\"index, follow, max-snippet:-1, max-image-preview:large, max-video-preview:-1\" \/>\n<link rel=\"canonical\" href=\"https:\/\/yourprivatediamondbroker.com\/fr\/about-us\/\" \/>\n<meta property=\"og:locale\" content=\"fr_FR\" \/>\n<meta property=\"og:type\" content=\"article\" \/>\n<meta property=\"og:title\" content=\"A propos de nous - Your Private Diamond Broker\" \/>\n<meta property=\"og:description\" content=\"A propos de nous Avec plus de 50 ans d\u2018exp\u00e9rience dans le commerce et le fournissage de diamants aux plus prestigieuses maisons de\u00a0 joaillerie \u00e0 travers le monde nous sommes a votre service. Que vous d\u00e9sirez acheter une pierre en ligne ou vivre l\u2019exp\u00e9rience totale du commerce du diamant, vous pouvez \u00eatre garantis d\u2019un service [&hellip;]\" \/>\n<meta property=\"og:url\" content=\"https:\/\/yourprivatediamondbroker.com\/fr\/about-us\/\" \/>\n<meta property=\"og:site_name\" content=\"Your Private Diamond Broker\" \/>\n<meta property=\"article:modified_time\" content=\"2018-09-17T09:10:27+00:00\" \/>\n<meta property=\"og:image\" content=\"http:\/\/yourprivatediamondbroker.com\/wp-content\/uploads\/2018\/09\/Y.P.D.B.676660-copy-1.png\" \/>\n<meta name=\"twitter:card\" content=\"summary_large_image\" \/>\n<meta name=\"twitter:label1\" content=\"Dur\u00e9e de lecture estim\u00e9e\" \/>\n\t<meta name=\"twitter:data1\" content=\"2 minutes\" \/>\n<script type=\"application\/ld+json\" class=\"yoast-schema-graph\">{\"@context\":\"https:\/\/schema.org\",\"@graph\":[{\"@type\":\"WebPage\",\"@id\":\"https:\/\/yourprivatediamondbroker.com\/fr\/about-us\/\",\"url\":\"https:\/\/yourprivatediamondbroker.com\/fr\/about-us\/\",\"name\":\"A propos de nous - Your Private Diamond Broker\",\"isPartOf\":{\"@id\":\"https:\/\/yourprivatediamondbroker.com\/#website\"},\"primaryImageOfPage\":{\"@id\":\"https:\/\/yourprivatediamondbroker.com\/fr\/about-us\/#primaryimage\"},\"image\":{\"@id\":\"https:\/\/yourprivatediamondbroker.com\/fr\/about-us\/#primaryimage\"},\"thumbnailUrl\":\"http:\/\/yourprivatediamondbroker.com\/wp-content\/uploads\/2018\/09\/Y.P.D.B.676660-copy-1.png\",\"datePublished\":\"2018-03-19T08:50:08+00:00\",\"dateModified\":\"2018-09-17T09:10:27+00:00\",\"breadcrumb\":{\"@id\":\"https:\/\/yourprivatediamondbroker.com\/fr\/about-us\/#breadcrumb\"},\"inLanguage\":\"fr-FR\",\"potentialAction\":[{\"@type\":\"ReadAction\",\"target\":[\"https:\/\/yourprivatediamondbroker.com\/fr\/about-us\/\"]}]},{\"@type\":\"ImageObject\",\"inLanguage\":\"fr-FR\",\"@id\":\"https:\/\/yourprivatediamondbroker.com\/fr\/about-us\/#primaryimage\",\"url\":\"http:\/\/yourprivatediamondbroker.com\/wp-content\/uploads\/2018\/09\/Y.P.D.B.676660-copy-1.png\",\"contentUrl\":\"http:\/\/yourprivatediamondbroker.com\/wp-content\/uploads\/2018\/09\/Y.P.D.B.676660-copy-1.png\"},{\"@type\":\"BreadcrumbList\",\"@id\":\"https:\/\/yourprivatediamondbroker.com\/fr\/about-us\/#breadcrumb\",\"itemListElement\":[{\"@type\":\"ListItem\",\"position\":1,\"name\":\"Home\",\"item\":\"https:\/\/yourprivatediamondbroker.com\/fr\/\"},{\"@type\":\"ListItem\",\"position\":2,\"name\":\"A propos de nous\"}]},{\"@type\":\"WebSite\",\"@id\":\"https:\/\/yourprivatediamondbroker.com\/#website\",\"url\":\"https:\/\/yourprivatediamondbroker.com\/\",\"name\":\"Your Private Diamond Broker\",\"description\":\"Find the perfect diamond\",\"potentialAction\":[{\"@type\":\"SearchAction\",\"target\":{\"@type\":\"EntryPoint\",\"urlTemplate\":\"https:\/\/yourprivatediamondbroker.com\/?s={search_term_string}\"},\"query-input\":{\"@type\":\"PropertyValueSpecification\",\"valueRequired\":true,\"valueName\":\"search_term_string\"}}],\"inLanguage\":\"fr-FR\"}]}<\/script>\n<!-- \/ Yoast SEO plugin. -->","yoast_head_json":{"title":"A propos de nous - Your Private Diamond Broker","robots":{"index":"index","follow":"follow","max-snippet":"max-snippet:-1","max-image-preview":"max-image-preview:large","max-video-preview":"max-video-preview:-1"},"canonical":"https:\/\/yourprivatediamondbroker.com\/fr\/about-us\/","og_locale":"fr_FR","og_type":"article","og_title":"A propos de nous - Your Private Diamond Broker","og_description":"A propos de nous Avec plus de 50 ans d\u2018exp\u00e9rience dans le commerce et le fournissage de diamants aux plus prestigieuses maisons de\u00a0 joaillerie \u00e0 travers le monde nous sommes a votre service. Que vous d\u00e9sirez acheter une pierre en ligne ou vivre l\u2019exp\u00e9rience totale du commerce du diamant, vous pouvez \u00eatre garantis d\u2019un service [&hellip;]","og_url":"https:\/\/yourprivatediamondbroker.com\/fr\/about-us\/","og_site_name":"Your Private Diamond Broker","article_modified_time":"2018-09-17T09:10:27+00:00","og_image":[{"url":"http:\/\/yourprivatediamondbroker.com\/wp-content\/uploads\/2018\/09\/Y.P.D.B.676660-copy-1.png","type":"","width":"","height":""}],"twitter_card":"summary_large_image","twitter_misc":{"Dur\u00e9e de lecture estim\u00e9e":"2 minutes"},"schema":{"@context":"https:\/\/schema.org","@graph":[{"@type":"WebPage","@id":"https:\/\/yourprivatediamondbroker.com\/fr\/about-us\/","url":"https:\/\/yourprivatediamondbroker.com\/fr\/about-us\/","name":"A propos de nous - Your Private Diamond Broker","isPartOf":{"@id":"https:\/\/yourprivatediamondbroker.com\/#website"},"primaryImageOfPage":{"@id":"https:\/\/yourprivatediamondbroker.com\/fr\/about-us\/#primaryimage"},"image":{"@id":"https:\/\/yourprivatediamondbroker.com\/fr\/about-us\/#primaryimage"},"thumbnailUrl":"http:\/\/yourprivatediamondbroker.com\/wp-content\/uploads\/2018\/09\/Y.P.D.B.676660-copy-1.png","datePublished":"2018-03-19T08:50:08+00:00","dateModified":"2018-09-17T09:10:27+00:00","breadcrumb":{"@id":"https:\/\/yourprivatediamondbroker.com\/fr\/about-us\/#breadcrumb"},"inLanguage":"fr-FR","potentialAction":[{"@type":"ReadAction","target":["https:\/\/yourprivatediamondbroker.com\/fr\/about-us\/"]}]},{"@type":"ImageObject","inLanguage":"fr-FR","@id":"https:\/\/yourprivatediamondbroker.com\/fr\/about-us\/#primaryimage","url":"http:\/\/yourprivatediamondbroker.com\/wp-content\/uploads\/2018\/09\/Y.P.D.B.676660-copy-1.png","contentUrl":"http:\/\/yourprivatediamondbroker.com\/wp-content\/uploads\/2018\/09\/Y.P.D.B.676660-copy-1.png"},{"@type":"BreadcrumbList","@id":"https:\/\/yourprivatediamondbroker.com\/fr\/about-us\/#breadcrumb","itemListElement":[{"@type":"ListItem","position":1,"name":"Home","item":"https:\/\/yourprivatediamondbroker.com\/fr\/"},{"@type":"ListItem","position":2,"name":"A propos de nous"}]},{"@type":"WebSite","@id":"https:\/\/yourprivatediamondbroker.com\/#website","url":"https:\/\/yourprivatediamondbroker.com\/","name":"Your Private Diamond Broker","description":"Find the perfect diamond","potentialAction":[{"@type":"SearchAction","target":{"@type":"EntryPoint","urlTemplate":"https:\/\/yourprivatediamondbroker.com\/?s={search_term_string}"},"query-input":{"@type":"PropertyValueSpecification","valueRequired":true,"valueName":"search_term_string"}}],"inLanguage":"fr-FR"}]}},"_links":{"self":[{"href":"https:\/\/yourprivatediamondbroker.com\/fr\/wp-json\/wp\/v2\/pages\/357","targetHints":{"allow":["GET"]}}],"collection":[{"href":"https:\/\/yourprivatediamondbroker.com\/fr\/wp-json\/wp\/v2\/pages"}],"about":[{"href":"https:\/\/yourprivatediamondbroker.com\/fr\/wp-json\/wp\/v2\/types\/page"}],"author":[{"embeddable":true,"href":"https:\/\/yourprivatediamondbroker.com\/fr\/wp-json\/wp\/v2\/users\/1"}],"replies":[{"embeddable":true,"href":"https:\/\/yourprivatediamondbroker.com\/fr\/wp-json\/wp\/v2\/comments?post=357"}],"version-history":[{"count":5,"href":"https:\/\/yourprivatediamondbroker.com\/fr\/wp-json\/wp\/v2\/pages\/357\/revisions"}],"predecessor-version":[{"id":3210,"href":"https:\/\/yourprivatediamondbroker.com\/fr\/wp-json\/wp\/v2\/pages\/357\/revisions\/3210"}],"wp:attachment":[{"href":"https:\/\/yourprivatediamondbroker.com\/fr\/wp-json\/wp\/v2\/media?parent=357"}],"curies":[{"name":"wp","href":"https:\/\/api.w.org\/{rel}","templated":true}]}}