{"id":366,"date":"2018-03-19T08:49:58","date_gmt":"2018-03-19T08:49:58","guid":{"rendered":"http:\/\/yourprivatediamondbroker.com\/cost\/"},"modified":"2018-09-17T13:13:50","modified_gmt":"2018-09-17T13:13:50","slug":"cost","status":"publish","type":"page","link":"https:\/\/yourprivatediamondbroker.com\/fr\/cost\/","title":{"rendered":"Cout"},"content":{"rendered":"<p><section   class=\"fw-main-row  auto  fw-section-position-back\"    >\n\t\t\t<div class=\"fw-container\" >\n\t\t<div class=\"fw-row\">\n\t<div id=\"column-69e1792420aa8\" class=\"fw-col-sm-12 tf-sh-e270357c003f4199bf58944078058b60\" >\n\t<div class=\"fw-wrap-col-inner clearfix  \"   >\n\t\t\t\t<div class=\"fw-col-inner\">\n\t\t\t<div class=\"fw-divider-space  fw-custom-space  clearfix\" style=\"height:120px;\" ><\/div>\t\t<\/div>\n\t<\/div>\n<\/div><\/div>\n\n\t<\/div>\n\t<\/section><section   class=\"fw-main-row-custom  fw-section-height-custom  fw-section-position-back tf-sh-78456866db67944166e2f7168d5b412c header-image\"  style=\" background-color:#a5a59b; height: 200px;\"  >\n\t\t\t<div class=\"fw-container-fluid\" >\n\t\t<div class=\"fw-row\">\n\t<div id=\"column-69e1792420d08\" class=\"fw-col-sm-12 tf-sh-d7ff857134ae7f81efed2128a632fd22\" >\n\t<div class=\"fw-wrap-col-inner clearfix  \"   >\n\t\t\t\t<div class=\"fw-col-inner\">\n\t\t\t<div class=\"fw-divider-space  fw-custom-space  clearfix\" style=\"height:51px;\" ><\/div><div class=\"fw-heading fw-heading-center  tf-sh-04bbd199bc90500ef21fb58bb9318641\" >\n\t\t\t<h1 class=\"fw-special-title\">Cout<\/h1>\n\t\n\t\n\t<\/div>\t\t<\/div>\n\t<\/div>\n<\/div><\/div>\n\n\t<\/div>\n\t<\/section><section   class=\"fw-main-row-custom  auto  fw-section-position-back tf-sh-f8ad47674c74adf03ac10041428f56e4\"    >\n\t\t\t<div class=\"fw-container\" >\n\t\t<div class=\"fw-row\">\n\t<div id=\"column-69e179242106a\" class=\"fw-col-sm-12 tf-sh-83101a31d759d4285909d0b2977b4a71\" >\n\t<div class=\"fw-wrap-col-inner clearfix  \"   >\n\t\t\t\t<div class=\"fw-col-inner\">\n\t\t\t<div class=\"fw-text-box tf-sh-ac87cf878ee904342e7e2c72b140be87 \" >\n\t<div class=\"fw-text-inner\">\n\t\t<h2><strong>Commission<\/strong><\/h2>\n<p>Comme nous travaillons en tant que courtier la r\u00e8gle est simple.<\/p>\n<p><strong>Pas d\u2019affaire, pas de frais pour vous.<\/strong><\/p>\n<p>Si nous parvenons a trouver le diamant de votre choix et que l affaire se fait vous paierez une commission pr\u00e9-convenue a YPDB d\u00e9pendant du montant que vous avez d\u00e9pens\u00e9.<\/p>\n<p>Ci-dessous la liste des bar\u00e8mes de commission.<\/p>\n\t<\/div>\n<\/div><div class=\"fw-divider-space space-sm  clearfix\"  ><\/div><div class=\"tf-sh-edb4c663ef78d54c8abdf7056919b099 fw-price-table  clearfix fw-price-1 \" >\n\t\t\t<div class=\"fw-price-col fw-price-package  \">\n\t\t\t<div class=\"fw-price-inner\">\n\t\t\t\t\t\t\t\t\t<!--heading row type-->\n\t\t\t\t\t\t\t\t\t\t\t\t\t\t\t\t\t\t<div class=\"fw-price-head default-col\">\n\t\t\t\t\t\t\t\t\t\t\t\t\t\t\t\t<h3 class=\"fw-price-title default-col\"\">\n\t\t\t\t\t\t\t\tPrix du diamant net\t\t\t\t\t\t\t\t<\/h3>\n\t\t\t\t\t\t\t<\/div>\n\t\t\t\t\t\t\t\t\t\t\t\t<!--pricing row type-->\n\t\t\t\t\t\n\t\t\t\t\t\t\t\t\t<!--heading row type-->\n\t\t\t\t\t\t\t\t\t\t\t<div class=\"fw-price-row default-col\">\n\t\t\t\t\t\t\t<span class=\"fw-itable\">\n\t\t\t\t\t\t\t\t<span class=\"fw-icell default-col\">\n\t\t\t\t\t\t\t\t\t\t\t\t\t\t\t\t\t\t< 5.000 Eur\t\t\t\t\t\t\t\t<\/span>\n\t\t\t\t\t\t\t<\/span>\n\t\t\t\t\t\t<\/div>\n\t\t\t\t\t\n\t\t\t\t\t\t\t\t\t<!--heading row type-->\n\t\t\t\t\t\t\t\t\t\t\t<div class=\"fw-price-row default-col\">\n\t\t\t\t\t\t\t<span class=\"fw-itable\">\n\t\t\t\t\t\t\t\t<span class=\"fw-icell default-col\">\n\t\t\t\t\t\t\t\t\t\t\t\t\t\t\t\t\t\t5.000 Eur - 10.000 Eur      \t\t\t\t\t\t\t\t<\/span>\n\t\t\t\t\t\t\t<\/span>\n\t\t\t\t\t\t<\/div>\n\t\t\t\t\t\n\t\t\t\t\t\t\t\t\t<!--heading row type-->\n\t\t\t\t\t\t\t\t\t\t\t<div class=\"fw-price-row default-col\">\n\t\t\t\t\t\t\t<span class=\"fw-itable\">\n\t\t\t\t\t\t\t\t<span class=\"fw-icell default-col\">\n\t\t\t\t\t\t\t\t\t\t\t\t\t\t\t\t\t\t10.0000 Eur - 25.000 Eur    \t\t\t\t\t\t\t\t<\/span>\n\t\t\t\t\t\t\t<\/span>\n\t\t\t\t\t\t<\/div>\n\t\t\t\t\t\n\t\t\t\t\t\t\t\t\t<!--heading row type-->\n\t\t\t\t\t\t\t\t\t\t\t<div class=\"fw-price-row default-col\">\n\t\t\t\t\t\t\t<span class=\"fw-itable\">\n\t\t\t\t\t\t\t\t<span class=\"fw-icell default-col\">\n\t\t\t\t\t\t\t\t\t\t\t\t\t\t\t\t\t\t25.000 Eur - 50.000 Eur      \t\t\t\t\t\t\t\t<\/span>\n\t\t\t\t\t\t\t<\/span>\n\t\t\t\t\t\t<\/div>\n\t\t\t\t\t\n\t\t\t\t\t\t\t\t\t<!--heading row type-->\n\t\t\t\t\t\t\t\t\t\t\t<div class=\"fw-price-row default-col\">\n\t\t\t\t\t\t\t<span class=\"fw-itable\">\n\t\t\t\t\t\t\t\t<span class=\"fw-icell default-col\">\n\t\t\t\t\t\t\t\t\t\t\t\t\t\t\t\t\t\t50.000 Eur - 100.000 Eur    \t\t\t\t\t\t\t\t<\/span>\n\t\t\t\t\t\t\t<\/span>\n\t\t\t\t\t\t<\/div>\n\t\t\t\t\t\n\t\t\t\t\t\t\t\t\t<!--heading row type-->\n\t\t\t\t\t\t\t\t\t\t\t<div class=\"fw-price-row default-col\">\n\t\t\t\t\t\t\t<span class=\"fw-itable\">\n\t\t\t\t\t\t\t\t<span class=\"fw-icell default-col\">\n\t\t\t\t\t\t\t\t\t\t\t\t\t\t\t\t\t\t100.000 Eur - 200.000 Eur  \t\t\t\t\t\t\t\t<\/span>\n\t\t\t\t\t\t\t<\/span>\n\t\t\t\t\t\t<\/div>\n\t\t\t\t\t\n\t\t\t\t\t\t\t\t\t<!--heading row type-->\n\t\t\t\t\t\t\t\t\t\t\t<div class=\"fw-price-row default-col\">\n\t\t\t\t\t\t\t<span class=\"fw-itable\">\n\t\t\t\t\t\t\t\t<span class=\"fw-icell default-col\">\n\t\t\t\t\t\t\t\t\t\t\t\t\t\t\t\t\t\t200.000 Eur - 300.000 Eur  \t\t\t\t\t\t\t\t<\/span>\n\t\t\t\t\t\t\t<\/span>\n\t\t\t\t\t\t<\/div>\n\t\t\t\t\t\n\t\t\t\t\t\t\t\t\t<!--heading row type-->\n\t\t\t\t\t\t\t\t\t\t\t<div class=\"fw-price-row default-col\">\n\t\t\t\t\t\t\t<span class=\"fw-itable\">\n\t\t\t\t\t\t\t\t<span class=\"fw-icell default-col\">\n\t\t\t\t\t\t\t\t\t\t\t\t\t\t\t\t\t\t300.000 Eur - 500.000 Eur \t\t\t\t\t\t\t\t<\/span>\n\t\t\t\t\t\t\t<\/span>\n\t\t\t\t\t\t<\/div>\n\t\t\t\t\t\n\t\t\t\t\t\t\t\t\t<!--heading row type-->\n\t\t\t\t\t\t\t\t\t\t\t<div class=\"fw-price-row default-col\">\n\t\t\t\t\t\t\t<span class=\"fw-itable\">\n\t\t\t\t\t\t\t\t<span class=\"fw-icell default-col\">\n\t\t\t\t\t\t\t\t\t\t\t\t\t\t\t\t\t\t500.000 Eur +\t\t\t\t\t\t\t\t<\/span>\n\t\t\t\t\t\t\t<\/span>\n\t\t\t\t\t\t<\/div>\n\t\t\t\t\t\n\t\t\t\t\t\t\t<\/div>\n\t\t<\/div>\n\t\t\t<div class=\"fw-price-col fw-price-package fw-price-active \">\n\t\t\t<div class=\"fw-price-inner\">\n\t\t\t\t\t\t\t\t\t<!--heading row type-->\n\t\t\t\t\t\t\t\t\t\t\t\t\t\t\t\t\t\t<div class=\"fw-price-head highlight-col\">\n\t\t\t\t\t\t\t\t\t\t\t\t\t\t\t\t<h3 class=\"fw-price-title highlight-col\"\">\n\t\t\t\t\t\t\t\tCommission\t\t\t\t\t\t\t\t<\/h3>\n\t\t\t\t\t\t\t<\/div>\n\t\t\t\t\t\t\t\t\t\t\t\t<!--pricing row type-->\n\t\t\t\t\t\n\t\t\t\t\t\t\t\t\t<!--heading row type-->\n\t\t\t\t\t\t\t\t\t\t\t<div class=\"fw-price-row highlight-col\">\n\t\t\t\t\t\t\t<span class=\"fw-itable\">\n\t\t\t\t\t\t\t\t<span class=\"fw-icell highlight-col\">\n\t\t\t\t\t\t\t\t\t\t\t\t\t\t\t\t\t\tFixe\t\t\t\t\t\t\t\t<\/span>\n\t\t\t\t\t\t\t<\/span>\n\t\t\t\t\t\t<\/div>\n\t\t\t\t\t\n\t\t\t\t\t\t\t\t\t<!--heading row type-->\n\t\t\t\t\t\t\t\t\t\t\t<div class=\"fw-price-row highlight-col\">\n\t\t\t\t\t\t\t<span class=\"fw-itable\">\n\t\t\t\t\t\t\t\t<span class=\"fw-icell highlight-col\">\n\t\t\t\t\t\t\t\t\t\t\t\t\t\t\t\t\t\t15%  \t\t\t\t\t\t\t\t<\/span>\n\t\t\t\t\t\t\t<\/span>\n\t\t\t\t\t\t<\/div>\n\t\t\t\t\t\n\t\t\t\t\t\t\t\t\t<!--heading row type-->\n\t\t\t\t\t\t\t\t\t\t\t<div class=\"fw-price-row highlight-col\">\n\t\t\t\t\t\t\t<span class=\"fw-itable\">\n\t\t\t\t\t\t\t\t<span class=\"fw-icell highlight-col\">\n\t\t\t\t\t\t\t\t\t\t\t\t\t\t\t\t\t\t14%\t\t\t\t\t\t\t\t<\/span>\n\t\t\t\t\t\t\t<\/span>\n\t\t\t\t\t\t<\/div>\n\t\t\t\t\t\n\t\t\t\t\t\t\t\t\t<!--heading row type-->\n\t\t\t\t\t\t\t\t\t\t\t<div class=\"fw-price-row highlight-col\">\n\t\t\t\t\t\t\t<span class=\"fw-itable\">\n\t\t\t\t\t\t\t\t<span class=\"fw-icell highlight-col\">\n\t\t\t\t\t\t\t\t\t\t\t\t\t\t\t\t\t\t12%\t\t\t\t\t\t\t\t<\/span>\n\t\t\t\t\t\t\t<\/span>\n\t\t\t\t\t\t<\/div>\n\t\t\t\t\t\n\t\t\t\t\t\t\t\t\t<!--heading row type-->\n\t\t\t\t\t\t\t\t\t\t\t<div class=\"fw-price-row highlight-col\">\n\t\t\t\t\t\t\t<span class=\"fw-itable\">\n\t\t\t\t\t\t\t\t<span class=\"fw-icell highlight-col\">\n\t\t\t\t\t\t\t\t\t\t\t\t\t\t\t\t\t\t11%\t\t\t\t\t\t\t\t<\/span>\n\t\t\t\t\t\t\t<\/span>\n\t\t\t\t\t\t<\/div>\n\t\t\t\t\t\n\t\t\t\t\t\t\t\t\t<!--heading row type-->\n\t\t\t\t\t\t\t\t\t\t\t<div class=\"fw-price-row highlight-col\">\n\t\t\t\t\t\t\t<span class=\"fw-itable\">\n\t\t\t\t\t\t\t\t<span class=\"fw-icell highlight-col\">\n\t\t\t\t\t\t\t\t\t\t\t\t\t\t\t\t\t\t10%\t\t\t\t\t\t\t\t<\/span>\n\t\t\t\t\t\t\t<\/span>\n\t\t\t\t\t\t<\/div>\n\t\t\t\t\t\n\t\t\t\t\t\t\t\t\t<!--heading row type-->\n\t\t\t\t\t\t\t\t\t\t\t<div class=\"fw-price-row highlight-col\">\n\t\t\t\t\t\t\t<span class=\"fw-itable\">\n\t\t\t\t\t\t\t\t<span class=\"fw-icell highlight-col\">\n\t\t\t\t\t\t\t\t\t\t\t\t\t\t\t\t\t\t8.5%\t\t\t\t\t\t\t\t<\/span>\n\t\t\t\t\t\t\t<\/span>\n\t\t\t\t\t\t<\/div>\n\t\t\t\t\t\n\t\t\t\t\t\t\t\t\t<!--heading row type-->\n\t\t\t\t\t\t\t\t\t\t\t<div class=\"fw-price-row highlight-col\">\n\t\t\t\t\t\t\t<span class=\"fw-itable\">\n\t\t\t\t\t\t\t\t<span class=\"fw-icell highlight-col\">\n\t\t\t\t\t\t\t\t\t\t\t\t\t\t\t\t\t\t7.5%\t\t\t\t\t\t\t\t<\/span>\n\t\t\t\t\t\t\t<\/span>\n\t\t\t\t\t\t<\/div>\n\t\t\t\t\t\n\t\t\t\t\t\t\t\t\t<!--heading row type-->\n\t\t\t\t\t\t\t\t\t\t\t<div class=\"fw-price-row highlight-col\">\n\t\t\t\t\t\t\t<span class=\"fw-itable\">\n\t\t\t\t\t\t\t\t<span class=\"fw-icell highlight-col\">\n\t\t\t\t\t\t\t\t\t\t\t\t\t\t\t\t\t\t6.5%\t\t\t\t\t\t\t\t<\/span>\n\t\t\t\t\t\t\t<\/span>\n\t\t\t\t\t\t<\/div>\n\t\t\t\t\t\n\t\t\t\t\t\t\t<\/div>\n\t\t<\/div>\n\t\t\t<div class=\"fw-price-col fw-price-package  \">\n\t\t\t<div class=\"fw-price-inner\">\n\t\t\t\t\t\t\t\t\t<!--heading row type-->\n\t\t\t\t\t\t\t\t\t\t\t\t\t\t\t\t\t\t<div class=\"fw-price-head default-col\">\n\t\t\t\t\t\t\t\t\t\t\t\t\t\t\t\t<h3 class=\"fw-price-title default-col\"\">\n\t\t\t\t\t\t\t\tCommission Maximum\t\t\t\t\t\t\t\t<\/h3>\n\t\t\t\t\t\t\t<\/div>\n\t\t\t\t\t\t\t\t\t\t\t\t<!--pricing row type-->\n\t\t\t\t\t\n\t\t\t\t\t\t\t\t\t<!--heading row type-->\n\t\t\t\t\t\t\t\t\t\t\t<div class=\"fw-price-row default-col\">\n\t\t\t\t\t\t\t<span class=\"fw-itable\">\n\t\t\t\t\t\t\t\t<span class=\"fw-icell default-col\">\n\t\t\t\t\t\t\t\t\t\t\t\t\t\t\t\t\t\tCommission Maximum 600 Eur\t\t\t\t\t\t\t\t<\/span>\n\t\t\t\t\t\t\t<\/span>\n\t\t\t\t\t\t<\/div>\n\t\t\t\t\t\n\t\t\t\t\t\t\t\t\t<!--heading row type-->\n\t\t\t\t\t\t\t\t\t\t\t<div class=\"fw-price-row default-col\">\n\t\t\t\t\t\t\t<span class=\"fw-itable\">\n\t\t\t\t\t\t\t\t<span class=\"fw-icell default-col\">\n\t\t\t\t\t\t\t\t\t\t\t\t\t\t\t\t\t\tCommission Maximum 1.400 Eur\t\t\t\t\t\t\t\t<\/span>\n\t\t\t\t\t\t\t<\/span>\n\t\t\t\t\t\t<\/div>\n\t\t\t\t\t\n\t\t\t\t\t\t\t\t\t<!--heading row type-->\n\t\t\t\t\t\t\t\t\t\t\t<div class=\"fw-price-row default-col\">\n\t\t\t\t\t\t\t<span class=\"fw-itable\">\n\t\t\t\t\t\t\t\t<span class=\"fw-icell default-col\">\n\t\t\t\t\t\t\t\t\t\t\t\t\t\t\t\t\t\tCommission Maximum 3.000 Eur\t\t\t\t\t\t\t\t<\/span>\n\t\t\t\t\t\t\t<\/span>\n\t\t\t\t\t\t<\/div>\n\t\t\t\t\t\n\t\t\t\t\t\t\t\t\t<!--heading row type-->\n\t\t\t\t\t\t\t\t\t\t\t<div class=\"fw-price-row default-col\">\n\t\t\t\t\t\t\t<span class=\"fw-itable\">\n\t\t\t\t\t\t\t\t<span class=\"fw-icell default-col\">\n\t\t\t\t\t\t\t\t\t\t\t\t\t\t\t\t\t\tCommission Maximum 5.500 Eur\t\t\t\t\t\t\t\t<\/span>\n\t\t\t\t\t\t\t<\/span>\n\t\t\t\t\t\t<\/div>\n\t\t\t\t\t\n\t\t\t\t\t\t\t\t\t<!--heading row type-->\n\t\t\t\t\t\t\t\t\t\t\t<div class=\"fw-price-row default-col\">\n\t\t\t\t\t\t\t<span class=\"fw-itable\">\n\t\t\t\t\t\t\t\t<span class=\"fw-icell default-col\">\n\t\t\t\t\t\t\t\t\t\t\t\t\t\t\t\t\t\tCommission Maximum  10.000 Eur\t\t\t\t\t\t\t\t<\/span>\n\t\t\t\t\t\t\t<\/span>\n\t\t\t\t\t\t<\/div>\n\t\t\t\t\t\n\t\t\t\t\t\t\t\t\t<!--heading row type-->\n\t\t\t\t\t\t\t\t\t\t\t<div class=\"fw-price-row default-col\">\n\t\t\t\t\t\t\t<span class=\"fw-itable\">\n\t\t\t\t\t\t\t\t<span class=\"fw-icell default-col\">\n\t\t\t\t\t\t\t\t\t\t\t\t\t\t\t\t\t\tCommission Maximum  17.000 Eur\t\t\t\t\t\t\t\t<\/span>\n\t\t\t\t\t\t\t<\/span>\n\t\t\t\t\t\t<\/div>\n\t\t\t\t\t\n\t\t\t\t\t\t\t\t\t<!--heading row type-->\n\t\t\t\t\t\t\t\t\t\t\t<div class=\"fw-price-row default-col\">\n\t\t\t\t\t\t\t<span class=\"fw-itable\">\n\t\t\t\t\t\t\t\t<span class=\"fw-icell default-col\">\n\t\t\t\t\t\t\t\t\t\t\t\t\t\t\t\t\t\tCommission Maximum  22.500 Eur\t\t\t\t\t\t\t\t<\/span>\n\t\t\t\t\t\t\t<\/span>\n\t\t\t\t\t\t<\/div>\n\t\t\t\t\t\n\t\t\t\t\t\t\t\t\t<!--heading row type-->\n\t\t\t\t\t\t\t\t\t\t\t<div class=\"fw-price-row default-col\">\n\t\t\t\t\t\t\t<span class=\"fw-itable\">\n\t\t\t\t\t\t\t\t<span class=\"fw-icell default-col\">\n\t\t\t\t\t\t\t\t\t\t\t\t\t\t\t\t\t\tCommission Maximum  32.500 Eur\t\t\t\t\t\t\t\t<\/span>\n\t\t\t\t\t\t\t<\/span>\n\t\t\t\t\t\t<\/div>\n\t\t\t\t\t\n\t\t\t\t\t\t\t\t\t<!--heading row type-->\n\t\t\t\t\t\t\t\t\t\t\t<div class=\"fw-price-row default-col\">\n\t\t\t\t\t\t\t<span class=\"fw-itable\">\n\t\t\t\t\t\t\t\t<span class=\"fw-icell default-col\">\n\t\t\t\t\t\t\t\t\t\t\t\t\t\t\t\t\t\t\t\t\t\t\t\t\t\t<\/span>\n\t\t\t\t\t\t\t<\/span>\n\t\t\t\t\t\t<\/div>\n\t\t\t\t\t\n\t\t\t\t\t\t\t<\/div>\n\t\t<\/div>\n\t<\/div><div class=\"fw-divider-space space-sm  clearfix\"  ><\/div><div class=\"fw-text-box tf-sh-3cbbb13fe264c47f96f215b6e228ce9a \" >\n\t<div class=\"fw-text-inner\">\n\t\t<p>Consid\u00e9rant que si vous alliez chez un tailleur ou grossiste vous-m\u00eame il vous consid\u00e9rera comme un particulier il majorera son prix de 25% donc vous ferrez encore des \u00e9conomies consid\u00e9rables en utilisant les services de YPDB et serez conseillez par des professionnels.<\/p>\n<p>Des que\u00a0 l affaire est faite nous \u00e9mettrons une facture incluant la commission d'achat.<\/p>\n<p>Les paiements peuvent se faire par virement bancaire, ch\u00e8que certifi\u00e9 ou carte de cr\u00e9dit.<\/p>\n<p>Tous les prix sont nets et n incluent pas la TVA si vendu dans l\u2019union europ\u00e9enne ou les taxes et charges locales si d application.<\/p>\n<p>Le transport ainsi que l\u2019assurance porte a porte sont inclus dan le prix.<\/p>\n<p><strong>Nous fournissons \u00e0 nos clients des diamants pour tous le budgets. Des pierres de hautes qualit\u00e9s\u00a0 ainsi que des articles commerciaux et m\u00eame des diamants exceptionnels.<\/strong><\/p>\n\t<\/div>\n<\/div><div class=\"text-center\">\t<a href=\"\/contact\/\" target=\"_self\" class=\"fw-btn tf-sh-55370ebb1c61db626ffa9fc8fa78b0a8  fw-btn-md   fw-btn-1\"  style=\"\">\n\t\t<span >\n\t\t\tDemande de prix!\t\t<\/span>\n\t<\/a>\n<\/div>\t\t<\/div>\n\t<\/div>\n<\/div><\/div>\n\n\t<\/div>\n\t<\/section><section   class=\"fw-main-row-custom  auto  fw-section-position-back tf-sh-ff3558e77999ba2153d68f2008b365e0\"    >\n\t\t\t<div class=\"fw-container\" >\n\t\t<div class=\"fw-row\">\n\t<div id=\"column-69e17924215eb\" class=\"fw-col-sm-8 tf-sh-9ba144011c4000f42fb3d299d904188f\" >\n\t<div class=\"fw-wrap-col-inner clearfix  \"   >\n\t\t\t\t<div class=\"fw-col-inner\">\n\t\t\t<div class=\"fw-text-box tf-sh-38792d8e536dee72051749a0d498cb4f \" >\n\t<div class=\"fw-text-inner\">\n\t\t<h2><strong>Parrainer quelqu'un<\/strong><\/h2>\n<p>Apres votre premier achat vous deviendrez un parrain autoris\u00e9.<\/p>\n<p>Vous aurez droit a une remise de 3% sur vos achats futurs et recevrez une commission de 3% sur les achats des\u00a0 personnes aupr\u00e8s de qui vous nous aurez recommand\u00e9es.<\/p>\n<p>Un autre avantage de YPDB.<\/p>\n\t<\/div>\n<\/div>\t\t<\/div>\n\t<\/div>\n<\/div><div id=\"column-69e17924216b7\" class=\"fw-col-sm-4 tf-sh-ee5e7d2d05dfd4081bed68abce760129\" >\n\t<div class=\"fw-wrap-col-inner clearfix  \"   >\n\t\t\t\t<div class=\"fw-col-inner\">\n\t\t\t    <!-- Radius Image -->\n            <div class=\"fw-block-image-parent  \"              style=\"width: 100%; \">\n            <div class=\"fw-block-image-child fw-noratio fw-ratio-container\">\n                <meta property=\"og:image\" content=\"https:\/\/yourprivatediamondbroker.com\/wp-content\/uploads\/2018\/06\/shutterstock_763046476.jpg\" \/><noscript itemscope itemtype=\"https:\/\/schema.org\/ImageObject\" itemprop=\"image\"><img decoding=\"async\" src=\"https:\/\/yourprivatediamondbroker.com\/wp-content\/uploads\/2018\/06\/shutterstock_763046476.jpg\"  alt=\"shutterstock_763046476\" data-maxdpr=\"1.7\" class=\"lazyload\" \/><meta itemprop=\"url\" content=\"https:\/\/yourprivatediamondbroker.com\/wp-content\/uploads\/2018\/06\/shutterstock_763046476.jpg\"><meta itemprop=\"width\" content=\"380\"><meta itemprop=\"height\" content=\"420\"><\/noscript><img decoding=\"async\" src=\"data:image\/gif;base64,R0lGODlhAQABAIAAAAAAAP\/\/\/yH5BAEAAAAALAAAAAABAAEAAAIBRAA7\" data-sizes=\"auto\" data-srcset=\"https:\/\/yourprivatediamondbroker.com\/wp-content\/uploads\/2018\/06\/shutterstock_763046476.jpg\"   alt=\"shutterstock_763046476\" data-maxdpr=\"1.7\" class=\"lazyload\" \/><span class=\"fw-after-no-ratio\" style=\"padding-bottom: 110.52631578947%\"><\/span>                                            <\/div>\n        <\/div>\n    \t\t<\/div>\n\t<\/div>\n<\/div><\/div>\n\n\t<\/div>\n\t<\/section><\/p>\n","protected":false},"excerpt":{"rendered":"<p>Cout Commission Comme nous travaillons en tant que courtier la r\u00e8gle est simple. Pas d\u2019affaire, pas de frais pour vous. Si nous parvenons a trouver le diamant de votre choix et que l affaire se fait vous paierez une commission pr\u00e9-convenue a YPDB d\u00e9pendant du montant que vous avez d\u00e9pens\u00e9. Ci-dessous la liste des bar\u00e8mes [&hellip;]<\/p>\n","protected":false},"author":1,"featured_media":0,"parent":0,"menu_order":0,"comment_status":"closed","ping_status":"closed","template":"visual-builder-template.php","meta":{"footnotes":""},"class_list":["post-366","page","type-page","status-publish","hentry"],"yoast_head":"<!-- This site is optimized with the Yoast SEO plugin v25.4 - https:\/\/yoast.com\/wordpress\/plugins\/seo\/ -->\n<title>Cout - Your Private Diamond Broker<\/title>\n<meta name=\"robots\" content=\"index, follow, max-snippet:-1, max-image-preview:large, max-video-preview:-1\" \/>\n<link rel=\"canonical\" href=\"https:\/\/yourprivatediamondbroker.com\/fr\/cost\/\" \/>\n<meta property=\"og:locale\" content=\"fr_FR\" \/>\n<meta property=\"og:type\" content=\"article\" \/>\n<meta property=\"og:title\" content=\"Cout - Your Private Diamond Broker\" \/>\n<meta property=\"og:description\" content=\"Cout Commission Comme nous travaillons en tant que courtier la r\u00e8gle est simple. Pas d\u2019affaire, pas de frais pour vous. Si nous parvenons a trouver le diamant de votre choix et que l affaire se fait vous paierez une commission pr\u00e9-convenue a YPDB d\u00e9pendant du montant que vous avez d\u00e9pens\u00e9. Ci-dessous la liste des bar\u00e8mes [&hellip;]\" \/>\n<meta property=\"og:url\" content=\"https:\/\/yourprivatediamondbroker.com\/fr\/cost\/\" \/>\n<meta property=\"og:site_name\" content=\"Your Private Diamond Broker\" \/>\n<meta property=\"article:modified_time\" content=\"2018-09-17T13:13:50+00:00\" \/>\n<meta property=\"og:image\" content=\"http:\/\/yourprivatediamondbroker.com\/wp-content\/uploads\/2018\/06\/shutterstock_763046476.jpg\" \/>\n<meta name=\"twitter:card\" content=\"summary_large_image\" \/>\n<meta name=\"twitter:label1\" content=\"Dur\u00e9e de lecture estim\u00e9e\" \/>\n\t<meta name=\"twitter:data1\" content=\"2 minutes\" \/>\n<script type=\"application\/ld+json\" class=\"yoast-schema-graph\">{\"@context\":\"https:\/\/schema.org\",\"@graph\":[{\"@type\":\"WebPage\",\"@id\":\"https:\/\/yourprivatediamondbroker.com\/fr\/cost\/\",\"url\":\"https:\/\/yourprivatediamondbroker.com\/fr\/cost\/\",\"name\":\"Cout - Your Private Diamond Broker\",\"isPartOf\":{\"@id\":\"https:\/\/yourprivatediamondbroker.com\/#website\"},\"primaryImageOfPage\":{\"@id\":\"https:\/\/yourprivatediamondbroker.com\/fr\/cost\/#primaryimage\"},\"image\":{\"@id\":\"https:\/\/yourprivatediamondbroker.com\/fr\/cost\/#primaryimage\"},\"thumbnailUrl\":\"http:\/\/yourprivatediamondbroker.com\/wp-content\/uploads\/2018\/06\/shutterstock_763046476.jpg\",\"datePublished\":\"2018-03-19T08:49:58+00:00\",\"dateModified\":\"2018-09-17T13:13:50+00:00\",\"breadcrumb\":{\"@id\":\"https:\/\/yourprivatediamondbroker.com\/fr\/cost\/#breadcrumb\"},\"inLanguage\":\"fr-FR\",\"potentialAction\":[{\"@type\":\"ReadAction\",\"target\":[\"https:\/\/yourprivatediamondbroker.com\/fr\/cost\/\"]}]},{\"@type\":\"ImageObject\",\"inLanguage\":\"fr-FR\",\"@id\":\"https:\/\/yourprivatediamondbroker.com\/fr\/cost\/#primaryimage\",\"url\":\"http:\/\/yourprivatediamondbroker.com\/wp-content\/uploads\/2018\/06\/shutterstock_763046476.jpg\",\"contentUrl\":\"http:\/\/yourprivatediamondbroker.com\/wp-content\/uploads\/2018\/06\/shutterstock_763046476.jpg\"},{\"@type\":\"BreadcrumbList\",\"@id\":\"https:\/\/yourprivatediamondbroker.com\/fr\/cost\/#breadcrumb\",\"itemListElement\":[{\"@type\":\"ListItem\",\"position\":1,\"name\":\"Home\",\"item\":\"https:\/\/yourprivatediamondbroker.com\/fr\/\"},{\"@type\":\"ListItem\",\"position\":2,\"name\":\"Cout\"}]},{\"@type\":\"WebSite\",\"@id\":\"https:\/\/yourprivatediamondbroker.com\/#website\",\"url\":\"https:\/\/yourprivatediamondbroker.com\/\",\"name\":\"Your Private Diamond Broker\",\"description\":\"Find the perfect diamond\",\"potentialAction\":[{\"@type\":\"SearchAction\",\"target\":{\"@type\":\"EntryPoint\",\"urlTemplate\":\"https:\/\/yourprivatediamondbroker.com\/?s={search_term_string}\"},\"query-input\":{\"@type\":\"PropertyValueSpecification\",\"valueRequired\":true,\"valueName\":\"search_term_string\"}}],\"inLanguage\":\"fr-FR\"}]}<\/script>\n<!-- \/ Yoast SEO plugin. -->","yoast_head_json":{"title":"Cout - Your Private Diamond Broker","robots":{"index":"index","follow":"follow","max-snippet":"max-snippet:-1","max-image-preview":"max-image-preview:large","max-video-preview":"max-video-preview:-1"},"canonical":"https:\/\/yourprivatediamondbroker.com\/fr\/cost\/","og_locale":"fr_FR","og_type":"article","og_title":"Cout - Your Private Diamond Broker","og_description":"Cout Commission Comme nous travaillons en tant que courtier la r\u00e8gle est simple. Pas d\u2019affaire, pas de frais pour vous. Si nous parvenons a trouver le diamant de votre choix et que l affaire se fait vous paierez une commission pr\u00e9-convenue a YPDB d\u00e9pendant du montant que vous avez d\u00e9pens\u00e9. Ci-dessous la liste des bar\u00e8mes [&hellip;]","og_url":"https:\/\/yourprivatediamondbroker.com\/fr\/cost\/","og_site_name":"Your Private Diamond Broker","article_modified_time":"2018-09-17T13:13:50+00:00","og_image":[{"url":"http:\/\/yourprivatediamondbroker.com\/wp-content\/uploads\/2018\/06\/shutterstock_763046476.jpg","type":"","width":"","height":""}],"twitter_card":"summary_large_image","twitter_misc":{"Dur\u00e9e de lecture estim\u00e9e":"2 minutes"},"schema":{"@context":"https:\/\/schema.org","@graph":[{"@type":"WebPage","@id":"https:\/\/yourprivatediamondbroker.com\/fr\/cost\/","url":"https:\/\/yourprivatediamondbroker.com\/fr\/cost\/","name":"Cout - Your Private Diamond Broker","isPartOf":{"@id":"https:\/\/yourprivatediamondbroker.com\/#website"},"primaryImageOfPage":{"@id":"https:\/\/yourprivatediamondbroker.com\/fr\/cost\/#primaryimage"},"image":{"@id":"https:\/\/yourprivatediamondbroker.com\/fr\/cost\/#primaryimage"},"thumbnailUrl":"http:\/\/yourprivatediamondbroker.com\/wp-content\/uploads\/2018\/06\/shutterstock_763046476.jpg","datePublished":"2018-03-19T08:49:58+00:00","dateModified":"2018-09-17T13:13:50+00:00","breadcrumb":{"@id":"https:\/\/yourprivatediamondbroker.com\/fr\/cost\/#breadcrumb"},"inLanguage":"fr-FR","potentialAction":[{"@type":"ReadAction","target":["https:\/\/yourprivatediamondbroker.com\/fr\/cost\/"]}]},{"@type":"ImageObject","inLanguage":"fr-FR","@id":"https:\/\/yourprivatediamondbroker.com\/fr\/cost\/#primaryimage","url":"http:\/\/yourprivatediamondbroker.com\/wp-content\/uploads\/2018\/06\/shutterstock_763046476.jpg","contentUrl":"http:\/\/yourprivatediamondbroker.com\/wp-content\/uploads\/2018\/06\/shutterstock_763046476.jpg"},{"@type":"BreadcrumbList","@id":"https:\/\/yourprivatediamondbroker.com\/fr\/cost\/#breadcrumb","itemListElement":[{"@type":"ListItem","position":1,"name":"Home","item":"https:\/\/yourprivatediamondbroker.com\/fr\/"},{"@type":"ListItem","position":2,"name":"Cout"}]},{"@type":"WebSite","@id":"https:\/\/yourprivatediamondbroker.com\/#website","url":"https:\/\/yourprivatediamondbroker.com\/","name":"Your Private Diamond Broker","description":"Find the perfect diamond","potentialAction":[{"@type":"SearchAction","target":{"@type":"EntryPoint","urlTemplate":"https:\/\/yourprivatediamondbroker.com\/?s={search_term_string}"},"query-input":{"@type":"PropertyValueSpecification","valueRequired":true,"valueName":"search_term_string"}}],"inLanguage":"fr-FR"}]}},"_links":{"self":[{"href":"https:\/\/yourprivatediamondbroker.com\/fr\/wp-json\/wp\/v2\/pages\/366","targetHints":{"allow":["GET"]}}],"collection":[{"href":"https:\/\/yourprivatediamondbroker.com\/fr\/wp-json\/wp\/v2\/pages"}],"about":[{"href":"https:\/\/yourprivatediamondbroker.com\/fr\/wp-json\/wp\/v2\/types\/page"}],"author":[{"embeddable":true,"href":"https:\/\/yourprivatediamondbroker.com\/fr\/wp-json\/wp\/v2\/users\/1"}],"replies":[{"embeddable":true,"href":"https:\/\/yourprivatediamondbroker.com\/fr\/wp-json\/wp\/v2\/comments?post=366"}],"version-history":[{"count":5,"href":"https:\/\/yourprivatediamondbroker.com\/fr\/wp-json\/wp\/v2\/pages\/366\/revisions"}],"predecessor-version":[{"id":3269,"href":"https:\/\/yourprivatediamondbroker.com\/fr\/wp-json\/wp\/v2\/pages\/366\/revisions\/3269"}],"wp:attachment":[{"href":"https:\/\/yourprivatediamondbroker.com\/fr\/wp-json\/wp\/v2\/media?parent=366"}],"curies":[{"name":"wp","href":"https:\/\/api.w.org\/{rel}","templated":true}]}}